{"id":1184,"date":"2022-12-02T10:52:53","date_gmt":"2022-12-02T10:52:53","guid":{"rendered":"https:\/\/presspart.in-testing.co.uk\/impressum\/"},"modified":"2023-08-16T09:24:53","modified_gmt":"2023-08-16T09:24:53","slug":"impressum","status":"publish","type":"page","link":"https:\/\/presspart.com\/de\/impressum\/","title":{"rendered":"Impressum"},"content":{"rendered":"\n<style>\n  #inner-page-hero-block_a02ffa5e236b74300be34e70e7c6e3c8{\n    background-image: url('https:\/\/presspart.com\/wp-content\/uploads\/2022\/11\/Group-2371-1.png'); background-position: ;\n  }\n  \n  <\/style>\n\n<section id=\"inner-page-hero-block_a02ffa5e236b74300be34e70e7c6e3c8\" class=\"inner-page-hero overflow-hidden  h-[100vh] sm:h-[80vh] xl:h-screen md:max-h-[640px] smaller  bg-no-repeat bg-right  \">\n  <!-- <div class=\"bg-blau shape\"><\/div> -->\n  \n  <div class=\"shape-overlay flex absolute items-center left-[-40vw] lg-pro:-left-[30vw] top-[-95vh] lg-pro:top-[-31vh] 2xl:top-[-95vh] z-[20] w-[300vw] sm:w-[250vw] lg:w-[200vw] 2xl:w-[140vw] h-[220vh] 2xl:h-[300vh] pointer-events-none\">\n            <div class=\"blue-column bg-blau h-[300vh] flex-grow first:ml-0 ml-[-1px]\"><\/div>\n            <div class=\"blue-column bg-blau h-[300vh] flex-grow first:ml-0 ml-[-1px]\"><\/div>\n            <div class=\"blue-column bg-blau h-[300vh] flex-grow first:ml-0 ml-[-1px]\"><\/div>\n            <div class=\"blue-column bg-blau h-[300vh] flex-grow first:ml-0 ml-[-1px]\"><\/div>\n            <div class=\"blue-column bg-blau h-[300vh] flex-grow first:ml-0 ml-[-1px]\"><\/div>\n            <div class=\"blue-column bg-blau h-[300vh] flex-grow first:ml-0 ml-[-1px]\"><\/div>\n            <div class=\"blue-column bg-blau h-[300vh] flex-grow first:ml-0 ml-[-1px]\"><\/div>\n            <div class=\"blue-column bg-blau h-[300vh] flex-grow first:ml-0 ml-[-1px]\"><\/div>\n            <div class=\"blue-column bg-blau h-[300vh] flex-grow first:ml-0 ml-[-1px]\"><\/div>\n            <div class=\"blue-column bg-blau h-[300vh] flex-grow first:ml-0 ml-[-1px]\"><\/div>\n            <div class=\"blue-column bg-blau h-[300vh] flex-grow first:ml-0 ml-[-1px]\"><\/div>\n            <div class=\"blue-column bg-blau h-[300vh] flex-grow first:ml-0 ml-[-1px]\"><\/div>\n            <div class=\"blue-column bg-blau h-[300vh] flex-grow first:ml-0 ml-[-1px]\"><\/div>\n            <div class=\"blue-column bg-blau h-[300vh] flex-grow first:ml-0 ml-[-1px]\"><\/div>\n            <div class=\"blue-column bg-blau h-[300vh] flex-grow first:ml-0 ml-[-1px]\"><\/div>\n            <div class=\"blue-column bg-blau h-[300vh] flex-grow first:ml-0 ml-[-1px]\"><\/div>\n            <div class=\"blue-column bg-blau h-[300vh] flex-grow first:ml-0 ml-[-1px]\"><\/div>\n            <div class=\"blue-column bg-blau h-[300vh] flex-grow first:ml-0 ml-[-1px]\"><\/div>\n            <div class=\"blue-column bg-blau h-[300vh] flex-grow first:ml-0 ml-[-1px]\"><\/div>\n            <div class=\"blue-column bg-blau h-[300vh] flex-grow first:ml-0 ml-[-1px]\"><\/div>\n      <\/div>\n\n  <div class=\" flex h-full items-center mx-auto lg:container 2xl:max-w-screen-2xl w-full lg-pro:w-[calc(100%-80px)]\">\n    <h1 class=\"z-10 px-5 sm:px-10 xl:px-0 py-10 lg-pro:h-[unset] lg-pro:bg-[unset] text-35 md:text-l lg:text-70 2xl:text-xl leading-[1.11] w-screen lg-pro:w-[unset] font-medium text-white lg-pro:max-w-[825px]\">Impressum<\/h1>\n  <\/div>\n<\/section>\n\n\n\n<section id=\"legal-template-block_70fe5f4e88dda2a9b3ab96101088d8be\" class=\"legal-template\">\n  <div class=\"repeater py-16 md:py-36 md:pb-24\">\n          <div class=\"site-container flex flex-col container xl:max-w-[1080px] mx-auto  pb-14 md:pb-24\">\n        <h6 class=\"text-25 lg:text-35 leading-[1.1] mb-7\"><\/h6>\n                  <div class=\"wysywig md:text-22 leading-[1.25]\">\n            <p>Presspart Verwaltungs-GmbH, Am Meilenstein 8-19, D-34431 Marsberg, Germany<\/p>\n<p><strong>Telephone:<\/strong> +49 (0) 2991 9800<\/p>\n<p><strong>Email:<\/strong> marsberg@presspart.com<\/p>\n<p><strong>Managing Directors<\/strong>: Michael Dieste, Andreas Giebel, Christian Kraetzig &amp; J\u00f6rn Pickhardt<\/p>\n<p><strong>Registration court:<\/strong> AG Arnsberg<\/p>\n<p><strong>Registration number:<\/strong> HRB 2083<\/p>\n<p><strong>Company headquarters:<\/strong> Marsberg, Germany<\/p>\n<p><strong>VAT ID no.<\/strong> DE124283571<\/p>\n<p>Author and person responsible within the meaning of Section 55 (2) RStV:<\/p>\n<p>Presspart Verwaltungs-GmbH, Am Meilenstein 8-19, D-34431 Marsberg, Germany<\/p>\n          <\/div>\n                <div class=\"table border-black border-solid\">\n                  <\/div>\n      <\/div>\n            <div class=\"site-container flex flex-col container xl:max-w-[1080px] mx-auto  pb-14 md:pb-24\">\n        <h6 class=\"text-25 lg:text-35 leading-[1.1] mb-7\">Kontakt<\/h6>\n                  <div class=\"wysywig md:text-22 leading-[1.25]\">\n            <p>Chad Mayoh<br \/>\nE-Mail: blackburn@presspart.com<\/p>\n          <\/div>\n                <div class=\"table border-black border-solid\">\n                  <\/div>\n      <\/div>\n            <div class=\"site-container flex flex-col container xl:max-w-[1080px] mx-auto  pb-14 md:pb-24\">\n        <h6 class=\"text-25 lg:text-35 leading-[1.1] mb-7\">Haftungshinweis<\/h6>\n                  <div class=\"wysywig md:text-22 leading-[1.25]\">\n            <p>Trotz sorgf\u00e4ltiger inhaltlicher Kontrolle \u00fcbernehmen wir keine Haftung f\u00fcr die Inhalte externer Links. F\u00fcr den Inhalt dieser Seiten sind ausschlie\u00dflich deren Inhaber verantwortlich.<\/p>\n          <\/div>\n                <div class=\"table border-black border-solid\">\n                  <\/div>\n      <\/div>\n        <\/div>\n<\/section>\n\n\n\n<section id=\"contact-cta-block_325b96a13c6f81df234f76e9badc43bf\" class=\"contact-cta py-36 md:py-0 md:h-[829px]\" style=\"background-color: #44d5ee\">\n  <div class=\"site-container text-center flex flex-col items-center justify-center max-w-[950px] text-white mx-auto h-full\">\n    <h1 class=\"font-medium leading-[1.1] text-l lg:text-70 xl:text-xl mb-10\" data-aos=\"fade-up\">Lassen Sie uns zusammenarbeiten<\/h1>\n    <p class=\"text-22 md:text-25 lg:text-30  w-4\/5 mb-20 md:mb-11\" data-aos=\"fade-up\" data-aos-delay=\"300\">Wir w\u00fcrden gerne mehr \u00fcber Ihr Projekt erfahren<\/p>\n    <a href=\"https:\/\/presspart.com\/de\/kontakt\/\" target=\"\" class=\"btn-white-bg hover:after:bg-white leading-none text-25 hover:!text-white lg:text-30 text-center\" style=\"color: #44d5ee\">Kontaktieren Sie uns<\/a>\n  <\/div>\n<\/section>\n","protected":false},"excerpt":{"rendered":"","protected":false},"author":1,"featured_media":0,"parent":0,"menu_order":0,"comment_status":"closed","ping_status":"closed","template":"","meta":{"_acf_changed":false,"footnotes":""},"class_list":["post-1184","page","type-page","status-publish","hentry"],"acf":[],"yoast_head":"<!-- This site is optimized with the Yoast SEO plugin v27.0 - https:\/\/yoast.com\/product\/yoast-seo-wordpress\/ -->\n<title>Impressum | H&amp;T Presspart<\/title>\n<meta name=\"robots\" content=\"index, follow, max-snippet:-1, max-image-preview:large, max-video-preview:-1\" \/>\n<link rel=\"canonical\" href=\"https:\/\/presspart.com\/de\/impressum\/\" \/>\n<meta property=\"og:locale\" content=\"de_DE\" \/>\n<meta property=\"og:type\" content=\"article\" \/>\n<meta property=\"og:title\" content=\"Impressum | H&amp;T Presspart\" \/>\n<meta property=\"og:url\" content=\"https:\/\/presspart.com\/de\/impressum\/\" \/>\n<meta property=\"og:site_name\" content=\"H&amp;T Presspart\" \/>\n<meta property=\"article:modified_time\" content=\"2023-08-16T09:24:53+00:00\" \/>\n<meta name=\"twitter:card\" content=\"summary_large_image\" \/>\n<script type=\"application\/ld+json\" class=\"yoast-schema-graph\">{\"@context\":\"https:\/\/schema.org\",\"@graph\":[{\"@type\":\"WebPage\",\"@id\":\"https:\/\/presspart.com\/de\/impressum\/\",\"url\":\"https:\/\/presspart.com\/de\/impressum\/\",\"name\":\"Impressum | H&T Presspart\",\"isPartOf\":{\"@id\":\"https:\/\/presspart.com\/de\/#website\"},\"datePublished\":\"2022-12-02T10:52:53+00:00\",\"dateModified\":\"2023-08-16T09:24:53+00:00\",\"breadcrumb\":{\"@id\":\"https:\/\/presspart.com\/de\/impressum\/#breadcrumb\"},\"inLanguage\":\"de\",\"potentialAction\":[{\"@type\":\"ReadAction\",\"target\":[\"https:\/\/presspart.com\/de\/impressum\/\"]}]},{\"@type\":\"BreadcrumbList\",\"@id\":\"https:\/\/presspart.com\/de\/impressum\/#breadcrumb\",\"itemListElement\":[{\"@type\":\"ListItem\",\"position\":1,\"name\":\"Home\",\"item\":\"https:\/\/presspart.com\/de\/\"},{\"@type\":\"ListItem\",\"position\":2,\"name\":\"Impressum\"}]},{\"@type\":\"WebSite\",\"@id\":\"https:\/\/presspart.com\/de\/#website\",\"url\":\"https:\/\/presspart.com\/de\/\",\"name\":\"H&amp;T Presspart\",\"description\":\"\",\"potentialAction\":[{\"@type\":\"SearchAction\",\"target\":{\"@type\":\"EntryPoint\",\"urlTemplate\":\"https:\/\/presspart.com\/de\/?s={search_term_string}\"},\"query-input\":{\"@type\":\"PropertyValueSpecification\",\"valueRequired\":true,\"valueName\":\"search_term_string\"}}],\"inLanguage\":\"de\"}]}<\/script>\n<!-- \/ Yoast SEO plugin. -->","yoast_head_json":{"title":"Impressum | H&T Presspart","robots":{"index":"index","follow":"follow","max-snippet":"max-snippet:-1","max-image-preview":"max-image-preview:large","max-video-preview":"max-video-preview:-1"},"canonical":"https:\/\/presspart.com\/de\/impressum\/","og_locale":"de_DE","og_type":"article","og_title":"Impressum | H&T Presspart","og_url":"https:\/\/presspart.com\/de\/impressum\/","og_site_name":"H&amp;T Presspart","article_modified_time":"2023-08-16T09:24:53+00:00","twitter_card":"summary_large_image","schema":{"@context":"https:\/\/schema.org","@graph":[{"@type":"WebPage","@id":"https:\/\/presspart.com\/de\/impressum\/","url":"https:\/\/presspart.com\/de\/impressum\/","name":"Impressum | H&T Presspart","isPartOf":{"@id":"https:\/\/presspart.com\/de\/#website"},"datePublished":"2022-12-02T10:52:53+00:00","dateModified":"2023-08-16T09:24:53+00:00","breadcrumb":{"@id":"https:\/\/presspart.com\/de\/impressum\/#breadcrumb"},"inLanguage":"de","potentialAction":[{"@type":"ReadAction","target":["https:\/\/presspart.com\/de\/impressum\/"]}]},{"@type":"BreadcrumbList","@id":"https:\/\/presspart.com\/de\/impressum\/#breadcrumb","itemListElement":[{"@type":"ListItem","position":1,"name":"Home","item":"https:\/\/presspart.com\/de\/"},{"@type":"ListItem","position":2,"name":"Impressum"}]},{"@type":"WebSite","@id":"https:\/\/presspart.com\/de\/#website","url":"https:\/\/presspart.com\/de\/","name":"H&amp;T Presspart","description":"","potentialAction":[{"@type":"SearchAction","target":{"@type":"EntryPoint","urlTemplate":"https:\/\/presspart.com\/de\/?s={search_term_string}"},"query-input":{"@type":"PropertyValueSpecification","valueRequired":true,"valueName":"search_term_string"}}],"inLanguage":"de"}]}},"_links":{"self":[{"href":"https:\/\/presspart.com\/de\/wp-json\/wp\/v2\/pages\/1184","targetHints":{"allow":["GET"]}}],"collection":[{"href":"https:\/\/presspart.com\/de\/wp-json\/wp\/v2\/pages"}],"about":[{"href":"https:\/\/presspart.com\/de\/wp-json\/wp\/v2\/types\/page"}],"author":[{"embeddable":true,"href":"https:\/\/presspart.com\/de\/wp-json\/wp\/v2\/users\/1"}],"replies":[{"embeddable":true,"href":"https:\/\/presspart.com\/de\/wp-json\/wp\/v2\/comments?post=1184"}],"version-history":[{"count":9,"href":"https:\/\/presspart.com\/de\/wp-json\/wp\/v2\/pages\/1184\/revisions"}],"predecessor-version":[{"id":4314,"href":"https:\/\/presspart.com\/de\/wp-json\/wp\/v2\/pages\/1184\/revisions\/4314"}],"wp:attachment":[{"href":"https:\/\/presspart.com\/de\/wp-json\/wp\/v2\/media?parent=1184"}],"curies":[{"name":"wp","href":"https:\/\/api.w.org\/{rel}","templated":true}]}}