{"id":3704,"date":"2022-11-20T12:18:25","date_gmt":"2022-11-20T12:18:25","guid":{"rendered":"https:\/\/presspart.com\/services\/"},"modified":"2023-08-16T09:32:38","modified_gmt":"2023-08-16T09:32:38","slug":"dienstleistungen","status":"publish","type":"page","link":"https:\/\/presspart.com\/de\/dienstleistungen\/","title":{"rendered":"Services"},"content":{"rendered":"\n<style>\n  #inner-page-hero-block_7599cd3e4ce4011af7dce79f80850db0{\n    background-image: url('https:\/\/presspart.com\/wp-content\/uploads\/2023\/02\/Haeder-Sevices-003.png'); background-position: center;\n  }\n  \n      @media only screen and (max-width: 768px){\n      #inner-page-hero-block_7599cd3e4ce4011af7dce79f80850db0{\n        background-image: url('https:\/\/presspart.com\/wp-content\/uploads\/2023\/03\/Hero-Services.png');\n      }\n    }\n  <\/style>\n\n<section id=\"inner-page-hero-block_7599cd3e4ce4011af7dce79f80850db0\" class=\"inner-page-hero overflow-hidden  h-[100vh] xl:h-screen max-h-[1080px]  bg-no-repeat bg-right  \">\n  <!-- <div class=\"bg-light-blue shape\"><\/div> -->\n  \n  <div class=\"shape-overlay flex absolute items-center left-[-40vw] lg-pro:-left-[30vw] top-[-95vh] lg-pro:top-[-31vh] 2xl:top-[-95vh] z-[20] w-[300vw] sm:w-[250vw] lg:w-[200vw] 2xl:w-[140vw] h-[220vh] 2xl:h-[300vh] pointer-events-none\">\n            <div class=\"blue-column bg-light-blue h-[300vh] flex-grow first:ml-0 ml-[-1px]\"><\/div>\n            <div class=\"blue-column bg-light-blue h-[300vh] flex-grow first:ml-0 ml-[-1px]\"><\/div>\n            <div class=\"blue-column bg-light-blue h-[300vh] flex-grow first:ml-0 ml-[-1px]\"><\/div>\n            <div class=\"blue-column bg-light-blue h-[300vh] flex-grow first:ml-0 ml-[-1px]\"><\/div>\n            <div class=\"blue-column bg-light-blue h-[300vh] flex-grow first:ml-0 ml-[-1px]\"><\/div>\n            <div class=\"blue-column bg-light-blue h-[300vh] flex-grow first:ml-0 ml-[-1px]\"><\/div>\n            <div class=\"blue-column bg-light-blue h-[300vh] flex-grow first:ml-0 ml-[-1px]\"><\/div>\n            <div class=\"blue-column bg-light-blue h-[300vh] flex-grow first:ml-0 ml-[-1px]\"><\/div>\n            <div class=\"blue-column bg-light-blue h-[300vh] flex-grow first:ml-0 ml-[-1px]\"><\/div>\n            <div class=\"blue-column bg-light-blue h-[300vh] flex-grow first:ml-0 ml-[-1px]\"><\/div>\n            <div class=\"blue-column bg-light-blue h-[300vh] flex-grow first:ml-0 ml-[-1px]\"><\/div>\n            <div class=\"blue-column bg-light-blue h-[300vh] flex-grow first:ml-0 ml-[-1px]\"><\/div>\n            <div class=\"blue-column bg-light-blue h-[300vh] flex-grow first:ml-0 ml-[-1px]\"><\/div>\n            <div class=\"blue-column bg-light-blue h-[300vh] flex-grow first:ml-0 ml-[-1px]\"><\/div>\n            <div class=\"blue-column bg-light-blue h-[300vh] flex-grow first:ml-0 ml-[-1px]\"><\/div>\n            <div class=\"blue-column bg-light-blue h-[300vh] flex-grow first:ml-0 ml-[-1px]\"><\/div>\n            <div class=\"blue-column bg-light-blue h-[300vh] flex-grow first:ml-0 ml-[-1px]\"><\/div>\n            <div class=\"blue-column bg-light-blue h-[300vh] flex-grow first:ml-0 ml-[-1px]\"><\/div>\n            <div class=\"blue-column bg-light-blue h-[300vh] flex-grow first:ml-0 ml-[-1px]\"><\/div>\n            <div class=\"blue-column bg-light-blue h-[300vh] flex-grow first:ml-0 ml-[-1px]\"><\/div>\n      <\/div>\n\n  <div class=\" flex h-full items-center mx-auto lg:container 2xl:max-w-screen-2xl w-full lg-pro:w-[calc(100%-80px)]\">\n    <h1 class=\"z-10 px-5 sm:px-10 xl:px-0 py-10 lg-pro:h-[unset] lg-pro:bg-[unset] text-35 md:text-l lg:text-70 2xl:text-xl leading-[1.11] w-screen lg-pro:w-[unset] font-medium text-white lg-pro:max-w-[825px]\">Dienstleistungen<\/h1>\n  <\/div>\n<\/section>\n\n\n\n<section id=\"two-col-text-block_6e34744ce3a0a89187e74f3bc7ab1c2c\" class=\"two-col-text\" style=\"background-color: #121f4a\">\n  <div class=\"site-container grid lg:grid-cols-2 gap-5 md:gap-10 container mx-auto py-24 md:py-40\">\n    <div class=\"left-section\">\n              <h1 class=\"text-light-blue leading-[1.1] font-medium 2xl:mr-20 text-25 md:text-35 lg:text-50\" data-aos=\"fade-up\">Wir bringen Ihr Produkt auf den Markt<\/h1>\n          <\/div>\n    <div class=\"right-section text-white text-18 md:text-md xl-medium:text-26 leading-[1.25]\">\n              <div class=\"wysywig \" data-aos=\"fade-up\" data-aos-delay=\"400\">\n          <p>Als Partner in jeder Phase des Entwicklungsprozesses stimmen wir unsere Dienstleistungen auf die individuellen Anforderungen jedes Projekts ab.<\/p>\n<p>Von der Ideenfindung \u00fcber das Produktdesign und die Definition des Herstellungsprozesses bis hin zur Validierung bringen wir Ihre Ideen oder Konzepte f\u00fcr Medikamentenverabreichungsger\u00e4te zur Marktreife.<\/p>\n<p>Wir unterst\u00fctzen Sie von geringen St\u00fcckzahlen und klinischen Chargen mit innovativen und flexiblen Fertigungskonzepten bis hin zur hochautomatisierten Gro\u00dfserienfertigung.<\/p>\n<p>Unsere eng zusammenarbeitenden Teams arbeiten mit klar definierten Entwicklungs-, Risikomanagement- und Regulierungsprozessen und gew\u00e4hrleisten einen nahtlosen \u00dcbergang von der Entwicklung zur Herstellung.<\/p>\n        <\/div>\n      \n          <\/div>\n  <\/div>\n<\/section>\n\n\n\n\n<section id=\"\" class=\"two-column-text-image\" style=\"background-color: \">\n  <div class=\"site-container grid lg-pro:grid-cols-2 !w-full mx-auto\">\n    <div class=\"text flex flex-col justify-center items-center mx-auto row-start-2 lg-pro:row-start-[unset] lg-pro:col-start-2  pb-20 pt-10 lg-pro:py-10\">\n      <h3 class=\"text-35 w-[calc(100vw-42px)] sm:w-4\/5 lg-pro:text-50 leading-[1.1] font-medium mb-[30px] lg-pro:mb-14\" data-aos=\"fade-up\">Konzept und Machbarkeit<\/h3>\n      <div class=\"wysywig w-[calc(100vw-42px)] sm:w-4\/5 text-18 lg-pro:text-22 leading-[1.25]\" data-aos=\"fade-up\" data-aos-delay=\"300\">\n        <p><strong>Jedes Produkt beginnt mit einer Idee. Wir arbeiten mit Ihnen zusammen, um aus Ideen und Konzepten benutzerfreundliche und nachhaltige Medikamentenverabreichungsger\u00e4te zu entwickeln.<\/strong><\/p>\n<p>Unsere Teams optimieren Ihr Design, um die Funktionalit\u00e4t und Herstellbarkeit des Ger\u00e4ts zu gew\u00e4hrleisten. Dazu geh\u00f6ren beispielsweise Simulationen der numerischen Str\u00f6mungsmechanik (CFD) oder die Finite-Elemente-Methode (FEM) zur Analyse der mechanischen Beanspruchung.<\/p>\n<p>Dar\u00fcber hinaus wird jedes Spritzgussteil mit Moldflow-Simulationen<br \/>\nanalysiert, um Materialansammlungen zu vermeiden und das beste Werkzeuglayout zu bestimmen. Wir unterst\u00fctzen auch bei der Materialauswahl, indem wir die Produktanforderungen und deren Verarbeitbarkeit bewerten.<\/p>\n      <\/div>\n                <\/div>\n    <div class=\"image-container col-start-1 w-full h-full lg-pro:row-start-1 \">\n      <img decoding=\"async\" class=\"w-full h-full object-cover max-h-[315px] sm:max-h-[400px] lg:max-h-[unset]\" src=\"https:\/\/presspart.com\/wp-content\/uploads\/2022\/11\/NPDC-17-2.png \" alt=\"\">\n    <\/div>\n  <\/div>\n<\/section>\n\n\n\n\n<section id=\"\" class=\"two-column-text-image\" style=\"background-color: \">\n  <div class=\"site-container grid lg-pro:grid-cols-2 !w-full mx-auto\">\n    <div class=\"text flex flex-col justify-center items-center mx-auto row-start-2 lg-pro:row-start-[unset] lg-pro:col-start-2 !col-start-1 pb-20 pt-10 lg-pro:py-10\">\n      <h3 class=\"text-35 w-[calc(100vw-42px)] sm:w-4\/5 lg-pro:text-50 leading-[1.1] font-medium mb-[30px] lg-pro:mb-14\" data-aos=\"fade-up\">Prototypen und Tests <\/h3>\n      <div class=\"wysywig w-[calc(100vw-42px)] sm:w-4\/5 text-18 lg-pro:text-22 leading-[1.25]\" data-aos=\"fade-up\" data-aos-delay=\"300\">\n        <p>Wir unterst\u00fctzen die Entwicklung Ihres Produkts durch die Erstellung von Mustern in allen Projektphasen. In der Fr\u00fchphase liefern die mit Rapid-Prototyping-Technologien erstellten Muster wertvolle Informationen f\u00fcr die Konzeptbewertung.<\/p>\n<p>Im weiteren Verlauf der Entwicklung geben Muster die Eigenschaften des Ger\u00e4ts genauer wieder. Sie werden in Originalwerkstoffen mit repr\u00e4sentativen Produktionsverfahren hergestellt und k\u00f6nnen auf die verschiedenen Funktionen des Produkts getestet werden, um es vollst\u00e4ndig zu charakterisieren und einen datengest\u00fctzten Design Freeze zu erm\u00f6glichen.<\/p>\n<p>Wir k\u00f6nnen Sie auch bei der Designverifizierung unterst\u00fctzen, sobald die ersten Produktionsmuster verf\u00fcgbar sind, um die \u00dcbereinstimmung mit den Design-Input-Anforderungen und den geltenden gesetzlichen Normen zu \u00fcberpr\u00fcfen.<\/p>\n      <\/div>\n                <\/div>\n    <div class=\"image-container col-start-1 w-full h-full lg-pro:row-start-1 lg-pro:col-start-2\">\n      <img decoding=\"async\" class=\"w-full h-full object-cover max-h-[315px] sm:max-h-[400px] lg:max-h-[unset]\" src=\"https:\/\/presspart.com\/wp-content\/uploads\/2022\/11\/NPDC-1-2.png \" alt=\"\">\n    <\/div>\n  <\/div>\n<\/section>\n\n\n\n\n<section id=\"\" class=\"two-column-text-image\" style=\"background-color: \">\n  <div class=\"site-container grid lg-pro:grid-cols-2 !w-full mx-auto\">\n    <div class=\"text flex flex-col justify-center items-center mx-auto row-start-2 lg-pro:row-start-[unset] lg-pro:col-start-2  pb-20 pt-10 lg-pro:py-10\">\n      <h3 class=\"text-35 w-[calc(100vw-42px)] sm:w-4\/5 lg-pro:text-50 leading-[1.1] font-medium mb-[30px] lg-pro:mb-14\" data-aos=\"fade-up\">Design f\u00fcr die Fertigung <\/h3>\n      <div class=\"wysywig w-[calc(100vw-42px)] sm:w-4\/5 text-18 lg-pro:text-22 leading-[1.25]\" data-aos=\"fade-up\" data-aos-delay=\"300\">\n        <p>Wir entwickeln Ger\u00e4te mit dem Ziel, sie in hohen St\u00fcckzahlen zu produzieren. Das treibt uns an, ein m\u00f6glichst robustes und herstellbares Design zu entwickeln, um kostspielige Entwicklungsschleifen im sp\u00e4teren Verlauf des Entwicklungsprozesses zu vermeiden.<\/p>\n<p>Da die Fertigung im Mittelpunkt unseres Gesch\u00e4fts steht, sind wir Experten f\u00fcr Design for Manufacturing (DFM) und Design for Assembly (DFA), und dies ist in all unseren Programmen ein besonderer Schwerpunkt.<\/p>\n      <\/div>\n                <\/div>\n    <div class=\"image-container col-start-1 w-full h-full lg-pro:row-start-1 \">\n      <img decoding=\"async\" class=\"w-full h-full object-cover max-h-[315px] sm:max-h-[400px] lg:max-h-[unset]\" src=\"https:\/\/presspart.com\/wp-content\/uploads\/2023\/01\/Design-for-manufacruring.png \" alt=\"\">\n    <\/div>\n  <\/div>\n<\/section>\n\n\n\n\n<section id=\"\" class=\"two-column-text-image\" style=\"background-color: \">\n  <div class=\"site-container grid lg-pro:grid-cols-2 !w-full mx-auto\">\n    <div class=\"text flex flex-col justify-center items-center mx-auto row-start-2 lg-pro:row-start-[unset] lg-pro:col-start-2 !col-start-1 pb-20 pt-10 lg-pro:py-10\">\n      <h3 class=\"text-35 w-[calc(100vw-42px)] sm:w-4\/5 lg-pro:text-50 leading-[1.1] font-medium mb-[30px] lg-pro:mb-14\" data-aos=\"fade-up\">Kleinserien und Pilotphase <\/h3>\n      <div class=\"wysywig w-[calc(100vw-42px)] sm:w-4\/5 text-18 lg-pro:text-22 leading-[1.25]\" data-aos=\"fade-up\" data-aos-delay=\"300\">\n        <p>Sobald das Produktdesign den Design Freeze erreicht hat, gehen wir dazu \u00fcber, eine validierte Kleinserien-Produktionszelle einzurichten. In Zusammenarbeit mit den am besten geeigneten Lieferanten und unter Verwendung der in der Produktdesignphase ausgew\u00e4hlten Technologien entwickeln wir Pilotwerkzeuge, halbautomatische Montagekonzepte und erstellen Messpl\u00e4ne.<\/p>\n<p>Auf diese Weise k\u00f6nnen wir Ihr Ger\u00e4t schnell in die Kleinserienfertigung \u00fcberf\u00fchren, um kleine Mengen f\u00fcr Muster, klinische Versuche und Teile nach Ihren Anforderungen zu liefern.<\/p>\n      <\/div>\n                <\/div>\n    <div class=\"image-container col-start-1 w-full h-full lg-pro:row-start-1 lg-pro:col-start-2\">\n      <img decoding=\"async\" class=\"w-full h-full object-cover max-h-[315px] sm:max-h-[400px] lg:max-h-[unset]\" src=\"https:\/\/presspart.com\/wp-content\/uploads\/2023\/01\/Services-Multi-component-Assembly.png \" alt=\"\">\n    <\/div>\n  <\/div>\n<\/section>\n\n\n\n\n<section id=\"\" class=\"two-column-text-image\" style=\"background-color: \">\n  <div class=\"site-container grid lg-pro:grid-cols-2 !w-full mx-auto\">\n    <div class=\"text flex flex-col justify-center items-center mx-auto row-start-2 lg-pro:row-start-[unset] lg-pro:col-start-2  pb-20 pt-10 lg-pro:py-10\">\n      <h3 class=\"text-35 w-[calc(100vw-42px)] sm:w-4\/5 lg-pro:text-50 leading-[1.1] font-medium mb-[30px] lg-pro:mb-14\" data-aos=\"fade-up\">Industrialisierung<\/h3>\n      <div class=\"wysywig w-[calc(100vw-42px)] sm:w-4\/5 text-18 lg-pro:text-22 leading-[1.25]\" data-aos=\"fade-up\" data-aos-delay=\"300\">\n        <p>In Vorbereitung auf die Serienproduktion entwickeln wir Spritzgie\u00dfwerkzeuge mit hoher Kavit\u00e4t und Automatisierungskonzepte und f\u00fchren wichtige Wertstromdesigns durch, um m\u00f6glichst schlanke und effiziente Prozesse zu gew\u00e4hrleisten. Unsere Teams richten die endg\u00fcltige Lieferkette ein und entwickeln Pl\u00e4ne f\u00fcr die Gesch\u00e4ftskontinuit\u00e4t &#8211; und dann geht es an die Produktion!<\/p>\n      <\/div>\n                <\/div>\n    <div class=\"image-container col-start-1 w-full h-full lg-pro:row-start-1 \">\n      <img decoding=\"async\" class=\"w-full h-full object-cover max-h-[315px] sm:max-h-[400px] lg:max-h-[unset]\" src=\"https:\/\/presspart.com\/wp-content\/uploads\/2022\/11\/Presspart-Production-Detail-Avamys-Injection-Molding-1-Adele-Marschner-not-processed-v1-2.png \" alt=\"\">\n    <\/div>\n  <\/div>\n<\/section>\n\n\n\n<section id=\"quote-block_95a5f65cb960efe857314c3230e4a609\" class=\"quote h-[673px] sm:h-[68vh] md:h-screen\" style=\"background-color: #44d5ee\">\n  <div id=\"shape-one\" class=\"shape-overlay one shape-one\" ><\/div>\n  <div id=\"shape-two\" class=\"shape-overlay two shape-two\" ><\/div>\n  <div class=\"site-container flex h-full w-full items-center justify-center mx-auto\">\n    <div class=\"wysywig text-30 md:text-40 lg:text-md-large 2xl:text-[54px] leading-normal font-medium text-center text-white max-w-[1144px] w-[100vw-40px] z-10 py-12\">\n      <p>&#8222;In unserer langj\u00e4hrigen Partnerschaft mit H&amp;T Presspart sch\u00e4tzen wir den hervorragenden Kundenservice und die kurzen Reaktionszeiten, die besonders bei unseren neuen Produktentwicklungen von gro\u00dfer Bedeutung sind.&#8220;<\/p>\n<h6><small class=\"\">R&amp;D Regulatory Affairs Manager, Aldo Union<\/small><\/h6>\n    <\/div>\n  <\/div>\n<\/section>\n\n\n\n\n<section id=\"\" class=\"two-column-text-image\" style=\"background-color: \">\n  <div class=\"site-container grid lg-pro:grid-cols-2 !w-full mx-auto\">\n    <div class=\"text flex flex-col justify-center items-center mx-auto row-start-2 lg-pro:row-start-[unset] lg-pro:col-start-2 !col-start-1 pb-20 pt-10 lg-pro:py-10\">\n      <h3 class=\"text-35 w-[calc(100vw-42px)] sm:w-4\/5 lg-pro:text-50 leading-[1.1] font-medium mb-[30px] lg-pro:mb-14\" data-aos=\"fade-up\">Programm Management<\/h3>\n      <div class=\"wysywig w-[calc(100vw-42px)] sm:w-4\/5 text-18 lg-pro:text-22 leading-[1.25]\" data-aos=\"fade-up\" data-aos-delay=\"300\">\n        <p>Jeder Kunde und jedes Projekt ist einzigartig. Wir managen jeden Aspekt unserer Projekte nach dem Stage-Gate-Verfahren, entwickeln Risikomanagementpl\u00e4ne und f\u00fchren Entwurfspr\u00fcfungen durch. Unsere engagierten Projektmanager stimmen jedes Projekt auf die Bed\u00fcrfnisse unserer Kunden ab, um sicherzustellen, dass wir gemeinsam das beste Ergebnis erzielen.<\/p>\n      <\/div>\n                <\/div>\n    <div class=\"image-container col-start-1 w-full h-full lg-pro:row-start-1 lg-pro:col-start-2\">\n      <img decoding=\"async\" class=\"w-full h-full object-cover max-h-[315px] sm:max-h-[400px] lg:max-h-[unset]\" src=\"https:\/\/presspart.com\/wp-content\/uploads\/2023\/01\/Services-Program-Management.png \" alt=\"\">\n    <\/div>\n  <\/div>\n<\/section>\n\n\n\n\n<section id=\"\" class=\"two-column-text-image\" style=\"background-color: \">\n  <div class=\"site-container grid lg-pro:grid-cols-2 !w-full mx-auto\">\n    <div class=\"text flex flex-col justify-center items-center mx-auto row-start-2 lg-pro:row-start-[unset] lg-pro:col-start-2  pb-20 pt-10 lg-pro:py-10\">\n      <h3 class=\"text-35 w-[calc(100vw-42px)] sm:w-4\/5 lg-pro:text-50 leading-[1.1] font-medium mb-[30px] lg-pro:mb-14\" data-aos=\"fade-up\">Analytische Dienstleistungen<\/h3>\n      <div class=\"wysywig w-[calc(100vw-42px)] sm:w-4\/5 text-18 lg-pro:text-22 leading-[1.25]\" data-aos=\"fade-up\" data-aos-delay=\"300\">\n        <p>In Kombination mit unseren Produktdesign- und Entwicklungsdienstleistungen bieten wir unseren Kunden umfassende analytische Dienstleistungen zur Optimierung der in-vitro Leistung von Dosier- und Trockenpulverinhalatoren.<\/p>\n<p>Unsere Teams verf\u00fcgen \u00fcber langj\u00e4hrige Erfahrung in der Markteinf\u00fchrung hochkomplexer Inhalatoren. Wir verstehen die Wechselwirkung zwischen Ger\u00e4tekomponenten und Formulierungen und k\u00f6nnen Kundenprogramme durch kleinere Designspaces und minimierte Entwicklungszyklen beschleunigen.<\/p>\n      <\/div>\n                <\/div>\n    <div class=\"image-container col-start-1 w-full h-full lg-pro:row-start-1 \">\n      <img decoding=\"async\" class=\"w-full h-full object-cover max-h-[315px] sm:max-h-[400px] lg:max-h-[unset]\" src=\"https:\/\/presspart.com\/wp-content\/uploads\/2023\/01\/Services-Analytical.png \" alt=\"\">\n    <\/div>\n  <\/div>\n<\/section>\n\n\n\n\n<section id=\"\" class=\"two-column-text-image\" style=\"background-color: \">\n  <div class=\"site-container grid lg-pro:grid-cols-2 !w-full mx-auto\">\n    <div class=\"text flex flex-col justify-center items-center mx-auto row-start-2 lg-pro:row-start-[unset] lg-pro:col-start-2 !col-start-1 pb-20 pt-10 lg-pro:py-10\">\n      <h3 class=\"text-35 w-[calc(100vw-42px)] sm:w-4\/5 lg-pro:text-50 leading-[1.1] font-medium mb-[30px] lg-pro:mb-14\" data-aos=\"fade-up\">Intelligente L\u00f6sungen <\/h3>\n      <div class=\"wysywig w-[calc(100vw-42px)] sm:w-4\/5 text-18 lg-pro:text-22 leading-[1.25]\" data-aos=\"fade-up\" data-aos-delay=\"300\">\n        <p>Da die Digitalisierung im Gesundheitswesen immer schneller voranschreitet und die Patienten eine proaktivere Rolle bei der Verwaltung ihrer Behandlungen spielen m\u00f6chten, unterst\u00fctzt Sie unser Team bei der Entwicklung integrierter, vernetzter Technologien, um den Patienten intelligente L\u00f6sungen zur \u00dcberwachung der Therapietreue und der korrekten Verwendung des Ger\u00e4ts im kommerziellen oder klinischen Umfeld anzubieten.<\/p>\n<p>Sprechen Sie mit uns \u00fcber Ihre Anforderungen f\u00fcr die Entwicklung spezifischer L\u00f6sungen im Bereich der vernetzten Gesundheit.<\/p>\n      <\/div>\n                <\/div>\n    <div class=\"image-container col-start-1 w-full h-full lg-pro:row-start-1 lg-pro:col-start-2\">\n      <img decoding=\"async\" class=\"w-full h-full object-cover max-h-[315px] sm:max-h-[400px] lg:max-h-[unset]\" src=\"https:\/\/presspart.com\/wp-content\/uploads\/2022\/11\/NPDC-8.png \" alt=\"\">\n    <\/div>\n  <\/div>\n<\/section>\n\n\n\n\n<section id=\"\" class=\"two-column-text-image\" style=\"background-color: \">\n  <div class=\"site-container grid lg-pro:grid-cols-2 !w-full mx-auto\">\n    <div class=\"text flex flex-col justify-center items-center mx-auto row-start-2 lg-pro:row-start-[unset] lg-pro:col-start-2  pb-20 pt-10 lg-pro:py-10\">\n      <h3 class=\"text-35 w-[calc(100vw-42px)] sm:w-4\/5 lg-pro:text-50 leading-[1.1] font-medium mb-[30px] lg-pro:mb-14\" data-aos=\"fade-up\">Regulatorische Unterst\u00fctzung<\/h3>\n      <div class=\"wysywig w-[calc(100vw-42px)] sm:w-4\/5 text-18 lg-pro:text-22 leading-[1.25]\" data-aos=\"fade-up\" data-aos-delay=\"300\">\n        <p>Wir unterst\u00fctzen Sie mit einem umfassenden regulatorischen Service, damit Sie die Einreichungsunterlagen f\u00fcr Ihr Produkt erfolgreich vorbereiten k\u00f6nnen, um die Zulassung auf allen wichtigen globalen M\u00e4rkten zu erhalten. Als Lieferant von Komponenten und Baugruppen f\u00fcr Medizin- und Kombinationsprodukte verf\u00fcgen wir \u00fcber eine Reihe von Drug Master Files (DMFs) f\u00fcr unser Standardproduktportfolio.<\/p>\n      <\/div>\n                <\/div>\n    <div class=\"image-container col-start-1 w-full h-full lg-pro:row-start-1 \">\n      <img decoding=\"async\" class=\"w-full h-full object-cover max-h-[315px] sm:max-h-[400px] lg:max-h-[unset]\" src=\"https:\/\/presspart.com\/wp-content\/uploads\/2023\/01\/Services-Regulatory-Support.png \" alt=\"\">\n    <\/div>\n  <\/div>\n<\/section>\n\n\n\n<section id=\"contact-cta-block_747a971210fcd48065c795a81be61893\" class=\"contact-cta py-36 md:py-0 md:h-[829px]\" style=\"background-color: #44d5ee\">\n  <div class=\"site-container text-center flex flex-col items-center justify-center max-w-[950px] text-white mx-auto h-full\">\n    <h1 class=\"font-medium leading-[1.1] text-l lg:text-70 xl:text-xl mb-10\" data-aos=\"fade-up\">Lassen Sie uns zusammenarbeiten<\/h1>\n    <p class=\"text-22 md:text-25 lg:text-30  w-4\/5 mb-20 md:mb-11\" data-aos=\"fade-up\" data-aos-delay=\"300\">Wir w\u00fcrden gerne mehr \u00fcber Ihr Projekt erfahren<\/p>\n    <a href=\"https:\/\/presspart.com\/de\/kontakt\/\" target=\"\" class=\"btn-white-bg hover:after:bg-white leading-none text-25 hover:!text-white lg:text-30 text-center\" style=\"color: #44d5ee\">Kontaktieren Sie uns<\/a>\n  <\/div>\n<\/section>\n","protected":false},"excerpt":{"rendered":"","protected":false},"author":1,"featured_media":0,"parent":0,"menu_order":0,"comment_status":"closed","ping_status":"closed","template":"","meta":{"_acf_changed":false,"footnotes":""},"class_list":["post-3704","page","type-page","status-publish","hentry"],"acf":[],"yoast_head":"<!-- This site is optimized with the Yoast SEO plugin v27.0 - https:\/\/yoast.com\/product\/yoast-seo-wordpress\/ -->\n<title>Dienstleistungen | H&amp;T Presspart<\/title>\n<meta name=\"robots\" content=\"index, follow, max-snippet:-1, max-image-preview:large, max-video-preview:-1\" \/>\n<link rel=\"canonical\" href=\"https:\/\/presspart.com\/de\/dienstleistungen\/\" \/>\n<meta property=\"og:locale\" content=\"de_DE\" \/>\n<meta property=\"og:type\" content=\"article\" \/>\n<meta property=\"og:title\" content=\"Dienstleistungen | H&amp;T Presspart\" \/>\n<meta property=\"og:url\" content=\"https:\/\/presspart.com\/de\/dienstleistungen\/\" \/>\n<meta property=\"og:site_name\" content=\"H&amp;T Presspart\" \/>\n<meta property=\"article:modified_time\" content=\"2023-08-16T09:32:38+00:00\" \/>\n<meta name=\"twitter:card\" content=\"summary_large_image\" \/>\n<script type=\"application\/ld+json\" class=\"yoast-schema-graph\">{\"@context\":\"https:\/\/schema.org\",\"@graph\":[{\"@type\":\"WebPage\",\"@id\":\"https:\/\/presspart.com\/de\/dienstleistungen\/\",\"url\":\"https:\/\/presspart.com\/de\/dienstleistungen\/\",\"name\":\"Dienstleistungen | H&T Presspart\",\"isPartOf\":{\"@id\":\"https:\/\/presspart.com\/de\/#website\"},\"datePublished\":\"2022-11-20T12:18:25+00:00\",\"dateModified\":\"2023-08-16T09:32:38+00:00\",\"breadcrumb\":{\"@id\":\"https:\/\/presspart.com\/de\/dienstleistungen\/#breadcrumb\"},\"inLanguage\":\"de\",\"potentialAction\":[{\"@type\":\"ReadAction\",\"target\":[\"https:\/\/presspart.com\/de\/dienstleistungen\/\"]}]},{\"@type\":\"BreadcrumbList\",\"@id\":\"https:\/\/presspart.com\/de\/dienstleistungen\/#breadcrumb\",\"itemListElement\":[{\"@type\":\"ListItem\",\"position\":1,\"name\":\"Home\",\"item\":\"https:\/\/presspart.com\/de\/\"},{\"@type\":\"ListItem\",\"position\":2,\"name\":\"Services\"}]},{\"@type\":\"WebSite\",\"@id\":\"https:\/\/presspart.com\/de\/#website\",\"url\":\"https:\/\/presspart.com\/de\/\",\"name\":\"H&amp;T Presspart\",\"description\":\"\",\"potentialAction\":[{\"@type\":\"SearchAction\",\"target\":{\"@type\":\"EntryPoint\",\"urlTemplate\":\"https:\/\/presspart.com\/de\/?s={search_term_string}\"},\"query-input\":{\"@type\":\"PropertyValueSpecification\",\"valueRequired\":true,\"valueName\":\"search_term_string\"}}],\"inLanguage\":\"de\"}]}<\/script>\n<!-- \/ Yoast SEO plugin. -->","yoast_head_json":{"title":"Dienstleistungen | H&T Presspart","robots":{"index":"index","follow":"follow","max-snippet":"max-snippet:-1","max-image-preview":"max-image-preview:large","max-video-preview":"max-video-preview:-1"},"canonical":"https:\/\/presspart.com\/de\/dienstleistungen\/","og_locale":"de_DE","og_type":"article","og_title":"Dienstleistungen | H&T Presspart","og_url":"https:\/\/presspart.com\/de\/dienstleistungen\/","og_site_name":"H&amp;T Presspart","article_modified_time":"2023-08-16T09:32:38+00:00","twitter_card":"summary_large_image","schema":{"@context":"https:\/\/schema.org","@graph":[{"@type":"WebPage","@id":"https:\/\/presspart.com\/de\/dienstleistungen\/","url":"https:\/\/presspart.com\/de\/dienstleistungen\/","name":"Dienstleistungen | H&T Presspart","isPartOf":{"@id":"https:\/\/presspart.com\/de\/#website"},"datePublished":"2022-11-20T12:18:25+00:00","dateModified":"2023-08-16T09:32:38+00:00","breadcrumb":{"@id":"https:\/\/presspart.com\/de\/dienstleistungen\/#breadcrumb"},"inLanguage":"de","potentialAction":[{"@type":"ReadAction","target":["https:\/\/presspart.com\/de\/dienstleistungen\/"]}]},{"@type":"BreadcrumbList","@id":"https:\/\/presspart.com\/de\/dienstleistungen\/#breadcrumb","itemListElement":[{"@type":"ListItem","position":1,"name":"Home","item":"https:\/\/presspart.com\/de\/"},{"@type":"ListItem","position":2,"name":"Services"}]},{"@type":"WebSite","@id":"https:\/\/presspart.com\/de\/#website","url":"https:\/\/presspart.com\/de\/","name":"H&amp;T Presspart","description":"","potentialAction":[{"@type":"SearchAction","target":{"@type":"EntryPoint","urlTemplate":"https:\/\/presspart.com\/de\/?s={search_term_string}"},"query-input":{"@type":"PropertyValueSpecification","valueRequired":true,"valueName":"search_term_string"}}],"inLanguage":"de"}]}},"_links":{"self":[{"href":"https:\/\/presspart.com\/de\/wp-json\/wp\/v2\/pages\/3704","targetHints":{"allow":["GET"]}}],"collection":[{"href":"https:\/\/presspart.com\/de\/wp-json\/wp\/v2\/pages"}],"about":[{"href":"https:\/\/presspart.com\/de\/wp-json\/wp\/v2\/types\/page"}],"author":[{"embeddable":true,"href":"https:\/\/presspart.com\/de\/wp-json\/wp\/v2\/users\/1"}],"replies":[{"embeddable":true,"href":"https:\/\/presspart.com\/de\/wp-json\/wp\/v2\/comments?post=3704"}],"version-history":[{"count":7,"href":"https:\/\/presspart.com\/de\/wp-json\/wp\/v2\/pages\/3704\/revisions"}],"predecessor-version":[{"id":4333,"href":"https:\/\/presspart.com\/de\/wp-json\/wp\/v2\/pages\/3704\/revisions\/4333"}],"wp:attachment":[{"href":"https:\/\/presspart.com\/de\/wp-json\/wp\/v2\/media?parent=3704"}],"curies":[{"name":"wp","href":"https:\/\/api.w.org\/{rel}","templated":true}]}}