{"id":3708,"date":"2022-11-20T12:18:49","date_gmt":"2022-11-20T12:18:49","guid":{"rendered":"https:\/\/presspart.com\/technologies\/"},"modified":"2025-10-08T11:08:40","modified_gmt":"2025-10-08T11:08:40","slug":"technologien","status":"publish","type":"page","link":"https:\/\/presspart.com\/de\/technologien\/","title":{"rendered":"Technologies"},"content":{"rendered":"\n<style>\n  #inner-page-hero-block_2ee1f25f6b91fd7d218a0dd41c861934{\n    background-image: url('https:\/\/presspart.com\/wp-content\/uploads\/2023\/01\/Header-Technologies.png'); background-position: center;\n  }\n  \n      @media only screen and (max-width: 768px){\n      #inner-page-hero-block_2ee1f25f6b91fd7d218a0dd41c861934{\n        background-image: url('https:\/\/presspart.com\/wp-content\/uploads\/2023\/03\/Hero-Technologies.png');\n      }\n    }\n  <\/style>\n\n<section id=\"inner-page-hero-block_2ee1f25f6b91fd7d218a0dd41c861934\" class=\"inner-page-hero overflow-hidden  h-[100vh] xl:h-screen max-h-[1080px]  bg-no-repeat bg-right  \">\n  <!-- <div class=\"bg-purple shape\"><\/div> -->\n  \n  <div class=\"shape-overlay flex absolute items-center left-[-40vw] lg-pro:-left-[30vw] top-[-95vh] lg-pro:top-[-31vh] 2xl:top-[-95vh] z-[20] w-[300vw] sm:w-[250vw] lg:w-[200vw] 2xl:w-[140vw] h-[220vh] 2xl:h-[300vh] pointer-events-none\">\n            <div class=\"blue-column bg-purple h-[300vh] flex-grow first:ml-0 ml-[-1px]\"><\/div>\n            <div class=\"blue-column bg-purple h-[300vh] flex-grow first:ml-0 ml-[-1px]\"><\/div>\n            <div class=\"blue-column bg-purple h-[300vh] flex-grow first:ml-0 ml-[-1px]\"><\/div>\n            <div class=\"blue-column bg-purple h-[300vh] flex-grow first:ml-0 ml-[-1px]\"><\/div>\n            <div class=\"blue-column bg-purple h-[300vh] flex-grow first:ml-0 ml-[-1px]\"><\/div>\n            <div class=\"blue-column bg-purple h-[300vh] flex-grow first:ml-0 ml-[-1px]\"><\/div>\n            <div class=\"blue-column bg-purple h-[300vh] flex-grow first:ml-0 ml-[-1px]\"><\/div>\n            <div class=\"blue-column bg-purple h-[300vh] flex-grow first:ml-0 ml-[-1px]\"><\/div>\n            <div class=\"blue-column bg-purple h-[300vh] flex-grow first:ml-0 ml-[-1px]\"><\/div>\n            <div class=\"blue-column bg-purple h-[300vh] flex-grow first:ml-0 ml-[-1px]\"><\/div>\n            <div class=\"blue-column bg-purple h-[300vh] flex-grow first:ml-0 ml-[-1px]\"><\/div>\n            <div class=\"blue-column bg-purple h-[300vh] flex-grow first:ml-0 ml-[-1px]\"><\/div>\n            <div class=\"blue-column bg-purple h-[300vh] flex-grow first:ml-0 ml-[-1px]\"><\/div>\n            <div class=\"blue-column bg-purple h-[300vh] flex-grow first:ml-0 ml-[-1px]\"><\/div>\n            <div class=\"blue-column bg-purple h-[300vh] flex-grow first:ml-0 ml-[-1px]\"><\/div>\n            <div class=\"blue-column bg-purple h-[300vh] flex-grow first:ml-0 ml-[-1px]\"><\/div>\n            <div class=\"blue-column bg-purple h-[300vh] flex-grow first:ml-0 ml-[-1px]\"><\/div>\n            <div class=\"blue-column bg-purple h-[300vh] flex-grow first:ml-0 ml-[-1px]\"><\/div>\n            <div class=\"blue-column bg-purple h-[300vh] flex-grow first:ml-0 ml-[-1px]\"><\/div>\n            <div class=\"blue-column bg-purple h-[300vh] flex-grow first:ml-0 ml-[-1px]\"><\/div>\n      <\/div>\n\n  <div class=\" flex h-full items-center mx-auto lg:container 2xl:max-w-screen-2xl w-full lg-pro:w-[calc(100%-80px)]\">\n    <h1 class=\"z-10 px-5 sm:px-10 xl:px-0 py-10 lg-pro:h-[unset] lg-pro:bg-[unset] text-35 md:text-l lg:text-70 2xl:text-xl leading-[1.11] w-screen lg-pro:w-[unset] font-medium text-white lg-pro:max-w-[825px]\">Technologien<\/h1>\n  <\/div>\n<\/section>\n\n\n\n<section id=\"two-col-text-block_0807367ea495217ecf7cb47d73c89f77\" class=\"two-col-text\" style=\"background-color: #121f4a\">\n  <div class=\"site-container grid lg:grid-cols-2 gap-5 md:gap-10 container mx-auto py-24 md:py-40\">\n    <div class=\"left-section\">\n              <h1 class=\"text-purple leading-[1.1] font-medium 2xl:mr-20 text-25 md:text-35 lg:text-50\" data-aos=\"fade-up\">Technologien zur Verbesserung der Medikamentenabreichnung<\/h1>\n          <\/div>\n    <div class=\"right-section text-white text-18 md:text-md xl-medium:text-26 leading-[1.25]\">\n              <div class=\"wysywig \" data-aos=\"fade-up\" data-aos-delay=\"400\">\n          <p>Hochmoderne Ger\u00e4te erfordern hochmoderne Technologien. Mit unseren Fertigungstechnologien stellen wir einige der innovativsten und zuverl\u00e4ssigsten Medikamentenverabreichungsger\u00e4te auf dem Markt her.<\/p>\n<p>Ganz gleich, ob es sich um die Herstellung von Kleinserien f\u00fcr Konzeptprodukte oder klinische Chargen handelt oder um die Industrialisierung von Gro\u00dfserien, wir k\u00f6nnen Sie mit einer breiten Palette innovativer und flexibler Fertigungstechnologien unterst\u00fctzen, um Ihren Anforderungen gerecht zu werden.<\/p>\n        <\/div>\n      \n          <\/div>\n  <\/div>\n<\/section>\n\n\n\n\n<section id=\"\" class=\"two-column-text-image\" style=\"background-color: \">\n  <div class=\"site-container grid lg-pro:grid-cols-2 !w-full mx-auto\">\n    <div class=\"text flex flex-col justify-center items-center mx-auto row-start-2 lg-pro:row-start-[unset] lg-pro:col-start-2  pb-20 pt-10 lg-pro:py-10\">\n      <h3 class=\"text-35 w-[calc(100vw-42px)] sm:w-4\/5 lg-pro:text-50 leading-[1.1] font-medium mb-[30px] lg-pro:mb-14\" data-aos=\"fade-up\">Spritzguss<\/h3>\n      <div class=\"wysywig w-[calc(100vw-42px)] sm:w-4\/5 text-18 lg-pro:text-22 leading-[1.25]\" data-aos=\"fade-up\" data-aos-delay=\"300\">\n        <p>H&amp;T Presspart bietet seinen Kunden Hochpr\u00e4zisionsspritzguss f\u00fcr Medikamentenverabreichungsger\u00e4te, Baugruppen und Komponenten. Wir verwenden Werkzeuge mit hoher Kavit\u00e4t auf hochmodernen hydraulischen und elektrischen Spritzgussmaschinen, um h\u00f6chste Pr\u00e4zision bei Komponenten mit geringem Gewicht zu erreichen.<\/p>\n<p>Unsere Teams unterst\u00fctzen bei der Entwicklung und Industrialisierung, um robuste Fertigungsprozesse f\u00fcr Effizienz, Reproduzierbarkeit und Qualit\u00e4t zu gew\u00e4hrleisten.<\/p>\n      <\/div>\n                <\/div>\n    <div class=\"image-container col-start-1 w-full h-full lg-pro:row-start-1 \">\n      <img decoding=\"async\" class=\"w-full h-full object-cover max-h-[315px] sm:max-h-[400px] lg:max-h-[unset]\" src=\"https:\/\/presspart.com\/wp-content\/uploads\/2023\/01\/Tech-Injection-Moulding.png \" alt=\"\">\n    <\/div>\n  <\/div>\n<\/section>\n\n\n\n\n<section id=\"\" class=\"two-column-text-image\" style=\"background-color: \">\n  <div class=\"site-container grid lg-pro:grid-cols-2 !w-full mx-auto\">\n    <div class=\"text flex flex-col justify-center items-center mx-auto row-start-2 lg-pro:row-start-[unset] lg-pro:col-start-2 !col-start-1 pb-20 pt-10 lg-pro:py-10\">\n      <h3 class=\"text-35 w-[calc(100vw-42px)] sm:w-4\/5 lg-pro:text-50 leading-[1.1] font-medium mb-[30px] lg-pro:mb-14\" data-aos=\"fade-up\">Multikomponenten Montage<\/h3>\n      <div class=\"wysywig w-[calc(100vw-42px)] sm:w-4\/5 text-18 lg-pro:text-22 leading-[1.25]\" data-aos=\"fade-up\" data-aos-delay=\"300\">\n        <p>Durch den Einsatz von Robotern f\u00fcr die Teilehandhabung und vollautomatischer Hochgeschwindigkeitsmontage stellen wir Mehrkomponenten Medikamentenverabreichungsger\u00e4te in Reinr\u00e4umen nach ISO 7 und ISO 8 her. Unsere automatisierten Montagesysteme sind so konzipiert, dass sie alle internationalen Fertigungs- und Regulierungsstandards erf\u00fcllen, und pr\u00e4zise, konsistente und wiederholbare Prozesse gew\u00e4hrleisten.<\/p>\n<p>Im Rahmen der Entwicklungs- und Validierungsprozesse unterst\u00fctzen unsere Teams Kunden dabei, die am besten geeigneten Montagel\u00f6sungen f\u00fcr ihre Produkte zu finden &#8211; von der Pilot- bis zur Serienfertigung und von Standardl\u00f6sungen bis zu hochgradig kundenspezifischen Prozessen.<\/p>\n      <\/div>\n                <\/div>\n    <div class=\"image-container col-start-1 w-full h-full lg-pro:row-start-1 lg-pro:col-start-2\">\n      <img decoding=\"async\" class=\"w-full h-full object-cover max-h-[315px] sm:max-h-[400px] lg:max-h-[unset]\" src=\"https:\/\/presspart.com\/wp-content\/uploads\/2022\/11\/Presspart-Production-Detail-Avamys-Assembly-Adele-Marschner-processed-v1.png \" alt=\"\">\n    <\/div>\n  <\/div>\n<\/section>\n\n\n\n\n<section id=\"\" class=\"two-column-text-image\" style=\"background-color: \">\n  <div class=\"site-container grid lg-pro:grid-cols-2 !w-full mx-auto\">\n    <div class=\"text flex flex-col justify-center items-center mx-auto row-start-2 lg-pro:row-start-[unset] lg-pro:col-start-2  pb-20 pt-10 lg-pro:py-10\">\n      <h3 class=\"text-35 w-[calc(100vw-42px)] sm:w-4\/5 lg-pro:text-50 leading-[1.1] font-medium mb-[30px] lg-pro:mb-14\" data-aos=\"fade-up\">Tiefziehen<\/h3>\n      <div class=\"wysywig w-[calc(100vw-42px)] sm:w-4\/5 text-18 lg-pro:text-22 leading-[1.25]\" data-aos=\"fade-up\" data-aos-delay=\"300\">\n        <p>H&amp;T Presspart ist ein Spezialist f\u00fcr das Tiefziehen von Pr\u00e4zisionsmetallteilen f\u00fcr die Pharmaindustrie. Ob es sich um eine der 650 Millionen MDI Dosen handelt, die wir jedes Jahr herstellen, oder um eine kundenspezifische Komponente f\u00fcr ein medizinisches Ger\u00e4t, wir arbeiten mit unseren Kunden zusammen, um ihre Anforderungen zu erf\u00fcllen.<\/p>\n<p>Mit tadelloser Qualit\u00e4t, Zuverl\u00e4ssigkeit, Flexibilit\u00e4t und schneller Abwicklung haben wir uns zum weltweit f\u00fchrenden Hersteller von tiefgezogenen pharmazeutischen Komponenten entwickelt.<\/p>\n      <\/div>\n                <\/div>\n    <div class=\"image-container col-start-1 w-full h-full lg-pro:row-start-1 \">\n      <img decoding=\"async\" class=\"w-full h-full object-cover max-h-[315px] sm:max-h-[400px] lg:max-h-[unset]\" src=\"https:\/\/presspart.com\/wp-content\/uploads\/2022\/11\/S012_PPM.png \" alt=\"\">\n    <\/div>\n  <\/div>\n<\/section>\n\n\n\n<section id=\"quote-block_bbb81676e8a16bbf5c6a4efead7048a5\" class=\"quote h-[673px] sm:h-[68vh] md:h-screen\" style=\"background-color: #c496e0\">\n  <div id=\"shape-one\" class=\"shape-overlay one shape-one\" ><\/div>\n  <div id=\"shape-two\" class=\"shape-overlay two shape-two\" ><\/div>\n  <div class=\"site-container flex h-full w-full items-center justify-center mx-auto\">\n    <div class=\"wysywig text-30 md:text-40 lg:text-md-large 2xl:text-[54px] leading-normal font-medium text-center text-white max-w-[1144px] w-[100vw-40px] z-10 py-12\">\n      <p>&#8222;Wir sind sehr zufrieden mit dem proaktiven Service, den wir von Presspart erhalten, und wir haben eine ausgezeichnete Beziehung mit dem Team. Keep up the good work!&#8220;<\/p>\n<h6><small class=\"\">API Coordinator \u2013 Supply Chain, Aspen<br \/>\n<\/small><\/h6>\n    <\/div>\n  <\/div>\n<\/section>\n\n\n\n\n<section id=\"\" class=\"two-column-text-image\" style=\"background-color: \">\n  <div class=\"site-container grid lg-pro:grid-cols-2 !w-full mx-auto\">\n    <div class=\"text flex flex-col justify-center items-center mx-auto row-start-2 lg-pro:row-start-[unset] lg-pro:col-start-2 !col-start-1 pb-20 pt-10 lg-pro:py-10\">\n      <h3 class=\"text-35 w-[calc(100vw-42px)] sm:w-4\/5 lg-pro:text-50 leading-[1.1] font-medium mb-[30px] lg-pro:mb-14\" data-aos=\"fade-up\">PFAS-konforme Oberfl\u00e4chenbehandlung<\/h3>\n      <div class=\"wysywig w-[calc(100vw-42px)] sm:w-4\/5 text-18 lg-pro:text-22 leading-[1.25]\" data-aos=\"fade-up\" data-aos-delay=\"300\">\n        <p>H&amp;T Presspart bietet eine Vielzahl innovativer Oberfl\u00e4chenbehandlungen an, um die Leistung von Medikamentenverabreichungsger\u00e4ten zu optimieren. Unsere Plasmabehandlungstechnologie ist vollst\u00e4ndig industrialisiert und bietet eine einzigartige L\u00f6sung zur Verhinderung von Medikamentenadhesion und -degradation in Aluminium MDI Dosen.<\/p>\n<p>Die Plasmatechnologie kann auch bei anderen Metall- und Kunststoffkomponenten eingesetzt werden, um die adh\u00e4siven oder hydrophoben Eigenschaften einer Oberfl\u00e4che zu ver\u00e4ndern. Nehmen Sie Kontakt mit uns auf, um Ihren Bedarf an Oberfl\u00e4chenbehandlung zu besprechen.<\/p>\n      <\/div>\n                <\/div>\n    <div class=\"image-container col-start-1 w-full h-full lg-pro:row-start-1 lg-pro:col-start-2\">\n      <img decoding=\"async\" class=\"w-full h-full object-cover max-h-[315px] sm:max-h-[400px] lg:max-h-[unset]\" src=\"https:\/\/presspart.com\/wp-content\/uploads\/2022\/11\/0000217-v2-2.png \" alt=\"\">\n    <\/div>\n  <\/div>\n<\/section>\n\n\n\n\n<section id=\"\" class=\"two-column-text-image\" style=\"background-color: \">\n  <div class=\"site-container grid lg-pro:grid-cols-2 !w-full mx-auto\">\n    <div class=\"text flex flex-col justify-center items-center mx-auto row-start-2 lg-pro:row-start-[unset] lg-pro:col-start-2  pb-20 pt-10 lg-pro:py-10\">\n      <h3 class=\"text-35 w-[calc(100vw-42px)] sm:w-4\/5 lg-pro:text-50 leading-[1.1] font-medium mb-[30px] lg-pro:mb-14\" data-aos=\"fade-up\">Werkzeug Design<\/h3>\n      <div class=\"wysywig w-[calc(100vw-42px)] sm:w-4\/5 text-18 lg-pro:text-22 leading-[1.25]\" data-aos=\"fade-up\" data-aos-delay=\"300\">\n        <p>H&amp;T Presspart verf\u00fcgt \u00fcber eine eigene Konstruktion und Fertigung von Pr\u00e4zisionswerkzeugen, um die h\u00f6chsten Standards f\u00fcr Tiefziehteile zu gew\u00e4hrleisten. Unsere erfahrenen Ingenieure und Werkzeugmacher sowie modernste Technologie und Ausr\u00fcstung erm\u00f6glichen uns die Herstellung und Wartung von Pr\u00e4zisionswerkzeugen, die kosteneffizient und auf die Anforderungen jedes einzelnen Bauteils optimiert sind.<\/p>\n      <\/div>\n                <\/div>\n    <div class=\"image-container col-start-1 w-full h-full lg-pro:row-start-1 \">\n      <img decoding=\"async\" class=\"w-full h-full object-cover max-h-[315px] sm:max-h-[400px] lg:max-h-[unset]\" src=\"https:\/\/presspart.com\/wp-content\/uploads\/2022\/11\/0000316-2.png \" alt=\"\">\n    <\/div>\n  <\/div>\n<\/section>\n\n\n\n\n<section id=\"\" class=\"two-column-text-image\" style=\"background-color: \">\n  <div class=\"site-container grid lg-pro:grid-cols-2 !w-full mx-auto\">\n    <div class=\"text flex flex-col justify-center items-center mx-auto row-start-2 lg-pro:row-start-[unset] lg-pro:col-start-2 !col-start-1 pb-20 pt-10 lg-pro:py-10\">\n      <h3 class=\"text-35 w-[calc(100vw-42px)] sm:w-4\/5 lg-pro:text-50 leading-[1.1] font-medium mb-[30px] lg-pro:mb-14\" data-aos=\"fade-up\">Qualit\u00e4t und Regulierung<\/h3>\n      <div class=\"wysywig w-[calc(100vw-42px)] sm:w-4\/5 text-18 lg-pro:text-22 leading-[1.25]\" data-aos=\"fade-up\" data-aos-delay=\"300\">\n        <p>Unsere Produktionsst\u00e4tten erf\u00fcllen alle erforderlichen internationalen Qualit\u00e4ts- und Regulierungsanforderungen. Wir sind nach ISO 9001, ISO 15378, ISO 13485 und ISO 14001 zertifiziert und befolgen die EU\/FDA Good Manufacturing Practices (cGMP), um im gesamten Unternehmen die h\u00f6chsten Standards zu gew\u00e4hrleisten.<\/p>\n<p>Unsere hauseigenen Messlabors sind mit Hochleistungsmessger\u00e4ten ausgestattet, um eine detaillierte Pr\u00fcfung von Komponenten mit wiederholbaren Prozessen durchzuf\u00fchren.<\/p>\n<p>Produkt- und Prozessentwicklungen und -validierungen, Produktions- und Wartungsprozesse werden alle nach den geltenden Qualit\u00e4ts- und Regulierungsstandards durchgef\u00fchrt. Lean- und Excellence-Programme und -Methoden sind in unserer Unternehmenskultur verankert und f\u00f6rdern die kontinuierliche Verbesserung im gesamten Unternehmen.<\/p>\n      <\/div>\n                <\/div>\n    <div class=\"image-container col-start-1 w-full h-full lg-pro:row-start-1 lg-pro:col-start-2\">\n      <img decoding=\"async\" class=\"w-full h-full object-cover max-h-[315px] sm:max-h-[400px] lg:max-h-[unset]\" src=\"https:\/\/presspart.com\/wp-content\/uploads\/2022\/11\/Quality-Lab-PPT_PST8414.png \" alt=\"\">\n    <\/div>\n  <\/div>\n<\/section>\n\n\n\n<section id=\"contact-cta-block_83353ee3b79dd145ca5cdf04c3f95388\" class=\"contact-cta py-36 md:py-0 md:h-[829px]\" style=\"background-color: #c496e0\">\n  <div class=\"site-container text-center flex flex-col items-center justify-center max-w-[950px] text-white mx-auto h-full\">\n    <h1 class=\"font-medium leading-[1.1] text-l lg:text-70 xl:text-xl mb-10\" data-aos=\"fade-up\">Lassen Sie uns zusammenarbeiten<\/h1>\n    <p class=\"text-22 md:text-25 lg:text-30  w-4\/5 mb-20 md:mb-11\" data-aos=\"fade-up\" data-aos-delay=\"300\">Wir w\u00fcrden gerne mehr \u00fcber Ihr Projekt erfahren<\/p>\n    <a href=\"https:\/\/presspart.com\/de\/kontakt\/\" target=\"\" class=\"btn-white-bg hover:after:bg-white leading-none text-25 hover:!text-white lg:text-30 text-center\" style=\"color: #c496e0\">Kontaktieren Sie uns<\/a>\n  <\/div>\n<\/section>\n","protected":false},"excerpt":{"rendered":"","protected":false},"author":1,"featured_media":0,"parent":0,"menu_order":0,"comment_status":"closed","ping_status":"closed","template":"","meta":{"_acf_changed":false,"footnotes":""},"class_list":["post-3708","page","type-page","status-publish","hentry"],"acf":[],"yoast_head":"<!-- This site is optimized with the Yoast SEO plugin v27.0 - https:\/\/yoast.com\/product\/yoast-seo-wordpress\/ -->\n<title>Technologien | H&amp;T Presspart<\/title>\n<meta name=\"robots\" content=\"index, follow, max-snippet:-1, max-image-preview:large, max-video-preview:-1\" \/>\n<link rel=\"canonical\" href=\"https:\/\/presspart.com\/de\/technologien\/\" \/>\n<meta property=\"og:locale\" content=\"de_DE\" \/>\n<meta property=\"og:type\" content=\"article\" \/>\n<meta property=\"og:title\" content=\"Technologien | H&amp;T Presspart\" \/>\n<meta property=\"og:url\" content=\"https:\/\/presspart.com\/de\/technologien\/\" \/>\n<meta property=\"og:site_name\" content=\"H&amp;T Presspart\" \/>\n<meta property=\"article:modified_time\" content=\"2025-10-08T11:08:40+00:00\" \/>\n<meta name=\"twitter:card\" content=\"summary_large_image\" \/>\n<script type=\"application\/ld+json\" class=\"yoast-schema-graph\">{\"@context\":\"https:\/\/schema.org\",\"@graph\":[{\"@type\":\"WebPage\",\"@id\":\"https:\/\/presspart.com\/de\/technologien\/\",\"url\":\"https:\/\/presspart.com\/de\/technologien\/\",\"name\":\"Technologien | H&T Presspart\",\"isPartOf\":{\"@id\":\"https:\/\/presspart.com\/de\/#website\"},\"datePublished\":\"2022-11-20T12:18:49+00:00\",\"dateModified\":\"2025-10-08T11:08:40+00:00\",\"breadcrumb\":{\"@id\":\"https:\/\/presspart.com\/de\/technologien\/#breadcrumb\"},\"inLanguage\":\"de\",\"potentialAction\":[{\"@type\":\"ReadAction\",\"target\":[\"https:\/\/presspart.com\/de\/technologien\/\"]}]},{\"@type\":\"BreadcrumbList\",\"@id\":\"https:\/\/presspart.com\/de\/technologien\/#breadcrumb\",\"itemListElement\":[{\"@type\":\"ListItem\",\"position\":1,\"name\":\"Home\",\"item\":\"https:\/\/presspart.com\/de\/\"},{\"@type\":\"ListItem\",\"position\":2,\"name\":\"Technologies\"}]},{\"@type\":\"WebSite\",\"@id\":\"https:\/\/presspart.com\/de\/#website\",\"url\":\"https:\/\/presspart.com\/de\/\",\"name\":\"H&amp;T Presspart\",\"description\":\"\",\"potentialAction\":[{\"@type\":\"SearchAction\",\"target\":{\"@type\":\"EntryPoint\",\"urlTemplate\":\"https:\/\/presspart.com\/de\/?s={search_term_string}\"},\"query-input\":{\"@type\":\"PropertyValueSpecification\",\"valueRequired\":true,\"valueName\":\"search_term_string\"}}],\"inLanguage\":\"de\"}]}<\/script>\n<!-- \/ Yoast SEO plugin. -->","yoast_head_json":{"title":"Technologien | H&T Presspart","robots":{"index":"index","follow":"follow","max-snippet":"max-snippet:-1","max-image-preview":"max-image-preview:large","max-video-preview":"max-video-preview:-1"},"canonical":"https:\/\/presspart.com\/de\/technologien\/","og_locale":"de_DE","og_type":"article","og_title":"Technologien | H&T Presspart","og_url":"https:\/\/presspart.com\/de\/technologien\/","og_site_name":"H&amp;T Presspart","article_modified_time":"2025-10-08T11:08:40+00:00","twitter_card":"summary_large_image","schema":{"@context":"https:\/\/schema.org","@graph":[{"@type":"WebPage","@id":"https:\/\/presspart.com\/de\/technologien\/","url":"https:\/\/presspart.com\/de\/technologien\/","name":"Technologien | H&T Presspart","isPartOf":{"@id":"https:\/\/presspart.com\/de\/#website"},"datePublished":"2022-11-20T12:18:49+00:00","dateModified":"2025-10-08T11:08:40+00:00","breadcrumb":{"@id":"https:\/\/presspart.com\/de\/technologien\/#breadcrumb"},"inLanguage":"de","potentialAction":[{"@type":"ReadAction","target":["https:\/\/presspart.com\/de\/technologien\/"]}]},{"@type":"BreadcrumbList","@id":"https:\/\/presspart.com\/de\/technologien\/#breadcrumb","itemListElement":[{"@type":"ListItem","position":1,"name":"Home","item":"https:\/\/presspart.com\/de\/"},{"@type":"ListItem","position":2,"name":"Technologies"}]},{"@type":"WebSite","@id":"https:\/\/presspart.com\/de\/#website","url":"https:\/\/presspart.com\/de\/","name":"H&amp;T Presspart","description":"","potentialAction":[{"@type":"SearchAction","target":{"@type":"EntryPoint","urlTemplate":"https:\/\/presspart.com\/de\/?s={search_term_string}"},"query-input":{"@type":"PropertyValueSpecification","valueRequired":true,"valueName":"search_term_string"}}],"inLanguage":"de"}]}},"_links":{"self":[{"href":"https:\/\/presspart.com\/de\/wp-json\/wp\/v2\/pages\/3708","targetHints":{"allow":["GET"]}}],"collection":[{"href":"https:\/\/presspart.com\/de\/wp-json\/wp\/v2\/pages"}],"about":[{"href":"https:\/\/presspart.com\/de\/wp-json\/wp\/v2\/types\/page"}],"author":[{"embeddable":true,"href":"https:\/\/presspart.com\/de\/wp-json\/wp\/v2\/users\/1"}],"replies":[{"embeddable":true,"href":"https:\/\/presspart.com\/de\/wp-json\/wp\/v2\/comments?post=3708"}],"version-history":[{"count":10,"href":"https:\/\/presspart.com\/de\/wp-json\/wp\/v2\/pages\/3708\/revisions"}],"predecessor-version":[{"id":7280,"href":"https:\/\/presspart.com\/de\/wp-json\/wp\/v2\/pages\/3708\/revisions\/7280"}],"wp:attachment":[{"href":"https:\/\/presspart.com\/de\/wp-json\/wp\/v2\/media?parent=3708"}],"curies":[{"name":"wp","href":"https:\/\/api.w.org\/{rel}","templated":true}]}}