{"id":3722,"date":"2022-11-20T12:20:20","date_gmt":"2022-11-20T12:20:20","guid":{"rendered":"https:\/\/presspart.com\/heitkamp-thumann-group\/"},"modified":"2025-04-11T15:13:20","modified_gmt":"2025-04-11T15:13:20","slug":"heitkamp-thumann-group","status":"publish","type":"page","link":"https:\/\/presspart.com\/de\/heitkamp-thumann-group\/","title":{"rendered":"Heitkamp &#038; Thumann Group"},"content":{"rendered":"\n<style>\n  #inner-page-hero-block_c835dc3816a78cd03425a85bc6cea50c{\n    background-image: url('https:\/\/presspart.com\/wp-content\/uploads\/2023\/02\/Header-HT-Group.png'); background-position: center;\n  }\n  \n      @media only screen and (max-width: 768px){\n      #inner-page-hero-block_c835dc3816a78cd03425a85bc6cea50c{\n        background-image: url('https:\/\/presspart.com\/wp-content\/uploads\/2023\/03\/Hero-HT-Group.png');\n      }\n    }\n  <\/style>\n\n<section id=\"inner-page-hero-block_c835dc3816a78cd03425a85bc6cea50c\" class=\"inner-page-hero overflow-hidden  h-[100vh] sm:h-[80vh] xl:h-screen md:max-h-[640px] smaller  bg-no-repeat bg-right  \">\n  <!-- <div class=\"bg-dark-blue shape\"><\/div> -->\n  \n  <div class=\"shape-overlay flex absolute items-center left-[-40vw] lg-pro:-left-[30vw] top-[-95vh] lg-pro:top-[-31vh] 2xl:top-[-95vh] z-[20] w-[300vw] sm:w-[250vw] lg:w-[200vw] 2xl:w-[140vw] h-[220vh] 2xl:h-[300vh] pointer-events-none\">\n            <div class=\"blue-column bg-dark-blue h-[300vh] flex-grow first:ml-0 ml-[-1px]\"><\/div>\n            <div class=\"blue-column bg-dark-blue h-[300vh] flex-grow first:ml-0 ml-[-1px]\"><\/div>\n            <div class=\"blue-column bg-dark-blue h-[300vh] flex-grow first:ml-0 ml-[-1px]\"><\/div>\n            <div class=\"blue-column bg-dark-blue h-[300vh] flex-grow first:ml-0 ml-[-1px]\"><\/div>\n            <div class=\"blue-column bg-dark-blue h-[300vh] flex-grow first:ml-0 ml-[-1px]\"><\/div>\n            <div class=\"blue-column bg-dark-blue h-[300vh] flex-grow first:ml-0 ml-[-1px]\"><\/div>\n            <div class=\"blue-column bg-dark-blue h-[300vh] flex-grow first:ml-0 ml-[-1px]\"><\/div>\n            <div class=\"blue-column bg-dark-blue h-[300vh] flex-grow first:ml-0 ml-[-1px]\"><\/div>\n            <div class=\"blue-column bg-dark-blue h-[300vh] flex-grow first:ml-0 ml-[-1px]\"><\/div>\n            <div class=\"blue-column bg-dark-blue h-[300vh] flex-grow first:ml-0 ml-[-1px]\"><\/div>\n            <div class=\"blue-column bg-dark-blue h-[300vh] flex-grow first:ml-0 ml-[-1px]\"><\/div>\n            <div class=\"blue-column bg-dark-blue h-[300vh] flex-grow first:ml-0 ml-[-1px]\"><\/div>\n            <div class=\"blue-column bg-dark-blue h-[300vh] flex-grow first:ml-0 ml-[-1px]\"><\/div>\n            <div class=\"blue-column bg-dark-blue h-[300vh] flex-grow first:ml-0 ml-[-1px]\"><\/div>\n            <div class=\"blue-column bg-dark-blue h-[300vh] flex-grow first:ml-0 ml-[-1px]\"><\/div>\n            <div class=\"blue-column bg-dark-blue h-[300vh] flex-grow first:ml-0 ml-[-1px]\"><\/div>\n            <div class=\"blue-column bg-dark-blue h-[300vh] flex-grow first:ml-0 ml-[-1px]\"><\/div>\n            <div class=\"blue-column bg-dark-blue h-[300vh] flex-grow first:ml-0 ml-[-1px]\"><\/div>\n            <div class=\"blue-column bg-dark-blue h-[300vh] flex-grow first:ml-0 ml-[-1px]\"><\/div>\n            <div class=\"blue-column bg-dark-blue h-[300vh] flex-grow first:ml-0 ml-[-1px]\"><\/div>\n      <\/div>\n\n  <div class=\" flex h-full items-center mx-auto lg:container 2xl:max-w-screen-2xl w-full lg-pro:w-[calc(100%-80px)]\">\n    <h1 class=\"z-10 px-5 sm:px-10 xl:px-0 py-10 lg-pro:h-[unset] lg-pro:bg-[unset] text-35 md:text-l lg:text-70 2xl:text-xl leading-[1.11] w-screen lg-pro:w-[unset] font-medium text-white lg-pro:max-w-[825px]\">Heitkamp &#038; Thumann Group<\/h1>\n  <\/div>\n<\/section>\n\n\n\n<section id=\"two-col-text-block_e378689586f41f7bbd0f6d1cb033d732\" class=\"two-col-text\" style=\"background-color: #004c95\">\n  <div class=\"site-container grid lg:grid-cols-2 gap-5 md:gap-10 container mx-auto py-24 md:py-40\">\n    <div class=\"left-section\">\n              <h1 class=\"text-white leading-[1.1] font-medium 2xl:mr-20 text-25 md:text-35 lg:text-50\" data-aos=\"fade-up\">Ihr globaler Partner<\/h1>\n          <\/div>\n    <div class=\"right-section text-white text-18 md:text-md xl-medium:text-26 leading-[1.25]\">\n              <div class=\"wysywig \" data-aos=\"fade-up\" data-aos-delay=\"400\">\n          <p>Die Heitkamp &amp; Thumann Gruppe ist ein weltweit f\u00fchrender Partner f\u00fcr die Entwicklung und Lieferung von erstklassigen Pr\u00e4zisionsformteilen aus Metall und Kunststoff.<\/p>\n<p>Gegr\u00fcndet in 1978, umfasst die Gruppe heute 15 mittelst\u00e4ndische Unternehmen in 9 verschiedenen L\u00e4ndern mit \u00fcber 1800 Mitarbeitern.<\/p>\n<p>Effizienz, Qualit\u00e4t und Innovation stehen seit jeher im Mittelpunkt der Unternehmensphilosophie und des unternehmerischen Handelns. Hochqualifizierte, motivierte Mitarbeiter und schlanke Strukturen machen uns weltweit erfolgreich.<\/p>\n        <\/div>\n      \n          <\/div>\n  <\/div>\n<\/section>\n\n\n\n<section id=\"logo-links-block_a9776fb4992715bb38a34d2df782b5a6\" class=\"logo-links pt-16 md:pt-28 md:pb-36 pb-24\">\n  <div class=\"site-container flex flex-col mx-auto container\">\n\n    <h4 class=\"text-35 md:text-50 xl:text-70 font-medium leading-[1.1] mb-10 lg:mb-16 max-w-[1080px]\">Heitkamp &#038; Thumann Group<\/h4>\n    <div class=\"wysywig text-18 md:text-md 2xl:text-26 leading-[1.25] text-text max-w-[1080px]\">\n      <p><strong>Heitkamp &amp; Thumann Group<\/strong> <strong>ist ein weltweit f\u00fchrender Partner f\u00fcr die Entwicklung und Lieferung von hochwertigen Pr\u00e4zisionsformteilen aus Metall und Kunststoff.<\/strong><\/p>\n<p>Die familiengef\u00fchrte Gruppe besteht aus 15 kleinen und mittelst\u00e4ndischen Unternehmen, die 1.800 Mitarbeiter besch\u00e4ftigen. H&amp;T Recharge, H&amp;T Battery Components und H&amp;T Presspart repr\u00e4sentieren die drei Divisionen. H&amp;T Industrial, H&amp;T Tool Design und H&amp;T ProduktionsTechnologie repr\u00e4sentieren die drei unabh\u00e4ngigen Gesch\u00e4ftsbereiche.<\/p>\n<p>Globale Pr\u00e4senz, strategische Vision und eine Unternehmensphilosophie, die Kundenorientierung, Mitarbeiter und Innovation in den Mittelpunkt aller Unternehmensaktivit\u00e4ten stellt, sind ma\u00dfgebend f\u00fcr das stabile Wachstum und den Erfolg der Gruppe.<\/p>\n    <\/div>\n\n    <h6 class=\"text-[14px] leading-tight my-20 md:mb-32\">Klicken Sie auf die Logos unten, um die Webseite zu besuchen:<\/h6>\n\n    <div class=\"divisions grid grid-cols-1 gap-28 lg:gap-36\">\n      \n        <div class=\"division\">\n          \n                      <div class=\"main single grid grid-cols-1 sm:grid-cols-2 lg:grid-cols-3 w-full gap-y-28 lg-pro:max-w-[80%] gap-x-20\" data-aos=\"fade-up\">\n              <a class=\"w-full external external-col\" href=\"https:\/\/www.ht-group.com\/de\" target=\"_blank\">\n                <div class=\"logo w-full\">\n                  <img decoding=\"async\" class=\"w-full\" src=\"https:\/\/presspart.com\/wp-content\/uploads\/2023\/03\/Mobile-HT-Group-Logo-1.svg\" alt=\"\">\n                <\/div>\n              <\/a>\n            <\/div>\n          \n          <div class=\"grid grid-cols-1 sm:grid-cols-2 lg:grid-cols-3 w-full gap-y-28 lg-pro:max-w-[80%] gap-x-20 \">\n                      <\/div>\n        <\/div>\n\n        \n        <div class=\"division\">\n                      <div class=\"hidden md:block heading w-full border-real-black border-solid border-b pb-2 mb-11\">\n              <h2 class=\"text-26 text-real-black leading-tight\">Heitkamp &#038; Thumann Group &#8211; Gesch\u00e4ftsbereiche<\/h2>\n            <\/div>\n          \n          \n          <div class=\"grid grid-cols-1 sm:grid-cols-2 lg:grid-cols-3 w-full gap-y-28 lg-pro:max-w-[80%] gap-x-20 \">\n                          <a href=\"#\" target=\"\" class=\"single  flex flex-col items-start \" data-aos=\"fade-up\" data-aos-delay=\"100\">\n                <div class=\"logo w-full\">\n                  <img decoding=\"async\" class=\"w-full\" src=\"https:\/\/presspart.com\/wp-content\/uploads\/2023\/03\/HT-Presspart-Logo-1.svg\" alt=\"\">\n                <\/div>\n                <div class=\"wysywig text-15 leading-[1.1] mt-0 mb-auto pt-20 hidden md:block\">\n                  <p>H&amp;T Presspart ist ein weltweit f\u00fchrender Spezialist f\u00fcr die Herstellung von tiefgezogenen und spritzgegossenen Komponenten und pharmazeutischen Ger\u00e4ten f\u00fcr die Medikamentenverabreichung. Mit einer breiten Palette von Produkten und Dienstleistungen hat H&amp;T Presspart neue Ma\u00dfst\u00e4be im Bereich der tiefgezogenen und spritzgegossenen Komponenten f\u00fcr medizinische Ger\u00e4te gesetzt und ist der Partner der Wahl f\u00fcr f\u00fchrende Pharmaunternehmen.<\/p>\n<p><strong>Impacting Tomorrow. Together.<\/strong><\/p>\n                <\/div>\n              <\/a>\n                            <a href=\"http:\/\/ht-recharge.com\" target=\"_blank\" class=\"single external external-col  flex flex-col items-start \" data-aos=\"fade-up\" data-aos-delay=\"200\">\n                <div class=\"logo w-full\">\n                  <img decoding=\"async\" class=\"w-full\" src=\"https:\/\/presspart.com\/wp-content\/uploads\/2023\/03\/HT-Recharge-Logo-1.svg\" alt=\"\">\n                <\/div>\n                <div class=\"wysywig text-15 leading-[1.1] mt-0 mb-auto pt-20 hidden md:block\">\n                  <p>H&amp;T Recharge ist der bevorzugte Partner f\u00fcr Batteriedosenl\u00f6sungen in der wiederaufladbaren Li-Ionen-Batterieindustrie. H&amp;T Recharge ist fr\u00fch in diese neue Branche eingestiegen und hat sich zum gr\u00f6\u00dften Hersteller von tiefgezogenen Dosen in der westlichen Hemisph\u00e4re entwickelt. H&amp;T Recharge unterst\u00fctzt Hersteller, die die steigende Nachfrage nach zylindrischen Batterien befriedigen wollen, mit einer Reihe von ma\u00dfgeschneiderten Komponentenl\u00f6sungen sowohl f\u00fcr automobile als auch f\u00fcr nicht-automobile Anwendungen.<\/p>\n<p><strong>Energizing Tomorrow. Today.<\/strong><\/p>\n                <\/div>\n              <\/a>\n                            <a href=\"https:\/\/www.ht-bc.com\/\" target=\"_blank\" class=\"single external external-col  flex flex-col items-start \" data-aos=\"fade-up\" data-aos-delay=\"300\">\n                <div class=\"logo w-full\">\n                  <img decoding=\"async\" class=\"w-full\" src=\"https:\/\/presspart.com\/wp-content\/uploads\/2023\/03\/HT-Battery-Logo-1.svg\" alt=\"\">\n                <\/div>\n                <div class=\"wysywig text-15 leading-[1.1] mt-0 mb-auto pt-20 hidden md:block\">\n                  <p>H&amp;T Battery Components Division ist der weltweit gr\u00f6\u00dfte Hersteller von Metallkomponenten f\u00fcr Alkalibatterien und bietet seinen Kunden ein umfassendes Portfolio f\u00fcr den Prim\u00e4rbatteriemarkt. Alle Produkte werden mit selbst entwickelten Maschinen und Werkzeugen f\u00fcr das hochpr\u00e4zise Tiefziehen von zylindrischen Dosen hergestellt.<\/p>\n                <\/div>\n              <\/a>\n                        <\/div>\n        <\/div>\n\n        \n        <div class=\"division\">\n                      <div class=\"hidden md:block heading w-full border-real-black border-solid border-b pb-2 mb-11\">\n              <h2 class=\"text-26 text-real-black leading-tight\">Heitkamp &#038; Thumann Group &#8211; Gesch\u00e4ftsbereiche<\/h2>\n            <\/div>\n          \n          \n          <div class=\"grid grid-cols-1 sm:grid-cols-2 lg:grid-cols-3 w-full gap-y-28 lg-pro:max-w-[80%] gap-x-20 \">\n                          <a href=\"https:\/\/www.ht-pt.com\/\" target=\"_blank\" class=\"single external external-col  flex flex-col items-start \" data-aos=\"fade-up\" data-aos-delay=\"400\">\n                <div class=\"logo w-full\">\n                  <img decoding=\"async\" class=\"w-full\" src=\"https:\/\/presspart.com\/wp-content\/uploads\/2023\/03\/HT-Prod-Tech-Logo-1.svg\" alt=\"\">\n                <\/div>\n                <div class=\"wysywig text-15 leading-[1.1] mt-0 mb-auto pt-20 hidden md:block\">\n                  <p>H&amp;T ProduktionsTechnologie ist seit \u00fcber 50 Jahren auf die Entwicklung und den Bau von Werkzeugen, Maschinen und Anlagen f\u00fcr die Metallumformung spezialisiert. Das Unternehmen nutzt erfolgreich die Servoantriebstechnik, um die Anforderungen der Kunden zu erf\u00fcllen.<\/p>\n                <\/div>\n              <\/a>\n                            <a href=\"https:\/\/www.htindustrial.com\/?lang=de\" target=\"_blank\" class=\"single external external-col  flex flex-col items-start \" data-aos=\"fade-up\" data-aos-delay=\"500\">\n                <div class=\"logo w-full\">\n                  <img decoding=\"async\" class=\"w-full\" src=\"https:\/\/presspart.com\/wp-content\/uploads\/2023\/03\/HT-Industrial-Logo-1.svg\" alt=\"\">\n                <\/div>\n                <div class=\"wysywig text-15 leading-[1.1] mt-0 mb-auto pt-20 hidden md:block\">\n                  <p>H&amp;T Industrial ist einer der weltweit f\u00fchrenden Hersteller von hochpr\u00e4zisen Metallkomponenten, Metallpressteilen und Stanzteilen. Das Unternehmen verf\u00fcgt \u00fcber mehr als 45 Jahre Erfahrung in vielen verschiedenen Industriezweigen und \u00fcber die Produktionskapazit\u00e4t, um M\u00e4rkte mit hohen St\u00fcckzahlen zu bedienen.<\/p>\n                <\/div>\n              <\/a>\n                            <a href=\"https:\/\/www.ht-tooldesign.de\/\" target=\"_blank\" class=\"single external external-col  flex flex-col items-start \" data-aos=\"fade-up\" data-aos-delay=\"600\">\n                <div class=\"logo w-full\">\n                  <img decoding=\"async\" class=\"w-full\" src=\"https:\/\/presspart.com\/wp-content\/uploads\/2023\/03\/HT-Tool-Design-Logo-2.svg\" alt=\"\">\n                <\/div>\n                <div class=\"wysywig text-15 leading-[1.1] mt-0 mb-auto pt-20 hidden md:block\">\n                  <p>H&amp;T Tool Design ist ein hochspezialisierter Partner f\u00fcr die Optimierung von Werkzeugteilen und die Entwicklung von Technologiel\u00f6sungen. Das Unternehmen betreut Werkzeug- und Maschinenteile nach individuellen Kundenw\u00fcnschen. Hier, im gr\u00f6\u00dften Ausbildungsbetrieb der Heitkamp &amp; Thumann Group, wird der technische Nachwuchs ausgebildet.<\/p>\n                <\/div>\n              <\/a>\n                        <\/div>\n        <\/div>\n\n            <\/div>\n\n    \n  <\/div>\n<\/section>\n","protected":false},"excerpt":{"rendered":"","protected":false},"author":1,"featured_media":0,"parent":0,"menu_order":0,"comment_status":"closed","ping_status":"closed","template":"","meta":{"_acf_changed":false,"footnotes":""},"class_list":["post-3722","page","type-page","status-publish","hentry"],"acf":[],"yoast_head":"<!-- This site is optimized with the Yoast SEO plugin v27.0 - https:\/\/yoast.com\/product\/yoast-seo-wordpress\/ -->\n<title>Heitkamp &amp; Thumann Group - H&amp;T Presspart<\/title>\n<meta name=\"robots\" content=\"index, follow, max-snippet:-1, max-image-preview:large, max-video-preview:-1\" \/>\n<link rel=\"canonical\" href=\"https:\/\/presspart.com\/de\/heitkamp-thumann-group\/\" \/>\n<meta property=\"og:locale\" content=\"de_DE\" \/>\n<meta property=\"og:type\" content=\"article\" \/>\n<meta property=\"og:title\" content=\"Heitkamp &amp; Thumann Group - H&amp;T Presspart\" \/>\n<meta property=\"og:url\" content=\"https:\/\/presspart.com\/de\/heitkamp-thumann-group\/\" \/>\n<meta property=\"og:site_name\" content=\"H&amp;T Presspart\" \/>\n<meta property=\"article:modified_time\" content=\"2025-04-11T15:13:20+00:00\" \/>\n<meta name=\"twitter:card\" content=\"summary_large_image\" \/>\n<script type=\"application\/ld+json\" class=\"yoast-schema-graph\">{\"@context\":\"https:\/\/schema.org\",\"@graph\":[{\"@type\":\"WebPage\",\"@id\":\"https:\/\/presspart.com\/de\/heitkamp-thumann-group\/\",\"url\":\"https:\/\/presspart.com\/de\/heitkamp-thumann-group\/\",\"name\":\"Heitkamp & Thumann Group - H&amp;T Presspart\",\"isPartOf\":{\"@id\":\"https:\/\/presspart.com\/de\/#website\"},\"datePublished\":\"2022-11-20T12:20:20+00:00\",\"dateModified\":\"2025-04-11T15:13:20+00:00\",\"breadcrumb\":{\"@id\":\"https:\/\/presspart.com\/de\/heitkamp-thumann-group\/#breadcrumb\"},\"inLanguage\":\"de\",\"potentialAction\":[{\"@type\":\"ReadAction\",\"target\":[\"https:\/\/presspart.com\/de\/heitkamp-thumann-group\/\"]}]},{\"@type\":\"BreadcrumbList\",\"@id\":\"https:\/\/presspart.com\/de\/heitkamp-thumann-group\/#breadcrumb\",\"itemListElement\":[{\"@type\":\"ListItem\",\"position\":1,\"name\":\"Home\",\"item\":\"https:\/\/presspart.com\/de\/\"},{\"@type\":\"ListItem\",\"position\":2,\"name\":\"Heitkamp &#038; Thumann Group\"}]},{\"@type\":\"WebSite\",\"@id\":\"https:\/\/presspart.com\/de\/#website\",\"url\":\"https:\/\/presspart.com\/de\/\",\"name\":\"H&amp;T Presspart\",\"description\":\"\",\"potentialAction\":[{\"@type\":\"SearchAction\",\"target\":{\"@type\":\"EntryPoint\",\"urlTemplate\":\"https:\/\/presspart.com\/de\/?s={search_term_string}\"},\"query-input\":{\"@type\":\"PropertyValueSpecification\",\"valueRequired\":true,\"valueName\":\"search_term_string\"}}],\"inLanguage\":\"de\"}]}<\/script>\n<!-- \/ Yoast SEO plugin. -->","yoast_head_json":{"title":"Heitkamp & Thumann Group - H&amp;T Presspart","robots":{"index":"index","follow":"follow","max-snippet":"max-snippet:-1","max-image-preview":"max-image-preview:large","max-video-preview":"max-video-preview:-1"},"canonical":"https:\/\/presspart.com\/de\/heitkamp-thumann-group\/","og_locale":"de_DE","og_type":"article","og_title":"Heitkamp & Thumann Group - H&amp;T Presspart","og_url":"https:\/\/presspart.com\/de\/heitkamp-thumann-group\/","og_site_name":"H&amp;T Presspart","article_modified_time":"2025-04-11T15:13:20+00:00","twitter_card":"summary_large_image","schema":{"@context":"https:\/\/schema.org","@graph":[{"@type":"WebPage","@id":"https:\/\/presspart.com\/de\/heitkamp-thumann-group\/","url":"https:\/\/presspart.com\/de\/heitkamp-thumann-group\/","name":"Heitkamp & Thumann Group - H&amp;T Presspart","isPartOf":{"@id":"https:\/\/presspart.com\/de\/#website"},"datePublished":"2022-11-20T12:20:20+00:00","dateModified":"2025-04-11T15:13:20+00:00","breadcrumb":{"@id":"https:\/\/presspart.com\/de\/heitkamp-thumann-group\/#breadcrumb"},"inLanguage":"de","potentialAction":[{"@type":"ReadAction","target":["https:\/\/presspart.com\/de\/heitkamp-thumann-group\/"]}]},{"@type":"BreadcrumbList","@id":"https:\/\/presspart.com\/de\/heitkamp-thumann-group\/#breadcrumb","itemListElement":[{"@type":"ListItem","position":1,"name":"Home","item":"https:\/\/presspart.com\/de\/"},{"@type":"ListItem","position":2,"name":"Heitkamp &#038; Thumann Group"}]},{"@type":"WebSite","@id":"https:\/\/presspart.com\/de\/#website","url":"https:\/\/presspart.com\/de\/","name":"H&amp;T Presspart","description":"","potentialAction":[{"@type":"SearchAction","target":{"@type":"EntryPoint","urlTemplate":"https:\/\/presspart.com\/de\/?s={search_term_string}"},"query-input":{"@type":"PropertyValueSpecification","valueRequired":true,"valueName":"search_term_string"}}],"inLanguage":"de"}]}},"_links":{"self":[{"href":"https:\/\/presspart.com\/de\/wp-json\/wp\/v2\/pages\/3722","targetHints":{"allow":["GET"]}}],"collection":[{"href":"https:\/\/presspart.com\/de\/wp-json\/wp\/v2\/pages"}],"about":[{"href":"https:\/\/presspart.com\/de\/wp-json\/wp\/v2\/types\/page"}],"author":[{"embeddable":true,"href":"https:\/\/presspart.com\/de\/wp-json\/wp\/v2\/users\/1"}],"replies":[{"embeddable":true,"href":"https:\/\/presspart.com\/de\/wp-json\/wp\/v2\/comments?post=3722"}],"version-history":[{"count":5,"href":"https:\/\/presspart.com\/de\/wp-json\/wp\/v2\/pages\/3722\/revisions"}],"predecessor-version":[{"id":6795,"href":"https:\/\/presspart.com\/de\/wp-json\/wp\/v2\/pages\/3722\/revisions\/6795"}],"wp:attachment":[{"href":"https:\/\/presspart.com\/de\/wp-json\/wp\/v2\/media?parent=3722"}],"curies":[{"name":"wp","href":"https:\/\/api.w.org\/{rel}","templated":true}]}}