{"id":6116,"date":"2024-10-29T20:53:39","date_gmt":"2024-10-29T20:53:39","guid":{"rendered":"https:\/\/presspart.com\/therapeutic-areas\/"},"modified":"2025-10-21T09:22:14","modified_gmt":"2025-10-21T09:22:14","slug":"therapiegebiete","status":"publish","type":"page","link":"https:\/\/presspart.com\/de\/therapiegebiete\/","title":{"rendered":"Therapeutic Areas"},"content":{"rendered":"\n<style>\n  #inner-page-hero-block_1b4c27c05934b52250fe015d4adc2770{\n    background-image: url('https:\/\/presspart.com\/wp-content\/uploads\/2024\/10\/therapeutic-areas.jpg'); background-position: center;\n  }\n  \n  <\/style>\n\n<section id=\"inner-page-hero-block_1b4c27c05934b52250fe015d4adc2770\" class=\"inner-page-hero overflow-hidden  h-[100vh] xl:h-screen max-h-[1080px]  bg-no-repeat bg-right  \">\n  <!-- <div class=\"bg-purple shape\"><\/div> -->\n  \n  <div class=\"shape-overlay flex absolute items-center left-[-40vw] lg-pro:-left-[30vw] top-[-95vh] lg-pro:top-[-31vh] 2xl:top-[-95vh] z-[20] w-[300vw] sm:w-[250vw] lg:w-[200vw] 2xl:w-[140vw] h-[220vh] 2xl:h-[300vh] pointer-events-none\">\n            <div class=\"blue-column bg-purple h-[300vh] flex-grow first:ml-0 ml-[-1px]\"><\/div>\n            <div class=\"blue-column bg-purple h-[300vh] flex-grow first:ml-0 ml-[-1px]\"><\/div>\n            <div class=\"blue-column bg-purple h-[300vh] flex-grow first:ml-0 ml-[-1px]\"><\/div>\n            <div class=\"blue-column bg-purple h-[300vh] flex-grow first:ml-0 ml-[-1px]\"><\/div>\n            <div class=\"blue-column bg-purple h-[300vh] flex-grow first:ml-0 ml-[-1px]\"><\/div>\n            <div class=\"blue-column bg-purple h-[300vh] flex-grow first:ml-0 ml-[-1px]\"><\/div>\n            <div class=\"blue-column bg-purple h-[300vh] flex-grow first:ml-0 ml-[-1px]\"><\/div>\n            <div class=\"blue-column bg-purple h-[300vh] flex-grow first:ml-0 ml-[-1px]\"><\/div>\n            <div class=\"blue-column bg-purple h-[300vh] flex-grow first:ml-0 ml-[-1px]\"><\/div>\n            <div class=\"blue-column bg-purple h-[300vh] flex-grow first:ml-0 ml-[-1px]\"><\/div>\n            <div class=\"blue-column bg-purple h-[300vh] flex-grow first:ml-0 ml-[-1px]\"><\/div>\n            <div class=\"blue-column bg-purple h-[300vh] flex-grow first:ml-0 ml-[-1px]\"><\/div>\n            <div class=\"blue-column bg-purple h-[300vh] flex-grow first:ml-0 ml-[-1px]\"><\/div>\n            <div class=\"blue-column bg-purple h-[300vh] flex-grow first:ml-0 ml-[-1px]\"><\/div>\n            <div class=\"blue-column bg-purple h-[300vh] flex-grow first:ml-0 ml-[-1px]\"><\/div>\n            <div class=\"blue-column bg-purple h-[300vh] flex-grow first:ml-0 ml-[-1px]\"><\/div>\n            <div class=\"blue-column bg-purple h-[300vh] flex-grow first:ml-0 ml-[-1px]\"><\/div>\n            <div class=\"blue-column bg-purple h-[300vh] flex-grow first:ml-0 ml-[-1px]\"><\/div>\n            <div class=\"blue-column bg-purple h-[300vh] flex-grow first:ml-0 ml-[-1px]\"><\/div>\n            <div class=\"blue-column bg-purple h-[300vh] flex-grow first:ml-0 ml-[-1px]\"><\/div>\n      <\/div>\n\n  <div class=\" flex h-full items-center mx-auto lg:container 2xl:max-w-screen-2xl w-full lg-pro:w-[calc(100%-80px)]\">\n    <h1 class=\"z-10 px-5 sm:px-10 xl:px-0 py-10 lg-pro:h-[unset] lg-pro:bg-[unset] text-35 md:text-l lg:text-70 2xl:text-xl leading-[1.11] w-screen lg-pro:w-[unset] font-medium text-white lg-pro:max-w-[825px]\">Therapiegebiete<\/h1>\n  <\/div>\n<\/section>\n\n\n\n<section id=\"two-col-text-block_b72d7622b5ae9095c3dbfb5bde04914f\" class=\"two-col-text\" style=\"background-color: #004C93\">\n  <div class=\"site-container grid lg:grid-cols-2 gap-5 md:gap-10 container mx-auto py-24 md:py-40\">\n    <div class=\"left-section\">\n              <h1 class=\"text-yellow leading-[1.1] font-medium 2xl:mr-20 text-25 md:text-35 lg:text-50\" data-aos=\"fade-up\">Innovative L\u00f6sungen zur Verabreichung von Medikamenten f\u00fcr eine Reihe von M\u00e4rkten<\/h1>\n          <\/div>\n    <div class=\"right-section text-white text-18 md:text-md xl-medium:text-26 leading-[1.25]\">\n              <div class=\"wysywig \" data-aos=\"fade-up\" data-aos-delay=\"400\">\n          <p>Wir sind f\u00fchrend in der Entwicklung und Herstellung von Systemen zur Verabreichung von Medikamenten in verschiedenen Therapiegebieten. Unser umfassendes Wissen deckt mehrere M\u00e4rkte ab, die Herausforderungen und M\u00f6glichkeiten zur Verbesserung der Patientenversorgung und der Behandlungsergebnisse bieten. Dank unserer Spezialisierung auf die Bereiche Inhalation, Diagnostik, Augenheilkunde und Parenteralia arbeiten wir mit globalen Pharmaunternehmen, um qualitativ hochwertige Verabreichungssysteme f\u00fcr Patienten zu entwickeln und herzustellen.<\/p>\n        <\/div>\n      \n          <\/div>\n  <\/div>\n<\/section>\n\n\n\n<section id=\"product-listing-block_50ed5a32f081da4d5c8dfb7b900e5889\" class=\"product-listing py-24 lg:py-36 bg-text\">\n  <div class=\"site-container flex flex-col site-container container mx-auto\">\n    <div class=\"products grid grid-cols-1 gap-16 md:gap-24 xl:gap-36\">\n      \n        <div id=\"inhalation\" class=\"grid lg:grid-cols-[1.2fr_1fr] gap-6\">\n            <h2 class=\"text-35 md:text-50 xl:text-70 font-medium leading-[1.1] mb-6 sm:mb-16 lg:col-span-2\">Inhalation<\/h2>\n\n            <div class=\"image-container flex items-center justify-center\">\n                                    <video autoplay muted loop class=\"w-full h-auto object-center object-cover\">\n                        <source src=\"https:\/\/presspart.com\/wp-content\/uploads\/2025\/10\/Sunriser.mp4\" type=\"video\/mp4\" >\n                    <\/video>\n                            <\/div>\n            <div class=\"content flex flex-col max-w-full xl:max-w-[528px]\">\n                <div class=\"wysywig\">\n                    <p>Der Inhalationsmarkt konzentriert sich auf die direkte Verabreichung von Medikamenten in die Lunge durch inhalierbare Formen wie Dosieraerosole (MDI), Trockenpulverinhalatoren (DPI), Soft-Mist-Inhalatoren (SMI) und Vernebler. Der Markt w\u00e4chst in erster Linie aufgrund steigender Pr\u00e4valenz von Atemwegserkrankungen wie Asthma, chronisch obstruktiver Lungenerkrankung (COPD) und anderen lungenbezogenen und systemischen Erkrankungen. Der Schwerpunkt liegt zunehmend auf patientenfreundlichen und umweltfreundlicheren Ger\u00e4ten wie treibgasfreien und digitalen Inhalatoren.<\/p>\n<p>H&amp;T Presspart ist f\u00fchrend in der Entwicklung und Herstellung von <a href=\"https:\/\/presspart.com\/drug-delivery-solutions\/\">Komponenten und Ger\u00e4ten f\u00fcr die Inhalation<\/a>. Unsere internen Analyse- und Entwicklungsteams bieten ein umfassendes Serviceangebot, um den Weg zur Marktreife zu beschleunigen.<\/p>\n                <\/div>\n            <\/div>\n        <\/div>\n\n        <div class=\"keyline-container relative last:hidden\">\n            <div class=\"absolute line h-[1px] bg-[#252525] w-screen left-1\/2 -translate-x-1\/2\"><\/div>\n        <\/div>\n\n        \n        <div id=\"parenteral\" class=\"grid lg:grid-cols-[1.2fr_1fr] gap-6\">\n            <h2 class=\"text-35 md:text-50 xl:text-70 font-medium leading-[1.1] mb-6 sm:mb-16 lg:col-span-2\">Parenteral<\/h2>\n\n            <div class=\"image-container flex items-center justify-center\">\n                                    <video autoplay muted loop class=\"w-full h-auto object-center object-cover\">\n                        <source src=\"https:\/\/presspart.com\/wp-content\/uploads\/2024\/10\/Injectable-Drug-Delivery-1.mp4\" type=\"video\/mp4\" >\n                    <\/video>\n                            <\/div>\n            <div class=\"content flex flex-col max-w-full xl:max-w-[528px]\">\n                <div class=\"wysywig\">\n                    <p>Der parenterale Markt umfasst Medikamente, die durch Injektionen, wie z. B. intraven\u00f6se (IV), intramuskul\u00e4re (IM) und subkutane (SC) Methoden, verabreicht werden. Dieser Markt verzeichnet ein starkes Wachstum, getrieben durch den wachsenden Bedarf an Biologika, Impfstoffen und komplexen Arzneimitteln, die eine maximale Wirksamkeit durch pr\u00e4zise und schnelle Verabreichung in den Blutkreislauf haben. Der parenterale Markt umfasst eine breite Palette von Produkten, darunter vorgef\u00fcllte Spritzen (PFS), Fl\u00e4schchen, Ampullen und moderne Verabreichungssysteme wie Autoinjektoren und tragbare Ger\u00e4te.<\/p>\n<p>H&amp;T Presspart entwickelt und industrialisiert <a href=\"https:\/\/presspart.com\/success-stories\/\">parenterale Arzneimittelverabreichungssysteme<\/a> wie Autoinjektoren. Im Jahr 2025 wird unser Vytal Ready-to-Use (RTU) Snap-fit Container Closure System (CCS) auf den Markt kommen<strong>.<\/strong><\/p>\n                <\/div>\n            <\/div>\n        <\/div>\n\n        <div class=\"keyline-container relative last:hidden\">\n            <div class=\"absolute line h-[1px] bg-[#252525] w-screen left-1\/2 -translate-x-1\/2\"><\/div>\n        <\/div>\n\n        \n        <div id=\"ocular\" class=\"grid lg:grid-cols-[1.2fr_1fr] gap-6\">\n            <h2 class=\"text-35 md:text-50 xl:text-70 font-medium leading-[1.1] mb-6 sm:mb-16 lg:col-span-2\">Augenheilkunde<\/h2>\n\n            <div class=\"image-container flex items-center justify-center\">\n                                    <video autoplay muted loop class=\"w-full h-auto object-center object-cover\">\n                        <source src=\"https:\/\/presspart.com\/wp-content\/uploads\/2024\/10\/Ocular-Drug-Delivery-1.mp4\" type=\"video\/mp4\" >\n                    <\/video>\n                            <\/div>\n            <div class=\"content flex flex-col max-w-full xl:max-w-[528px]\">\n                <div class=\"wysywig\">\n                    <p>Mit der zunehmenden Alterung der Bev\u00f6lkerung steigt auch die Pr\u00e4valenz von Augenkrankheiten wie Glaukom,\u00a0 Makuladegeneration und diabetische Retinopathie, was den Markt f\u00fcr okulare Arzneimittelabgabe zu einem bedeutenden Wachstumsbereich innerhalb des Pharmasektors macht. Er umfasst eine Reihe von Verabreichungsformen, darunter Augentropfen, Augenimplantate und innovative Systeme mit verz\u00f6gerter Freisetzung, die die nat\u00fcrlichen Barrieren des Auges \u00fcberwinden und die Bioverf\u00fcgbarkeit von Medikamenten verbessern.<\/p>\n<p>H&amp;T Presspart hat bereits mit mehreren Unternehmen bei der spezialisierten Entwicklung und Herstellung von <a href=\"https:\/\/presspart.com\/de\/erfolgsgeschichten\/\">Augenimplantaten zusammengearbeitet<\/a> und ist damit gut positioniert, um weitere Pharmaunternehmen bei der Markteinf\u00fchrung von Augenger\u00e4ten zu unterst\u00fctzen.<\/p>\n                <\/div>\n            <\/div>\n        <\/div>\n\n        <div class=\"keyline-container relative last:hidden\">\n            <div class=\"absolute line h-[1px] bg-[#252525] w-screen left-1\/2 -translate-x-1\/2\"><\/div>\n        <\/div>\n\n        \n        <div id=\"diagnostics\" class=\"grid lg:grid-cols-[1.2fr_1fr] gap-6\">\n            <h2 class=\"text-35 md:text-50 xl:text-70 font-medium leading-[1.1] mb-6 sm:mb-16 lg:col-span-2\">Diagnostik<\/h2>\n\n            <div class=\"image-container flex items-center justify-center\">\n                                    <video autoplay muted loop class=\"w-full h-auto object-center object-cover\">\n                        <source src=\"https:\/\/presspart.com\/wp-content\/uploads\/2024\/10\/Diagnostics-1.mp4\" type=\"video\/mp4\" >\n                    <\/video>\n                            <\/div>\n            <div class=\"content flex flex-col max-w-full xl:max-w-[528px]\">\n                <div class=\"wysywig\">\n                    <p>Der Markt f\u00fcr medizinische Diagnostik umfasst ein breites Spektrum an Ger\u00e4ten und Technologien, die zur Erkennung von Krankheiten bei Patienten eingesetzt werden. Diesem Markt steht ein betr\u00e4chtliches Wachstum bevor, das durch den technologischen Fortschritt, die steigende Nachfrage nach Fr\u00fcherkennung von Krankheiten und den weltweit zunehmenden Bedarf an Gesundheitsleistungen getrieben wird.<\/p>\n<p>Bei H&amp;T Presspart stellen wir <a href=\"https:\/\/presspart.com\/success-stories\/\">verschiedene Ger\u00e4te f\u00fcr In-vitro-Diagnosetests<\/a> her, darunter Blutkarten f\u00fcr die Blutgruppenbestimmung und die Untersuchung von Antik\u00f6rpern sowie ein Testger\u00e4t zur \u00dcberwachung des Calprotectin-Spiegels bei Patienten.<\/p>\n                <\/div>\n            <\/div>\n        <\/div>\n\n        <div class=\"keyline-container relative last:hidden\">\n            <div class=\"absolute line h-[1px] bg-[#252525] w-screen left-1\/2 -translate-x-1\/2\"><\/div>\n        <\/div>\n\n            <\/div>\n  <\/div>\n<\/section>\n\n\n<section id=\"contact-cta-block_e857d8801bc836b76959d49a6429e029\" class=\"contact-cta py-36 md:py-0 md:h-[829px]\" style=\"background-color: #ffbb00\">\n  <div class=\"site-container text-center flex flex-col items-center justify-center max-w-[950px] text-white mx-auto h-full\">\n    <h1 class=\"font-medium leading-[1.1] text-l lg:text-70 xl:text-xl mb-10\" data-aos=\"fade-up\">Lassen Sie uns zusammenarbeiten<\/h1>\n    <p class=\"text-22 md:text-25 lg:text-30  w-4\/5 mb-20 md:mb-11\" data-aos=\"fade-up\" data-aos-delay=\"300\">Wir w\u00fcrden gerne mehr \u00fcber Ihr Projekt erfahren<\/p>\n    <a href=\"https:\/\/presspart.com\/de\/kontakt\/\" target=\"\" class=\"btn-white-bg hover:after:bg-white leading-none text-25 hover:!text-white lg:text-30 text-center\" style=\"color: #ffbb00\">Kontaktieren Sie uns<\/a>\n  <\/div>\n<\/section>\n","protected":false},"excerpt":{"rendered":"","protected":false},"author":1,"featured_media":0,"parent":0,"menu_order":0,"comment_status":"closed","ping_status":"closed","template":"","meta":{"_acf_changed":false,"footnotes":""},"class_list":["post-6116","page","type-page","status-publish","hentry"],"acf":[],"yoast_head":"<!-- This site is optimized with the Yoast SEO plugin v27.0 - https:\/\/yoast.com\/product\/yoast-seo-wordpress\/ -->\n<title>Therapiegebiete | H&amp;T Presspart<\/title>\n<meta name=\"description\" content=\"Wir sind f\u00fchrend in der Entwicklung und Herstellung von Systemen zur Verabreichung von Medikamenten in verschiedenen Therapiegebieten.\" \/>\n<meta name=\"robots\" content=\"index, follow, max-snippet:-1, max-image-preview:large, max-video-preview:-1\" \/>\n<link rel=\"canonical\" href=\"https:\/\/presspart.com\/de\/therapiegebiete\/\" \/>\n<meta property=\"og:locale\" content=\"de_DE\" \/>\n<meta property=\"og:type\" content=\"article\" \/>\n<meta property=\"og:title\" content=\"Therapiegebiete | H&amp;T Presspart\" \/>\n<meta property=\"og:description\" content=\"Wir sind f\u00fchrend in der Entwicklung und Herstellung von Systemen zur Verabreichung von Medikamenten in verschiedenen Therapiegebieten.\" \/>\n<meta property=\"og:url\" content=\"https:\/\/presspart.com\/de\/therapiegebiete\/\" \/>\n<meta property=\"og:site_name\" content=\"H&amp;T Presspart\" \/>\n<meta property=\"article:modified_time\" content=\"2025-10-21T09:22:14+00:00\" \/>\n<meta name=\"twitter:card\" content=\"summary_large_image\" \/>\n<script type=\"application\/ld+json\" class=\"yoast-schema-graph\">{\"@context\":\"https:\/\/schema.org\",\"@graph\":[{\"@type\":\"WebPage\",\"@id\":\"https:\/\/presspart.com\/de\/therapiegebiete\/\",\"url\":\"https:\/\/presspart.com\/de\/therapiegebiete\/\",\"name\":\"Therapiegebiete | H&amp;T Presspart\",\"isPartOf\":{\"@id\":\"https:\/\/presspart.com\/de\/#website\"},\"datePublished\":\"2024-10-29T20:53:39+00:00\",\"dateModified\":\"2025-10-21T09:22:14+00:00\",\"description\":\"Wir sind f\u00fchrend in der Entwicklung und Herstellung von Systemen zur Verabreichung von Medikamenten in verschiedenen Therapiegebieten.\",\"breadcrumb\":{\"@id\":\"https:\/\/presspart.com\/de\/therapiegebiete\/#breadcrumb\"},\"inLanguage\":\"de\",\"potentialAction\":[{\"@type\":\"ReadAction\",\"target\":[\"https:\/\/presspart.com\/de\/therapiegebiete\/\"]}]},{\"@type\":\"BreadcrumbList\",\"@id\":\"https:\/\/presspart.com\/de\/therapiegebiete\/#breadcrumb\",\"itemListElement\":[{\"@type\":\"ListItem\",\"position\":1,\"name\":\"Home\",\"item\":\"https:\/\/presspart.com\/de\/\"},{\"@type\":\"ListItem\",\"position\":2,\"name\":\"Therapeutic Areas\"}]},{\"@type\":\"WebSite\",\"@id\":\"https:\/\/presspart.com\/de\/#website\",\"url\":\"https:\/\/presspart.com\/de\/\",\"name\":\"H&amp;T Presspart\",\"description\":\"\",\"potentialAction\":[{\"@type\":\"SearchAction\",\"target\":{\"@type\":\"EntryPoint\",\"urlTemplate\":\"https:\/\/presspart.com\/de\/?s={search_term_string}\"},\"query-input\":{\"@type\":\"PropertyValueSpecification\",\"valueRequired\":true,\"valueName\":\"search_term_string\"}}],\"inLanguage\":\"de\"}]}<\/script>\n<!-- \/ Yoast SEO plugin. -->","yoast_head_json":{"title":"Therapiegebiete | H&amp;T Presspart","description":"Wir sind f\u00fchrend in der Entwicklung und Herstellung von Systemen zur Verabreichung von Medikamenten in verschiedenen Therapiegebieten.","robots":{"index":"index","follow":"follow","max-snippet":"max-snippet:-1","max-image-preview":"max-image-preview:large","max-video-preview":"max-video-preview:-1"},"canonical":"https:\/\/presspart.com\/de\/therapiegebiete\/","og_locale":"de_DE","og_type":"article","og_title":"Therapiegebiete | H&amp;T Presspart","og_description":"Wir sind f\u00fchrend in der Entwicklung und Herstellung von Systemen zur Verabreichung von Medikamenten in verschiedenen Therapiegebieten.","og_url":"https:\/\/presspart.com\/de\/therapiegebiete\/","og_site_name":"H&amp;T Presspart","article_modified_time":"2025-10-21T09:22:14+00:00","twitter_card":"summary_large_image","schema":{"@context":"https:\/\/schema.org","@graph":[{"@type":"WebPage","@id":"https:\/\/presspart.com\/de\/therapiegebiete\/","url":"https:\/\/presspart.com\/de\/therapiegebiete\/","name":"Therapiegebiete | H&amp;T Presspart","isPartOf":{"@id":"https:\/\/presspart.com\/de\/#website"},"datePublished":"2024-10-29T20:53:39+00:00","dateModified":"2025-10-21T09:22:14+00:00","description":"Wir sind f\u00fchrend in der Entwicklung und Herstellung von Systemen zur Verabreichung von Medikamenten in verschiedenen Therapiegebieten.","breadcrumb":{"@id":"https:\/\/presspart.com\/de\/therapiegebiete\/#breadcrumb"},"inLanguage":"de","potentialAction":[{"@type":"ReadAction","target":["https:\/\/presspart.com\/de\/therapiegebiete\/"]}]},{"@type":"BreadcrumbList","@id":"https:\/\/presspart.com\/de\/therapiegebiete\/#breadcrumb","itemListElement":[{"@type":"ListItem","position":1,"name":"Home","item":"https:\/\/presspart.com\/de\/"},{"@type":"ListItem","position":2,"name":"Therapeutic Areas"}]},{"@type":"WebSite","@id":"https:\/\/presspart.com\/de\/#website","url":"https:\/\/presspart.com\/de\/","name":"H&amp;T Presspart","description":"","potentialAction":[{"@type":"SearchAction","target":{"@type":"EntryPoint","urlTemplate":"https:\/\/presspart.com\/de\/?s={search_term_string}"},"query-input":{"@type":"PropertyValueSpecification","valueRequired":true,"valueName":"search_term_string"}}],"inLanguage":"de"}]}},"_links":{"self":[{"href":"https:\/\/presspart.com\/de\/wp-json\/wp\/v2\/pages\/6116","targetHints":{"allow":["GET"]}}],"collection":[{"href":"https:\/\/presspart.com\/de\/wp-json\/wp\/v2\/pages"}],"about":[{"href":"https:\/\/presspart.com\/de\/wp-json\/wp\/v2\/types\/page"}],"author":[{"embeddable":true,"href":"https:\/\/presspart.com\/de\/wp-json\/wp\/v2\/users\/1"}],"replies":[{"embeddable":true,"href":"https:\/\/presspart.com\/de\/wp-json\/wp\/v2\/comments?post=6116"}],"version-history":[{"count":7,"href":"https:\/\/presspart.com\/de\/wp-json\/wp\/v2\/pages\/6116\/revisions"}],"predecessor-version":[{"id":7324,"href":"https:\/\/presspart.com\/de\/wp-json\/wp\/v2\/pages\/6116\/revisions\/7324"}],"wp:attachment":[{"href":"https:\/\/presspart.com\/de\/wp-json\/wp\/v2\/media?parent=6116"}],"curies":[{"name":"wp","href":"https:\/\/api.w.org\/{rel}","templated":true}]}}