{"id":6730,"date":"2025-03-21T08:45:08","date_gmt":"2025-03-21T08:45:08","guid":{"rendered":"https:\/\/presspart.com\/vytal-rtu-snap-fit-closure\/"},"modified":"2025-06-02T12:49:36","modified_gmt":"2025-06-02T12:49:36","slug":"vytal-rtu-snap-fit-closure","status":"publish","type":"page","link":"https:\/\/presspart.com\/de\/vytal-rtu-snap-fit-closure\/","title":{"rendered":"Vytal\u00ae RTU"},"content":{"rendered":"\n<style>\n  #inner-page-hero-block_5feafec5e8d633750ad5c352f0d019f3{\n    background-image: url(''); background-position: center;\n  }\n  \n  <\/style>\n\n<section id=\"inner-page-hero-block_5feafec5e8d633750ad5c352f0d019f3\" class=\"inner-page-hero overflow-hidden  h-[100vh] xl:h-screen max-h-[1080px]  bg-no-repeat bg-right  overlay  \">\n  <!-- <div class=\"bg-blue shape\"><\/div> -->\n        <div class=\"video-i absolute w-screen h-[100vh] md:h-screen z-[-1]\">\n        <video id=\"video\" class=\"w-screen h-[100vh] md:h-screen object-cover\" preload=\"auto\" playsinline autoplay muted loop >\n                          <source src=\"https:\/\/presspart.com\/wp-content\/uploads\/2025\/03\/Vytal-Page-Header-Video.mp4\" type=\"video\/mp4\">\n                                      <source src=\"https:\/\/vimeo.com\/1068115934?share=copy\" type=\"video\/mp4\">\n                    <\/video>\n      <\/div>\n  \n  <div class=\"shape-overlay flex absolute items-center left-[-40vw] lg-pro:-left-[30vw] top-[-95vh] lg-pro:top-[-31vh] 2xl:top-[-95vh] z-[20] w-[300vw] sm:w-[250vw] lg:w-[200vw] 2xl:w-[140vw] h-[220vh] 2xl:h-[300vh] pointer-events-none\">\n            <div class=\"blue-column bg-blue h-[300vh] flex-grow first:ml-0 ml-[-1px]\"><\/div>\n            <div class=\"blue-column bg-blue h-[300vh] flex-grow first:ml-0 ml-[-1px]\"><\/div>\n            <div class=\"blue-column bg-blue h-[300vh] flex-grow first:ml-0 ml-[-1px]\"><\/div>\n            <div class=\"blue-column bg-blue h-[300vh] flex-grow first:ml-0 ml-[-1px]\"><\/div>\n            <div class=\"blue-column bg-blue h-[300vh] flex-grow first:ml-0 ml-[-1px]\"><\/div>\n            <div class=\"blue-column bg-blue h-[300vh] flex-grow first:ml-0 ml-[-1px]\"><\/div>\n            <div class=\"blue-column bg-blue h-[300vh] flex-grow first:ml-0 ml-[-1px]\"><\/div>\n            <div class=\"blue-column bg-blue h-[300vh] flex-grow first:ml-0 ml-[-1px]\"><\/div>\n            <div class=\"blue-column bg-blue h-[300vh] flex-grow first:ml-0 ml-[-1px]\"><\/div>\n            <div class=\"blue-column bg-blue h-[300vh] flex-grow first:ml-0 ml-[-1px]\"><\/div>\n            <div class=\"blue-column bg-blue h-[300vh] flex-grow first:ml-0 ml-[-1px]\"><\/div>\n            <div class=\"blue-column bg-blue h-[300vh] flex-grow first:ml-0 ml-[-1px]\"><\/div>\n            <div class=\"blue-column bg-blue h-[300vh] flex-grow first:ml-0 ml-[-1px]\"><\/div>\n            <div class=\"blue-column bg-blue h-[300vh] flex-grow first:ml-0 ml-[-1px]\"><\/div>\n            <div class=\"blue-column bg-blue h-[300vh] flex-grow first:ml-0 ml-[-1px]\"><\/div>\n            <div class=\"blue-column bg-blue h-[300vh] flex-grow first:ml-0 ml-[-1px]\"><\/div>\n            <div class=\"blue-column bg-blue h-[300vh] flex-grow first:ml-0 ml-[-1px]\"><\/div>\n            <div class=\"blue-column bg-blue h-[300vh] flex-grow first:ml-0 ml-[-1px]\"><\/div>\n            <div class=\"blue-column bg-blue h-[300vh] flex-grow first:ml-0 ml-[-1px]\"><\/div>\n            <div class=\"blue-column bg-blue h-[300vh] flex-grow first:ml-0 ml-[-1px]\"><\/div>\n      <\/div>\n\n  <div class=\" flex h-full items-center mx-auto lg:container 2xl:max-w-screen-2xl w-full lg-pro:w-[calc(100%-80px)]\">\n    <h1 class=\"z-10 px-5 sm:px-10 xl:px-0 py-10 lg-pro:h-[unset] lg-pro:bg-[unset] text-35 md:text-l lg:text-70 2xl:text-xl leading-[1.11] w-screen lg-pro:w-[unset] font-medium text-white lg-pro:max-w-[825px]\">Vytal\u00ae RTU-  <br>Schnappverschluss<\/h1>\n  <\/div>\n<\/section>\n\n\n\n<section id=\"text-video-block_216e5a987b7d581c471c2fdf6e142ba2\" class=\"text-video py-20 md:py-[136px] \">\n  <div class=\"flex container mx-auto flex-col sm:max-w-[100%-46px]\">\n    <div class=\"main-container md:max-w-[85vw] mb-10 md:mb-14 lg-pro:mb-[70px] w-[calc(100%-46px)] xl:w-full mx-auto\">\n        <h1 class=\"font-medium leading-[1.1] text-35 md:text-l lg-pro:text-70 lg:max-w-[1200px] \" data-aos=\"fade-up\">A game-changer for the ready-to-use parenteral market<\/h1>\n    <\/div>\n    <div class=\"grid lg-pro:grid-cols-[1.1fr_1.75fr] relative max-w-full mx-auto md:max-w-[85vw] gap-14 2xl:gap-36\">\n      <div class=\"text wysywig w-[calc(100%-46px)] md:w-full mx-auto lg-pro:text-22 leading-[1.25]\">\n        <p>Vytal\u00ae ist ein innovativer RTU-Schnappverschluss, der speziell f\u00fcr die Produktion von kleinen bis mittleren Chargen fortschrittlicher Therapeutika entwickelt wurde, einschlie\u00dflich Biologika, viraler Vektoren, mRNA, Antik\u00f6rper-Wirkstoff-Konjugate, Zell- und Gentherapien sowie Orphan-Arzneimittel.<\/p>\n<p>Entwickelt unter den strengen Anforderungen von ISO13485 und GMP Annex I, unterst\u00fctzt Vytal\u00ae pharmazeutische Unternehmen dabei, die Zeit bis zur Markteinf\u00fchrung zu verk\u00fcrzen, w\u00e4hrend hohe Qualit\u00e4tsstandards aufrechterhalten werden. Vytal\u00ae erf\u00fcllt die Anforderungen moderner Abf\u00fclltechnologien und die Herausforderungen eines wettbewerbsintensiven Marktes.<\/p>\n      <\/div>\n      <div class=\"media-container w-[calc(100vw-40px)] sm:max-w-[640px] md:max-w-[831px] lg-pro:w-[50vw] 2xl:-w-[49vw] mx-auto overflow-hidden\">\n        <div class=\"media-wrapper relative w-full h-fit\">\n                      <div class=\"w-full h-auto aspect-[94\/53] relative\">\n                              <!-- Main Vimeo player with controls (hidden initially) -->\n                <iframe \n                  id=\"vimeo-player-block_216e5a987b7d581c471c2fdf6e142ba2\"\n                  class=\"w-full h-full video-player vimeo-player-with-controls\"\n                  src=\"https:\/\/player.vimeo.com\/video\/1068115934?background=0&#038;autoplay=0&#038;loop=1&#038;byline=0&#038;title=0&#038;controls=1\"\n                  frameborder=\"0\"\n                  allow=\"autoplay; fullscreen; picture-in-picture\"\n                  allowfullscreen\n                  data-video-type=\"vimeo\"\n                  style=\"display: none;\">\n                <\/iframe>\n                <!-- Overlay Vimeo player without controls (visible initially) -->\n                <iframe \n                  id=\"vimeo-player-overlay-block_216e5a987b7d581c471c2fdf6e142ba2\"\n                  class=\"w-full h-full video-player vimeo-player-overlay\"\n                  src=\"https:\/\/player.vimeo.com\/video\/1068115934?background=0&#038;autoplay=0&#038;loop=1&#038;byline=0&#038;title=0&#038;controls=0\"\n                  frameborder=\"0\"\n                  allow=\"autoplay; fullscreen; picture-in-picture\"\n                  allowfullscreen\n                  data-video-type=\"vimeo-overlay\">\n                <\/iframe>\n              \n              <button class=\"play-button absolute bottom-0 left-0 cursor-pointer border-0 bg-white p-0\">\n                <svg class=\"w-16 md:w-[88px] h-auto\" xmlns=\"http:\/\/www.w3.org\/2000\/svg\" width=\"88\" height=\"88\" viewBox=\"0 0 88 88\">\n                    <g id=\"Group_3921\" data-name=\"Group 3921\" transform=\"translate(-834 -2000)\">\n                        <rect id=\"Rectangle_7827\" data-name=\"Rectangle 7827\" width=\"88\" height=\"88\" transform=\"translate(922 2088) rotate(180)\" fill=\"#fff\"\/>\n                        <path id=\"Path_1781\" data-name=\"Path 1781\" d=\"M363.2,172.375,345.113,197.46l-18.085-25.085Z\" transform=\"translate(695.125 2388.527) rotate(-90)\" fill=\"none\" stroke=\"#000\" stroke-width=\"2\"\/>\n                    <\/g>\n                <\/svg>\n              <\/button>\n            <\/div>\n                  <\/div>\n      <\/div>\n    <\/div>\n  <\/div>\n<\/section>\n\n<!-- Add Video Player APIs -->\n<script src=\"https:\/\/player.vimeo.com\/api\/player.js\"><\/script>\n<script src=\"https:\/\/www.youtube.com\/iframe_api\"><\/script>\n\n\n<section id=\"key-features-block_6017e6cae546e0ae195b2891942a3a9d\" class=\"key-features bg-[#004C93] py-[100px] md:py-24 xl:pt-[106px] xl:pb-[165px]\">\n  <div class=\"site-container\">\n          <h2 class=\"text-white text-[30px] md:text-[40px] lg:text-[50px] text-center mb-[90px] lg:mb-24 xl:mb-32\">Hauptmerkmale<\/h2>\n    \n          <div class=\"grid grid-cols-2 lg:grid-cols-4 gap-3 sm:gap-8 gap-y-[75px] lg:gap-y-24 xl:gap-y-32 text-white max-w-[1360px] mx-auto\">\n                  <div class=\"flex flex-col items-center text-center\">\n                          <img decoding=\"async\" src=\"https:\/\/presspart.com\/wp-content\/uploads\/2025\/03\/Group-3960-1-1.svg\" alt=\"\" class=\"w-16 h-16 mb-4\">\n                                      <p class=\"text-lg md:block hidden\">Gebrauchsfertiges Schnappverschluss-<br \/>\r\nSystem (RTU)<\/p>\n                              <p class=\"text-lg md:hidden block\">Gebrauchsfertiges <br \/>\r\nSchnappverschluss-<br \/>\r\nSystem (RTU)<\/p>\n                                    <\/div>\n                  <div class=\"flex flex-col items-center text-center\">\n                          <img decoding=\"async\" src=\"https:\/\/presspart.com\/wp-content\/uploads\/2025\/03\/Group-3961-1-1.svg\" alt=\"\" class=\"w-16 h-16 mb-4\">\n                                      <p class=\"text-lg md:block hidden\">CCI gew\u00e4hrleistet, auch bei <br \/>\r\nniedrigen Temperaturen (-80\u00b0C)<\/p>\n                              <p class=\"text-lg md:hidden block\">CCI gew\u00e4hrleistet, <br \/>\r\nauch bei niedrigen <br \/>\r\nTemperaturen (-80\u00b0C)<\/p>\n                                    <\/div>\n                  <div class=\"flex flex-col items-center text-center\">\n                          <img decoding=\"async\" src=\"https:\/\/presspart.com\/wp-content\/uploads\/2025\/03\/Group-3962-1-1.svg\" alt=\"\" class=\"w-16 h-16 mb-4\">\n                                      <p class=\"text-lg md:block hidden\">Ready-to-use (RTU)<\/p>\n                              <p class=\"text-lg md:hidden block\">Ready-to-use (RTU)<\/p>\n                                    <\/div>\n                  <div class=\"flex flex-col items-center text-center\">\n                          <img decoding=\"async\" src=\"https:\/\/presspart.com\/wp-content\/uploads\/2025\/03\/Group-3963-1-1.svg\" alt=\"\" class=\"w-16 h-16 mb-4\">\n                                      <p class=\"text-lg md:block hidden\">Kompatibilit\u00e4t mit standardm\u00e4\u00dfig <br \/>\r\nvermarkteten CSTD&#8217;s<\/p>\n                              <p class=\"text-lg md:hidden block\">Kompatibilit\u00e4t mit <br \/>\r\nstandardm\u00e4\u00dfig <br \/>\r\nvermarkteten CSTD&#8217;s<\/p>\n                                    <\/div>\n                  <div class=\"flex flex-col items-center text-center\">\n                          <img decoding=\"async\" src=\"https:\/\/presspart.com\/wp-content\/uploads\/2025\/03\/Group-3964-1-1.svg\" alt=\"\" class=\"w-16 h-16 mb-4\">\n                                      <p class=\"text-lg md:block hidden\">ISO-Abmessungen<\/p>\n                              <p class=\"text-lg md:hidden block\">ISO-Abmessungen<\/p>\n                                    <\/div>\n                  <div class=\"flex flex-col items-center text-center\">\n                          <img decoding=\"async\" src=\"https:\/\/presspart.com\/wp-content\/uploads\/2025\/03\/Group-3965-1-1.svg\" alt=\"\" class=\"w-16 h-16 mb-4\">\n                                      <p class=\"text-lg md:block hidden\">Reduzierte Partikelbildung<\/p>\n                              <p class=\"text-lg md:hidden block\">Reduzierte Partikelbildung<\/p>\n                                    <\/div>\n                  <div class=\"flex flex-col items-center text-center\">\n                          <img decoding=\"async\" src=\"https:\/\/presspart.com\/wp-content\/uploads\/2025\/03\/Group-3966-1-1.svg\" alt=\"\" class=\"w-16 h-16 mb-4\">\n                                      <p class=\"text-lg md:block hidden\">Kompatibilit\u00e4t mit <br \/>\r\nGlas- und COP-Vials<\/p>\n                              <p class=\"text-lg md:hidden block\">Kompatibilit\u00e4t mit <br \/>\r\nGlas- und COP-Vials<\/p>\n                                    <\/div>\n                  <div class=\"flex flex-col items-center text-center\">\n                          <img decoding=\"async\" src=\"https:\/\/presspart.com\/wp-content\/uploads\/2025\/03\/Group-3967-1-1.svg\" alt=\"\" class=\"w-16 h-16 mb-4\">\n                                      <p class=\"text-lg md:block hidden\">Niedriges Restvolumen<\/p>\n                              <p class=\"text-lg md:hidden block\">Niedriges Restvolumen<\/p>\n                                    <\/div>\n                  <div class=\"flex flex-col items-center text-center\">\n                          <img decoding=\"async\" src=\"https:\/\/presspart.com\/wp-content\/uploads\/2025\/03\/Group-3968-1-1.svg\" alt=\"\" class=\"w-16 h-16 mb-4\">\n                                      <p class=\"text-lg md:block hidden\">Genestet &#038; lose<\/p>\n                              <p class=\"text-lg md:hidden block\">Genestet &#038; lose<\/p>\n                                    <\/div>\n                  <div class=\"flex flex-col items-center text-center\">\n                          <img decoding=\"async\" src=\"https:\/\/presspart.com\/wp-content\/uploads\/2025\/03\/Group-3969-1-1.svg\" alt=\"\" class=\"w-16 h-16 mb-4\">\n                                      <p class=\"text-lg md:block hidden\">Volle Sichtbarkeit<\/p>\n                              <p class=\"text-lg md:hidden block\">Volle Sichtbarkeit<\/p>\n                                    <\/div>\n                  <div class=\"flex flex-col items-center text-center\">\n                          <img decoding=\"async\" src=\"https:\/\/presspart.com\/wp-content\/uploads\/2025\/03\/Group-3970-1-1.svg\" alt=\"\" class=\"w-16 h-16 mb-4\">\n                                      <p class=\"text-lg md:block hidden\">F\u00e4lschungssicherheit: <br \/>\r\nManipulationsnachweis (TE)<\/p>\n                              <p class=\"text-lg md:hidden block\">F\u00e4lschungssicherheit: <br \/>\r\nManipulationsnachweis (TE)<\/p>\n                                    <\/div>\n                  <div class=\"flex flex-col items-center text-center\">\n                          <img decoding=\"async\" src=\"https:\/\/presspart.com\/wp-content\/uploads\/2025\/03\/Group-3970-1-2.svg\" alt=\"\" class=\"w-16 h-16 mb-4\">\n                                      <p class=\"text-lg md:block hidden\">F\u00e4lschungssicherheit: <br \/>\r\nLaserkennzeichnung<\/p>\n                              <p class=\"text-lg md:hidden block\">F\u00e4lschungssicherheit: <br \/>\r\nLaserkennzeichnung<\/p>\n                                    <\/div>\n              <\/div>\n      <\/div>\n<\/section>\n\n\n\n<section id=\"exploded-view-block_0d3b80b7d9692993f88b40366906d988\" class=\"exploded-view py-16 md:py-24 xl:pt-[140px] xl:pb-[110px]\">\n  <div class=\"site-container !max-w-[1400px]\">\n    <div class=\"flex flex-col-reverse md:grid grid-cols-1 md:grid-cols-[1fr_1.7fr] lg:grid-cols-[1fr_1.4fr] md:gap-16\">\n      <!-- Left column: Image with PDF download link -->\n      <div class=\"flex flex-col justify-center items-center md:items-start pt-20 md:pt-0 md:pb-32\">\n                  <div class=\"mb-6\">\n            <img decoding=\"async\" src=\"https:\/\/presspart.com\/wp-content\/uploads\/2025\/03\/Group-3986-1-1.svg\" alt=\"Vytal RTU snap-fit closure logo\" class=\"w-fit h-auto max-w-[200px] md:max-w-[315px]\">\n          <\/div>\n                \n                  <a href=\"https:\/\/presspart.com\/wp-content\/uploads\/2025\/03\/Presspart-Vytal-Brochure-1.pdf\" download=\"Presspart-Vytal-Brochure\" class=\"button px-6 text-center leading-1 text-[17px] tracking-tight bg-blue text-white py-5 w-full max-w-[314px] mt-8 md:mt-16 xl:mt-[100px]\">\n            Brosch\u00fcre herunterladen          <\/a>\n              <\/div>\n      \n      <!-- Right column: Repeater of image and text with border-top styling -->\n      <div class=\"flex flex-col\">\n                              <div class=\"grid grid-cols-2 md:grid-cols-[1fr_1.8fr]\">\n                              <div class=\"w-full flex items-center justify-between\">\n                  <img decoding=\"async\" src=\"https:\/\/presspart.com\/wp-content\/uploads\/2025\/03\/Vytal-Exploded-001-1.jpg\" alt=\"\" class=\"w-full h-auto object-contain\">\n                <\/div>\n                            \n              <div class=\"flex-grow justify-center items-center text-right flex max-h-[200px]\">\n                                  <p class=\"text-[16px]] pt-[6px] border-t border-[rgba(0,0,0,0.33)] w-full mt-4\">\u201dFlip Away\u201d<\/p>\n                              <\/div>\n            <\/div>\n                      <div class=\"grid grid-cols-2 md:grid-cols-[1fr_1.8fr]\">\n                              <div class=\"w-full flex items-center justify-between\">\n                  <img decoding=\"async\" src=\"https:\/\/presspart.com\/wp-content\/uploads\/2025\/03\/Vytal-Exploded-002-1.jpg\" alt=\"\" class=\"w-full h-auto object-contain\">\n                <\/div>\n                            \n              <div class=\"flex-grow justify-center items-center text-right flex max-h-[200px]\">\n                                  <p class=\"text-[16px]] pt-[6px] border-t border-[rgba(0,0,0,0.33)] w-full mt-4\">\u201cClipCover End\u201d<\/p>\n                              <\/div>\n            <\/div>\n                      <div class=\"grid grid-cols-2 md:grid-cols-[1fr_1.8fr]\">\n                              <div class=\"w-full flex items-center justify-between\">\n                  <img decoding=\"async\" src=\"https:\/\/presspart.com\/wp-content\/uploads\/2025\/03\/Vytal-Exploded-003-1.jpg\" alt=\"\" class=\"w-full h-auto object-contain\">\n                <\/div>\n                            \n              <div class=\"flex-grow justify-center items-center text-right flex max-h-[200px]\">\n                                  <p class=\"text-[16px]] pt-[6px] border-t border-[rgba(0,0,0,0.33)] w-full mt-4\">\u201cClip-Cover Cage\u201d<\/p>\n                              <\/div>\n            <\/div>\n                      <div class=\"grid grid-cols-2 md:grid-cols-[1fr_1.8fr]\">\n                              <div class=\"w-full flex items-center justify-between\">\n                  <img decoding=\"async\" src=\"https:\/\/presspart.com\/wp-content\/uploads\/2025\/03\/Vytal-Exploded-004-1.jpg\" alt=\"\" class=\"w-full h-auto object-contain\">\n                <\/div>\n                            \n              <div class=\"flex-grow justify-center items-center text-right flex max-h-[200px]\">\n                                  <p class=\"text-[16px]] pt-[6px] border-t border-[rgba(0,0,0,0.33)] w-full mt-4\">Gummistopfen<\/p>\n                              <\/div>\n            <\/div>\n                      <div class=\"grid grid-cols-2 md:grid-cols-[1fr_1.8fr]\">\n                              <div class=\"w-full flex items-center justify-between\">\n                  <img decoding=\"async\" src=\"https:\/\/presspart.com\/wp-content\/uploads\/2025\/03\/Vytal-Exploded-005-1.jpg\" alt=\"\" class=\"w-full h-auto object-contain\">\n                <\/div>\n                            \n              <div class=\"flex-grow justify-center items-center text-right flex max-h-[200px]\">\n                                  <p class=\"text-[16px]] pt-[6px] border-t border-[rgba(0,0,0,0.33)] w-full mt-4\">Glas\/COP-Vial<\/p>\n                              <\/div>\n            <\/div>\n                        <\/div>\n    <\/div>\n  <\/div>\n<\/section> \n\n\n<section id=\"contact-cta-block_70b74296b285d4b7016c0bc61bf7ec95\" class=\"contact-cta py-36 md:py-0 md:h-[829px]\" style=\"background-color: #44d5ee\">\n  <div class=\"site-container text-center flex flex-col items-center justify-center max-w-[950px] text-white mx-auto h-full\">\n    <h1 class=\"font-medium leading-[1.1] text-l lg:text-70 xl:text-xl mb-10\" data-aos=\"fade-up\">Lassen Sie uns zusammenarbeiten<\/h1>\n    <p class=\"text-22 md:text-25 lg:text-30  w-4\/5 mb-20 md:mb-11\" data-aos=\"fade-up\" data-aos-delay=\"300\">Wir w\u00fcrden gerne mehr \u00fcber Ihr Projekt erfahren<\/p>\n    <a href=\"https:\/\/presspart.com\/de\/kontakt\/\" target=\"\" class=\"btn-white-bg hover:after:bg-white leading-none text-25 hover:!text-white lg:text-30 text-center\" style=\"color: #44d5ee\">Kontaktieren Sie uns<\/a>\n  <\/div>\n<\/section>\n","protected":false},"excerpt":{"rendered":"","protected":false},"author":1,"featured_media":0,"parent":0,"menu_order":0,"comment_status":"closed","ping_status":"closed","template":"","meta":{"_acf_changed":false,"footnotes":""},"class_list":["post-6730","page","type-page","status-publish","hentry"],"acf":[],"yoast_head":"<!-- This site is optimized with the Yoast SEO plugin v27.0 - https:\/\/yoast.com\/product\/yoast-seo-wordpress\/ -->\n<title>Vytal\u00ae RTU- Schnappverschluss | H&amp;T Presspart<\/title>\n<meta name=\"description\" content=\"Vytal\u00ae ist ein innovativer RTU-Schnappverschluss, der speziell f\u00fcr die Produktion von kleinen bis mittleren Chargen fortschrittlicher Therapeutika entwickelt wurde.\" \/>\n<meta name=\"robots\" content=\"index, follow, max-snippet:-1, max-image-preview:large, max-video-preview:-1\" \/>\n<link rel=\"canonical\" href=\"https:\/\/presspart.com\/de\/vytal-rtu-snap-fit-closure\/\" \/>\n<meta property=\"og:locale\" content=\"de_DE\" \/>\n<meta property=\"og:type\" content=\"article\" \/>\n<meta property=\"og:title\" content=\"Vytal\u00ae RTU- Schnappverschluss | H&amp;T Presspart\" \/>\n<meta property=\"og:description\" content=\"Vytal\u00ae ist ein innovativer RTU-Schnappverschluss, der speziell f\u00fcr die Produktion von kleinen bis mittleren Chargen fortschrittlicher Therapeutika entwickelt wurde.\" \/>\n<meta property=\"og:url\" content=\"https:\/\/presspart.com\/de\/vytal-rtu-snap-fit-closure\/\" \/>\n<meta property=\"og:site_name\" content=\"H&amp;T Presspart\" \/>\n<meta property=\"article:modified_time\" content=\"2025-06-02T12:49:36+00:00\" \/>\n<meta name=\"twitter:card\" content=\"summary_large_image\" \/>\n<script type=\"application\/ld+json\" class=\"yoast-schema-graph\">{\"@context\":\"https:\/\/schema.org\",\"@graph\":[{\"@type\":\"WebPage\",\"@id\":\"https:\/\/presspart.com\/de\/vytal-rtu-snap-fit-closure\/\",\"url\":\"https:\/\/presspart.com\/de\/vytal-rtu-snap-fit-closure\/\",\"name\":\"Vytal\u00ae RTU- Schnappverschluss | H&amp;T Presspart\",\"isPartOf\":{\"@id\":\"https:\/\/presspart.com\/de\/#website\"},\"datePublished\":\"2025-03-21T08:45:08+00:00\",\"dateModified\":\"2025-06-02T12:49:36+00:00\",\"description\":\"Vytal\u00ae ist ein innovativer RTU-Schnappverschluss, der speziell f\u00fcr die Produktion von kleinen bis mittleren Chargen fortschrittlicher Therapeutika entwickelt wurde.\",\"breadcrumb\":{\"@id\":\"https:\/\/presspart.com\/de\/vytal-rtu-snap-fit-closure\/#breadcrumb\"},\"inLanguage\":\"de\",\"potentialAction\":[{\"@type\":\"ReadAction\",\"target\":[\"https:\/\/presspart.com\/de\/vytal-rtu-snap-fit-closure\/\"]}]},{\"@type\":\"BreadcrumbList\",\"@id\":\"https:\/\/presspart.com\/de\/vytal-rtu-snap-fit-closure\/#breadcrumb\",\"itemListElement\":[{\"@type\":\"ListItem\",\"position\":1,\"name\":\"Home\",\"item\":\"https:\/\/presspart.com\/de\/\"},{\"@type\":\"ListItem\",\"position\":2,\"name\":\"Vytal\u00ae RTU\"}]},{\"@type\":\"WebSite\",\"@id\":\"https:\/\/presspart.com\/de\/#website\",\"url\":\"https:\/\/presspart.com\/de\/\",\"name\":\"H&amp;T Presspart\",\"description\":\"\",\"potentialAction\":[{\"@type\":\"SearchAction\",\"target\":{\"@type\":\"EntryPoint\",\"urlTemplate\":\"https:\/\/presspart.com\/de\/?s={search_term_string}\"},\"query-input\":{\"@type\":\"PropertyValueSpecification\",\"valueRequired\":true,\"valueName\":\"search_term_string\"}}],\"inLanguage\":\"de\"}]}<\/script>\n<!-- \/ Yoast SEO plugin. -->","yoast_head_json":{"title":"Vytal\u00ae RTU- Schnappverschluss | H&amp;T Presspart","description":"Vytal\u00ae ist ein innovativer RTU-Schnappverschluss, der speziell f\u00fcr die Produktion von kleinen bis mittleren Chargen fortschrittlicher Therapeutika entwickelt wurde.","robots":{"index":"index","follow":"follow","max-snippet":"max-snippet:-1","max-image-preview":"max-image-preview:large","max-video-preview":"max-video-preview:-1"},"canonical":"https:\/\/presspart.com\/de\/vytal-rtu-snap-fit-closure\/","og_locale":"de_DE","og_type":"article","og_title":"Vytal\u00ae RTU- Schnappverschluss | H&amp;T Presspart","og_description":"Vytal\u00ae ist ein innovativer RTU-Schnappverschluss, der speziell f\u00fcr die Produktion von kleinen bis mittleren Chargen fortschrittlicher Therapeutika entwickelt wurde.","og_url":"https:\/\/presspart.com\/de\/vytal-rtu-snap-fit-closure\/","og_site_name":"H&amp;T Presspart","article_modified_time":"2025-06-02T12:49:36+00:00","twitter_card":"summary_large_image","schema":{"@context":"https:\/\/schema.org","@graph":[{"@type":"WebPage","@id":"https:\/\/presspart.com\/de\/vytal-rtu-snap-fit-closure\/","url":"https:\/\/presspart.com\/de\/vytal-rtu-snap-fit-closure\/","name":"Vytal\u00ae RTU- Schnappverschluss | H&amp;T Presspart","isPartOf":{"@id":"https:\/\/presspart.com\/de\/#website"},"datePublished":"2025-03-21T08:45:08+00:00","dateModified":"2025-06-02T12:49:36+00:00","description":"Vytal\u00ae ist ein innovativer RTU-Schnappverschluss, der speziell f\u00fcr die Produktion von kleinen bis mittleren Chargen fortschrittlicher Therapeutika entwickelt wurde.","breadcrumb":{"@id":"https:\/\/presspart.com\/de\/vytal-rtu-snap-fit-closure\/#breadcrumb"},"inLanguage":"de","potentialAction":[{"@type":"ReadAction","target":["https:\/\/presspart.com\/de\/vytal-rtu-snap-fit-closure\/"]}]},{"@type":"BreadcrumbList","@id":"https:\/\/presspart.com\/de\/vytal-rtu-snap-fit-closure\/#breadcrumb","itemListElement":[{"@type":"ListItem","position":1,"name":"Home","item":"https:\/\/presspart.com\/de\/"},{"@type":"ListItem","position":2,"name":"Vytal\u00ae RTU"}]},{"@type":"WebSite","@id":"https:\/\/presspart.com\/de\/#website","url":"https:\/\/presspart.com\/de\/","name":"H&amp;T Presspart","description":"","potentialAction":[{"@type":"SearchAction","target":{"@type":"EntryPoint","urlTemplate":"https:\/\/presspart.com\/de\/?s={search_term_string}"},"query-input":{"@type":"PropertyValueSpecification","valueRequired":true,"valueName":"search_term_string"}}],"inLanguage":"de"}]}},"_links":{"self":[{"href":"https:\/\/presspart.com\/de\/wp-json\/wp\/v2\/pages\/6730","targetHints":{"allow":["GET"]}}],"collection":[{"href":"https:\/\/presspart.com\/de\/wp-json\/wp\/v2\/pages"}],"about":[{"href":"https:\/\/presspart.com\/de\/wp-json\/wp\/v2\/types\/page"}],"author":[{"embeddable":true,"href":"https:\/\/presspart.com\/de\/wp-json\/wp\/v2\/users\/1"}],"replies":[{"embeddable":true,"href":"https:\/\/presspart.com\/de\/wp-json\/wp\/v2\/comments?post=6730"}],"version-history":[{"count":12,"href":"https:\/\/presspart.com\/de\/wp-json\/wp\/v2\/pages\/6730\/revisions"}],"predecessor-version":[{"id":7034,"href":"https:\/\/presspart.com\/de\/wp-json\/wp\/v2\/pages\/6730\/revisions\/7034"}],"wp:attachment":[{"href":"https:\/\/presspart.com\/de\/wp-json\/wp\/v2\/media?parent=6730"}],"curies":[{"name":"wp","href":"https:\/\/api.w.org\/{rel}","templated":true}]}}