{"id":6998,"date":"2025-05-21T12:51:53","date_gmt":"2025-05-21T12:51:53","guid":{"rendered":"https:\/\/presspart.com\/low-carbon-mdis\/"},"modified":"2025-06-06T08:02:31","modified_gmt":"2025-06-06T08:02:31","slug":"treibhausgasarme-dosieraerosole-mdis","status":"publish","type":"page","link":"https:\/\/presspart.com\/de\/treibhausgasarme-dosieraerosole-mdis\/","title":{"rendered":"Low Carbon MDIs"},"content":{"rendered":"\n<style>\n  #inner-page-hero-block_28ec196f70e9bfbca2c5e03976acaa2f{\n    background-image: url('https:\/\/presspart.com\/wp-content\/uploads\/2023\/02\/Haeder-Sevices-003.png'); background-position: center;\n  }\n  \n  <\/style>\n\n<section id=\"inner-page-hero-block_28ec196f70e9bfbca2c5e03976acaa2f\" class=\"inner-page-hero overflow-hidden  h-[100vh] xl:h-screen max-h-[1080px]  bg-no-repeat bg-right  \">\n  <!-- <div class=\"bg-purple shape\"><\/div> -->\n  \n  <div class=\"shape-overlay flex absolute items-center left-[-40vw] lg-pro:-left-[30vw] top-[-95vh] lg-pro:top-[-31vh] 2xl:top-[-95vh] z-[20] w-[300vw] sm:w-[250vw] lg:w-[200vw] 2xl:w-[140vw] h-[220vh] 2xl:h-[300vh] pointer-events-none\">\n            <div class=\"blue-column bg-purple h-[300vh] flex-grow first:ml-0 ml-[-1px]\"><\/div>\n            <div class=\"blue-column bg-purple h-[300vh] flex-grow first:ml-0 ml-[-1px]\"><\/div>\n            <div class=\"blue-column bg-purple h-[300vh] flex-grow first:ml-0 ml-[-1px]\"><\/div>\n            <div class=\"blue-column bg-purple h-[300vh] flex-grow first:ml-0 ml-[-1px]\"><\/div>\n            <div class=\"blue-column bg-purple h-[300vh] flex-grow first:ml-0 ml-[-1px]\"><\/div>\n            <div class=\"blue-column bg-purple h-[300vh] flex-grow first:ml-0 ml-[-1px]\"><\/div>\n            <div class=\"blue-column bg-purple h-[300vh] flex-grow first:ml-0 ml-[-1px]\"><\/div>\n            <div class=\"blue-column bg-purple h-[300vh] flex-grow first:ml-0 ml-[-1px]\"><\/div>\n            <div class=\"blue-column bg-purple h-[300vh] flex-grow first:ml-0 ml-[-1px]\"><\/div>\n            <div class=\"blue-column bg-purple h-[300vh] flex-grow first:ml-0 ml-[-1px]\"><\/div>\n            <div class=\"blue-column bg-purple h-[300vh] flex-grow first:ml-0 ml-[-1px]\"><\/div>\n            <div class=\"blue-column bg-purple h-[300vh] flex-grow first:ml-0 ml-[-1px]\"><\/div>\n            <div class=\"blue-column bg-purple h-[300vh] flex-grow first:ml-0 ml-[-1px]\"><\/div>\n            <div class=\"blue-column bg-purple h-[300vh] flex-grow first:ml-0 ml-[-1px]\"><\/div>\n            <div class=\"blue-column bg-purple h-[300vh] flex-grow first:ml-0 ml-[-1px]\"><\/div>\n            <div class=\"blue-column bg-purple h-[300vh] flex-grow first:ml-0 ml-[-1px]\"><\/div>\n            <div class=\"blue-column bg-purple h-[300vh] flex-grow first:ml-0 ml-[-1px]\"><\/div>\n            <div class=\"blue-column bg-purple h-[300vh] flex-grow first:ml-0 ml-[-1px]\"><\/div>\n            <div class=\"blue-column bg-purple h-[300vh] flex-grow first:ml-0 ml-[-1px]\"><\/div>\n            <div class=\"blue-column bg-purple h-[300vh] flex-grow first:ml-0 ml-[-1px]\"><\/div>\n      <\/div>\n\n  <div class=\" flex h-full items-center mx-auto lg:container 2xl:max-w-screen-2xl w-full lg-pro:w-[calc(100%-80px)]\">\n    <h1 class=\"z-10 px-5 sm:px-10 xl:px-0 py-10 lg-pro:h-[unset] lg-pro:bg-[unset] text-35 md:text-l lg:text-70 2xl:text-xl leading-[1.11] w-screen lg-pro:w-[unset] font-medium text-white lg-pro:max-w-[825px]\">Treibhausgasarme Dosieraerosole (MDIs)<\/h1>\n  <\/div>\n<\/section>\n\n\n\n<section id=\"two-col-text-block_db12664b3bf0c0890339f93f4651e3c6\" class=\"two-col-text\" style=\"background-color: #121f4a\">\n  <div class=\"site-container grid lg:grid-cols-2 gap-5 md:gap-10 container mx-auto py-24 md:py-40\">\n    <div class=\"left-section\">\n              <h1 class=\"text-purple leading-[1.1] font-medium 2xl:mr-20 text-25 md:text-35 lg:text-50\" data-aos=\"fade-up\">Vorreiter beim Umstieg auf treibhausgasarme MDIs<\/h1>\n          <\/div>\n    <div class=\"right-section text-white text-18 md:text-md xl-medium:text-26 leading-[1.25]\">\n              <div class=\"wysywig \" data-aos=\"fade-up\" data-aos-delay=\"400\">\n          <p>H&amp;T Presspart, Marktf\u00fchrer im Bereich MDI-Komponenten, f\u00fchrt den Branchenwandel hin zu Treibmitteln mit geringerem Treibhauspotenzial an. Erg\u00e4nzend zu unserem breiten Portfolio an MDI-Komponenten unterst\u00fctzt unser Inhalation Product Technology Centre Entwicklungen sowohl mit HFA152a als auch mit HFO1234ze durch ein umfassendes Dienstleistungsangebot, einschlie\u00dflich GMP-konformer Chargenabf\u00fcllung f\u00fcr klinische Studien.<\/p>\n        <\/div>\n      \n          <\/div>\n  <\/div>\n<\/section>\n\n\n\n\n<section id=\"\" class=\"two-column-text-image\" style=\"background-color: \">\n  <div class=\"site-container grid lg-pro:grid-cols-2 !w-full mx-auto\">\n    <div class=\"text flex flex-col justify-center items-center mx-auto row-start-2 lg-pro:row-start-[unset] lg-pro:col-start-2  pb-20 pt-10 lg-pro:py-10\">\n      <h3 class=\"text-35 w-[calc(100vw-42px)] sm:w-4\/5 lg-pro:text-50 leading-[1.1] font-medium mb-[30px] lg-pro:mb-14\" data-aos=\"fade-up\">Auswahl der MDI-Komponenten<\/h3>\n      <div class=\"wysywig w-[calc(100vw-42px)] sm:w-4\/5 text-18 lg-pro:text-22 leading-[1.25]\" data-aos=\"fade-up\" data-aos-delay=\"300\">\n        <p>Unsere Teams verf\u00fcgen \u00fcber langj\u00e4hrige Erfahrung in der Markteinf\u00fchrung hochkomplexer Inhalatoren. Wir verstehen die Wechselwirkungen zwischen Ger\u00e4tekomponenten und Formulierungen und k\u00f6nnen Kundenprogramme beschleunigen, indem wir bei der Auswahl der am besten geeigneten MDI-Dose,Aktuatorgeometrie und Z\u00e4hlwerk unterst\u00fctzen.<\/p>\n      <\/div>\n                <\/div>\n    <div class=\"image-container col-start-1 w-full h-full lg-pro:row-start-1 \">\n      <img decoding=\"async\" class=\"w-full h-full object-cover max-h-[315px] sm:max-h-[400px] lg:max-h-[unset]\" src=\"https:\/\/presspart.com\/wp-content\/uploads\/2025\/02\/PP_MDI_Components.jpg \" alt=\"\">\n    <\/div>\n  <\/div>\n<\/section>\n\n\n\n\n<section id=\"\" class=\"two-column-text-image\" style=\"background-color: \">\n  <div class=\"site-container grid lg-pro:grid-cols-2 !w-full mx-auto\">\n    <div class=\"text flex flex-col justify-center items-center mx-auto row-start-2 lg-pro:row-start-[unset] lg-pro:col-start-2 !col-start-1 pb-20 pt-10 lg-pro:py-10\">\n      <h3 class=\"text-35 w-[calc(100vw-42px)] sm:w-4\/5 lg-pro:text-50 leading-[1.1] font-medium mb-[30px] lg-pro:mb-14\" data-aos=\"fade-up\">Oberfl\u00e4chenbehandlungen<\/h3>\n      <div class=\"wysywig w-[calc(100vw-42px)] sm:w-4\/5 text-18 lg-pro:text-22 leading-[1.25]\" data-aos=\"fade-up\" data-aos-delay=\"300\">\n        <p>W\u00e4hrend sich die Branche auf Treibmittel mit niedrigem Treibhauspotenzial umstellt, k\u00f6nnen Herausforderungen hinsichtlich der Formulierungsstabilit\u00e4t in der MDI-Dose auftreten. Die Plasmabehandlungstechnologie von H&amp;T Presspart hat sich als wirksam erwiesen, um den Wirkstoffabbau und Ablagerungen selbst bei den anspruchsvollsten Formulierungen zu reduzieren. Unsere Plasma-Oberfl\u00e4chenbehandlung verbessert die Formulierungsstabilit\u00e4t und sichert die Leistungsf\u00e4higkeit des MDI.<\/p>\n      <\/div>\n                <\/div>\n    <div class=\"image-container col-start-1 w-full h-full lg-pro:row-start-1 lg-pro:col-start-2\">\n      <img decoding=\"async\" class=\"w-full h-full object-cover max-h-[315px] sm:max-h-[400px] lg:max-h-[unset]\" src=\"https:\/\/presspart.com\/wp-content\/uploads\/2023\/03\/plasma-main.png \" alt=\"\">\n    <\/div>\n  <\/div>\n<\/section>\n\n\n\n\n<section id=\"\" class=\"two-column-text-image\" style=\"background-color: \">\n  <div class=\"site-container grid lg-pro:grid-cols-2 !w-full mx-auto\">\n    <div class=\"text flex flex-col justify-center items-center mx-auto row-start-2 lg-pro:row-start-[unset] lg-pro:col-start-2  pb-20 pt-10 lg-pro:py-10\">\n      <h3 class=\"text-35 w-[calc(100vw-42px)] sm:w-4\/5 lg-pro:text-50 leading-[1.1] font-medium mb-[30px] lg-pro:mb-14\" data-aos=\"fade-up\">GMP-Chargenabf\u00fcllung<\/h3>\n      <div class=\"wysywig w-[calc(100vw-42px)] sm:w-4\/5 text-18 lg-pro:text-22 leading-[1.25]\" data-aos=\"fade-up\" data-aos-delay=\"300\">\n        <p>H&amp;T Presspart bietet GMP-konforme Abf\u00fcllung von MDI-Chargen zur Unterst\u00fctzung von Entwicklungsprogrammen und klinischen Studien unter Verwendung der Treibmittel HFA-152a und HFO-1234ze an. Unsere Abf\u00fcllkapazit\u00e4ten sind f\u00fcr alle g\u00e4ngigen kommerziellen Ventile geeignet und mit sowohl L\u00f6sung- als auch Suspensionsformulierungen kompatibel.<\/p>\n      <\/div>\n                <\/div>\n    <div class=\"image-container col-start-1 w-full h-full lg-pro:row-start-1 \">\n      <img decoding=\"async\" class=\"w-full h-full object-cover max-h-[315px] sm:max-h-[400px] lg:max-h-[unset]\" src=\"https:\/\/presspart.com\/wp-content\/uploads\/2023\/03\/o2uk-pic.png \" alt=\"\">\n    <\/div>\n  <\/div>\n<\/section>\n\n\n\n\n<section id=\"\" class=\"two-column-text-image\" style=\"background-color: \">\n  <div class=\"site-container grid lg-pro:grid-cols-2 !w-full mx-auto\">\n    <div class=\"text flex flex-col justify-center items-center mx-auto row-start-2 lg-pro:row-start-[unset] lg-pro:col-start-2 !col-start-1 pb-20 pt-10 lg-pro:py-10\">\n      <h3 class=\"text-35 w-[calc(100vw-42px)] sm:w-4\/5 lg-pro:text-50 leading-[1.1] font-medium mb-[30px] lg-pro:mb-14\" data-aos=\"fade-up\">Analytische Dienstleistungen<\/h3>\n      <div class=\"wysywig w-[calc(100vw-42px)] sm:w-4\/5 text-18 lg-pro:text-22 leading-[1.25]\" data-aos=\"fade-up\" data-aos-delay=\"300\">\n        <p>H&amp;T Presspart bietet umfassende analytische Dienstleistungen und In-vitro-Tests f\u00fcr MDIs mit den Treibmitteln HFA-152a und HFO-1234ze mit niedrigem Treibhauspotential an. Das vollst\u00e4ndige Spektrum unserer Testm\u00f6glichkeiten umfasst die Delivered Dose Uniformity (DDU), die aerodynamic Particle Size Distribution (APSD) sowie Spray Pattern undPlume Geometrye (SPPG) und unterst\u00fctzt sowohl Neuentwicklungen als auch Produkttransfers.<\/p>\n      <\/div>\n                <\/div>\n    <div class=\"image-container col-start-1 w-full h-full lg-pro:row-start-1 lg-pro:col-start-2\">\n      <img decoding=\"async\" class=\"w-full h-full object-cover max-h-[315px] sm:max-h-[400px] lg:max-h-[unset]\" src=\"https:\/\/presspart.com\/wp-content\/uploads\/2024\/12\/0000231-scaled.jpg \" alt=\"\">\n    <\/div>\n  <\/div>\n<\/section>\n\n\n\n<section id=\"contact-cta-block_dbc5f53e0e5ac5e2b5fc45f665da50a0\" class=\"contact-cta py-36 md:py-0 md:h-[829px]\" style=\"background-color: #ffbb00\">\n  <div class=\"site-container text-center flex flex-col items-center justify-center max-w-[950px] text-white mx-auto h-full\">\n    <h1 class=\"font-medium leading-[1.1] text-l lg:text-70 xl:text-xl mb-10\" data-aos=\"fade-up\">Lassen Sie uns zusammenarbeiten<\/h1>\n    <p class=\"text-22 md:text-25 lg:text-30  w-4\/5 mb-20 md:mb-11\" data-aos=\"fade-up\" data-aos-delay=\"300\">Wir w\u00fcrden gerne mehr \u00fcber Ihr Projekt erfahren<\/p>\n    <a href=\"https:\/\/presspart.com\/de\/kontakt\/\" target=\"\" class=\"btn-white-bg hover:after:bg-white leading-none text-25 hover:!text-white lg:text-30 text-center\" style=\"color: #ffbb00\">Kontaktieren Sie uns<\/a>\n  <\/div>\n<\/section>\n","protected":false},"excerpt":{"rendered":"","protected":false},"author":1,"featured_media":0,"parent":0,"menu_order":0,"comment_status":"closed","ping_status":"closed","template":"","meta":{"_acf_changed":false,"footnotes":""},"class_list":["post-6998","page","type-page","status-publish","hentry"],"acf":[],"yoast_head":"<!-- This site is optimized with the Yoast SEO plugin v27.0 - https:\/\/yoast.com\/product\/yoast-seo-wordpress\/ -->\n<title>Treibhausgasarme Dosieraerosole (MDIs) | H&amp;T Presspart<\/title>\n<meta name=\"description\" content=\"H&amp;T Presspart, Marktf\u00fchrer im Bereich MDI-Komponenten, f\u00fchrt den Branchenwandel hin zu Treibmitteln mit geringerem Treibhauspotenzial an.\" \/>\n<meta name=\"robots\" content=\"index, follow, max-snippet:-1, max-image-preview:large, max-video-preview:-1\" \/>\n<link rel=\"canonical\" href=\"https:\/\/presspart.com\/de\/treibhausgasarme-dosieraerosole-mdis\/\" \/>\n<meta property=\"og:locale\" content=\"de_DE\" \/>\n<meta property=\"og:type\" content=\"article\" \/>\n<meta property=\"og:title\" content=\"Treibhausgasarme Dosieraerosole (MDIs) | H&amp;T Presspart\" \/>\n<meta property=\"og:description\" content=\"H&amp;T Presspart, Marktf\u00fchrer im Bereich MDI-Komponenten, f\u00fchrt den Branchenwandel hin zu Treibmitteln mit geringerem Treibhauspotenzial an.\" \/>\n<meta property=\"og:url\" content=\"https:\/\/presspart.com\/de\/treibhausgasarme-dosieraerosole-mdis\/\" \/>\n<meta property=\"og:site_name\" content=\"H&amp;T Presspart\" \/>\n<meta property=\"article:modified_time\" content=\"2025-06-06T08:02:31+00:00\" \/>\n<meta name=\"twitter:card\" content=\"summary_large_image\" \/>\n<script type=\"application\/ld+json\" class=\"yoast-schema-graph\">{\"@context\":\"https:\/\/schema.org\",\"@graph\":[{\"@type\":\"WebPage\",\"@id\":\"https:\/\/presspart.com\/de\/treibhausgasarme-dosieraerosole-mdis\/\",\"url\":\"https:\/\/presspart.com\/de\/treibhausgasarme-dosieraerosole-mdis\/\",\"name\":\"Treibhausgasarme Dosieraerosole (MDIs) | H&amp;T Presspart\",\"isPartOf\":{\"@id\":\"https:\/\/presspart.com\/de\/#website\"},\"datePublished\":\"2025-05-21T12:51:53+00:00\",\"dateModified\":\"2025-06-06T08:02:31+00:00\",\"description\":\"H&T Presspart, Marktf\u00fchrer im Bereich MDI-Komponenten, f\u00fchrt den Branchenwandel hin zu Treibmitteln mit geringerem Treibhauspotenzial an.\",\"breadcrumb\":{\"@id\":\"https:\/\/presspart.com\/de\/treibhausgasarme-dosieraerosole-mdis\/#breadcrumb\"},\"inLanguage\":\"de\",\"potentialAction\":[{\"@type\":\"ReadAction\",\"target\":[\"https:\/\/presspart.com\/de\/treibhausgasarme-dosieraerosole-mdis\/\"]}]},{\"@type\":\"BreadcrumbList\",\"@id\":\"https:\/\/presspart.com\/de\/treibhausgasarme-dosieraerosole-mdis\/#breadcrumb\",\"itemListElement\":[{\"@type\":\"ListItem\",\"position\":1,\"name\":\"Home\",\"item\":\"https:\/\/presspart.com\/de\/\"},{\"@type\":\"ListItem\",\"position\":2,\"name\":\"Low Carbon MDIs\"}]},{\"@type\":\"WebSite\",\"@id\":\"https:\/\/presspart.com\/de\/#website\",\"url\":\"https:\/\/presspart.com\/de\/\",\"name\":\"H&amp;T Presspart\",\"description\":\"\",\"potentialAction\":[{\"@type\":\"SearchAction\",\"target\":{\"@type\":\"EntryPoint\",\"urlTemplate\":\"https:\/\/presspart.com\/de\/?s={search_term_string}\"},\"query-input\":{\"@type\":\"PropertyValueSpecification\",\"valueRequired\":true,\"valueName\":\"search_term_string\"}}],\"inLanguage\":\"de\"}]}<\/script>\n<!-- \/ Yoast SEO plugin. -->","yoast_head_json":{"title":"Treibhausgasarme Dosieraerosole (MDIs) | H&amp;T Presspart","description":"H&T Presspart, Marktf\u00fchrer im Bereich MDI-Komponenten, f\u00fchrt den Branchenwandel hin zu Treibmitteln mit geringerem Treibhauspotenzial an.","robots":{"index":"index","follow":"follow","max-snippet":"max-snippet:-1","max-image-preview":"max-image-preview:large","max-video-preview":"max-video-preview:-1"},"canonical":"https:\/\/presspart.com\/de\/treibhausgasarme-dosieraerosole-mdis\/","og_locale":"de_DE","og_type":"article","og_title":"Treibhausgasarme Dosieraerosole (MDIs) | H&amp;T Presspart","og_description":"H&T Presspart, Marktf\u00fchrer im Bereich MDI-Komponenten, f\u00fchrt den Branchenwandel hin zu Treibmitteln mit geringerem Treibhauspotenzial an.","og_url":"https:\/\/presspart.com\/de\/treibhausgasarme-dosieraerosole-mdis\/","og_site_name":"H&amp;T Presspart","article_modified_time":"2025-06-06T08:02:31+00:00","twitter_card":"summary_large_image","schema":{"@context":"https:\/\/schema.org","@graph":[{"@type":"WebPage","@id":"https:\/\/presspart.com\/de\/treibhausgasarme-dosieraerosole-mdis\/","url":"https:\/\/presspart.com\/de\/treibhausgasarme-dosieraerosole-mdis\/","name":"Treibhausgasarme Dosieraerosole (MDIs) | H&amp;T Presspart","isPartOf":{"@id":"https:\/\/presspart.com\/de\/#website"},"datePublished":"2025-05-21T12:51:53+00:00","dateModified":"2025-06-06T08:02:31+00:00","description":"H&T Presspart, Marktf\u00fchrer im Bereich MDI-Komponenten, f\u00fchrt den Branchenwandel hin zu Treibmitteln mit geringerem Treibhauspotenzial an.","breadcrumb":{"@id":"https:\/\/presspart.com\/de\/treibhausgasarme-dosieraerosole-mdis\/#breadcrumb"},"inLanguage":"de","potentialAction":[{"@type":"ReadAction","target":["https:\/\/presspart.com\/de\/treibhausgasarme-dosieraerosole-mdis\/"]}]},{"@type":"BreadcrumbList","@id":"https:\/\/presspart.com\/de\/treibhausgasarme-dosieraerosole-mdis\/#breadcrumb","itemListElement":[{"@type":"ListItem","position":1,"name":"Home","item":"https:\/\/presspart.com\/de\/"},{"@type":"ListItem","position":2,"name":"Low Carbon MDIs"}]},{"@type":"WebSite","@id":"https:\/\/presspart.com\/de\/#website","url":"https:\/\/presspart.com\/de\/","name":"H&amp;T Presspart","description":"","potentialAction":[{"@type":"SearchAction","target":{"@type":"EntryPoint","urlTemplate":"https:\/\/presspart.com\/de\/?s={search_term_string}"},"query-input":{"@type":"PropertyValueSpecification","valueRequired":true,"valueName":"search_term_string"}}],"inLanguage":"de"}]}},"_links":{"self":[{"href":"https:\/\/presspart.com\/de\/wp-json\/wp\/v2\/pages\/6998","targetHints":{"allow":["GET"]}}],"collection":[{"href":"https:\/\/presspart.com\/de\/wp-json\/wp\/v2\/pages"}],"about":[{"href":"https:\/\/presspart.com\/de\/wp-json\/wp\/v2\/types\/page"}],"author":[{"embeddable":true,"href":"https:\/\/presspart.com\/de\/wp-json\/wp\/v2\/users\/1"}],"replies":[{"embeddable":true,"href":"https:\/\/presspart.com\/de\/wp-json\/wp\/v2\/comments?post=6998"}],"version-history":[{"count":4,"href":"https:\/\/presspart.com\/de\/wp-json\/wp\/v2\/pages\/6998\/revisions"}],"predecessor-version":[{"id":7045,"href":"https:\/\/presspart.com\/de\/wp-json\/wp\/v2\/pages\/6998\/revisions\/7045"}],"wp:attachment":[{"href":"https:\/\/presspart.com\/de\/wp-json\/wp\/v2\/media?parent=6998"}],"curies":[{"name":"wp","href":"https:\/\/api.w.org\/{rel}","templated":true}]}}