{"id":3705,"date":"2022-11-20T12:18:25","date_gmt":"2022-11-20T12:18:25","guid":{"rendered":"https:\/\/presspart.com\/services\/"},"modified":"2025-06-02T12:04:40","modified_gmt":"2025-06-02T12:04:40","slug":"servicios","status":"publish","type":"page","link":"https:\/\/presspart.com\/es\/servicios\/","title":{"rendered":"Services"},"content":{"rendered":"\n<style>\n  #inner-page-hero-block_9e4b367ae4b9e213c6705debe0764ae6{\n    background-image: url('https:\/\/presspart.com\/wp-content\/uploads\/2023\/02\/Haeder-Sevices-003.png'); background-position: center;\n  }\n  \n      @media only screen and (max-width: 768px){\n      #inner-page-hero-block_9e4b367ae4b9e213c6705debe0764ae6{\n        background-image: url('https:\/\/presspart.com\/wp-content\/uploads\/2023\/03\/Hero-Services.png');\n      }\n    }\n  <\/style>\n\n<section id=\"inner-page-hero-block_9e4b367ae4b9e213c6705debe0764ae6\" class=\"inner-page-hero overflow-hidden  h-[100vh] xl:h-screen max-h-[1080px]  bg-no-repeat bg-right  \">\n  <!-- <div class=\"bg-light-blue shape\"><\/div> -->\n  \n  <div class=\"shape-overlay flex absolute items-center left-[-40vw] lg-pro:-left-[30vw] top-[-95vh] lg-pro:top-[-31vh] 2xl:top-[-95vh] z-[20] w-[300vw] sm:w-[250vw] lg:w-[200vw] 2xl:w-[140vw] h-[220vh] 2xl:h-[300vh] pointer-events-none\">\n            <div class=\"blue-column bg-light-blue h-[300vh] flex-grow first:ml-0 ml-[-1px]\"><\/div>\n            <div class=\"blue-column bg-light-blue h-[300vh] flex-grow first:ml-0 ml-[-1px]\"><\/div>\n            <div class=\"blue-column bg-light-blue h-[300vh] flex-grow first:ml-0 ml-[-1px]\"><\/div>\n            <div class=\"blue-column bg-light-blue h-[300vh] flex-grow first:ml-0 ml-[-1px]\"><\/div>\n            <div class=\"blue-column bg-light-blue h-[300vh] flex-grow first:ml-0 ml-[-1px]\"><\/div>\n            <div class=\"blue-column bg-light-blue h-[300vh] flex-grow first:ml-0 ml-[-1px]\"><\/div>\n            <div class=\"blue-column bg-light-blue h-[300vh] flex-grow first:ml-0 ml-[-1px]\"><\/div>\n            <div class=\"blue-column bg-light-blue h-[300vh] flex-grow first:ml-0 ml-[-1px]\"><\/div>\n            <div class=\"blue-column bg-light-blue h-[300vh] flex-grow first:ml-0 ml-[-1px]\"><\/div>\n            <div class=\"blue-column bg-light-blue h-[300vh] flex-grow first:ml-0 ml-[-1px]\"><\/div>\n            <div class=\"blue-column bg-light-blue h-[300vh] flex-grow first:ml-0 ml-[-1px]\"><\/div>\n            <div class=\"blue-column bg-light-blue h-[300vh] flex-grow first:ml-0 ml-[-1px]\"><\/div>\n            <div class=\"blue-column bg-light-blue h-[300vh] flex-grow first:ml-0 ml-[-1px]\"><\/div>\n            <div class=\"blue-column bg-light-blue h-[300vh] flex-grow first:ml-0 ml-[-1px]\"><\/div>\n            <div class=\"blue-column bg-light-blue h-[300vh] flex-grow first:ml-0 ml-[-1px]\"><\/div>\n            <div class=\"blue-column bg-light-blue h-[300vh] flex-grow first:ml-0 ml-[-1px]\"><\/div>\n            <div class=\"blue-column bg-light-blue h-[300vh] flex-grow first:ml-0 ml-[-1px]\"><\/div>\n            <div class=\"blue-column bg-light-blue h-[300vh] flex-grow first:ml-0 ml-[-1px]\"><\/div>\n            <div class=\"blue-column bg-light-blue h-[300vh] flex-grow first:ml-0 ml-[-1px]\"><\/div>\n            <div class=\"blue-column bg-light-blue h-[300vh] flex-grow first:ml-0 ml-[-1px]\"><\/div>\n      <\/div>\n\n  <div class=\" flex h-full items-center mx-auto lg:container 2xl:max-w-screen-2xl w-full lg-pro:w-[calc(100%-80px)]\">\n    <h1 class=\"z-10 px-5 sm:px-10 xl:px-0 py-10 lg-pro:h-[unset] lg-pro:bg-[unset] text-35 md:text-l lg:text-70 2xl:text-xl leading-[1.11] w-screen lg-pro:w-[unset] font-medium text-white lg-pro:max-w-[825px]\">Servicios<\/h1>\n  <\/div>\n<\/section>\n\n\n\n<section id=\"two-col-text-block_401b22308dab87ad08a5331c4dcaa87b\" class=\"two-col-text\" style=\"background-color: #121f4a\">\n  <div class=\"site-container grid lg:grid-cols-2 gap-5 md:gap-10 container mx-auto py-24 md:py-40\">\n    <div class=\"left-section\">\n              <h1 class=\"text-light-blue leading-[1.1] font-medium 2xl:mr-20 text-25 md:text-35 lg:text-50\" data-aos=\"fade-up\">Introducir su producto en el mercado<\/h1>\n          <\/div>\n    <div class=\"right-section text-white text-18 md:text-md xl-medium:text-26 leading-[1.25]\">\n              <div class=\"wysywig \" data-aos=\"fade-up\" data-aos-delay=\"400\">\n          <p>Como socio en cada paso del proceso de desarrollo, adaptamos nuestros servicios para satisfacer sus requisitos individuales de cada proyecto.<\/p>\n<p>Desde la fase de generaci\u00f3n de ideas hasta el dise\u00f1o del producto y la definici\u00f3n del proceso de fabricaci\u00f3n, pasando por la validaci\u00f3n, llevamos sus ideas o conceptos de dispositivos de administraci\u00f3n de f\u00e1rmacos hasta el suministro comercial.<\/p>\n<p>Apoyamos desde requisitos de bajo volumen y lotes cl\u00ednicos con conceptos de fabricaci\u00f3n innovadores y flexibles hasta la fabricaci\u00f3n altamente automatizada a gran escala.<\/p>\n<p>Nuestros equipos, que trabajan con procesos de desarrollo, gesti\u00f3n de riesgos y reglamentaci\u00f3n claramente definidos, garantizan una transici\u00f3n fluida del dise\u00f1o a la fabricaci\u00f3n.<\/p>\n        <\/div>\n      \n          <\/div>\n  <\/div>\n<\/section>\n\n\n\n\n<section id=\"\" class=\"two-column-text-image\" style=\"background-color: \">\n  <div class=\"site-container grid lg-pro:grid-cols-2 !w-full mx-auto\">\n    <div class=\"text flex flex-col justify-center items-center mx-auto row-start-2 lg-pro:row-start-[unset] lg-pro:col-start-2  pb-20 pt-10 lg-pro:py-10\">\n      <h3 class=\"text-35 w-[calc(100vw-42px)] sm:w-4\/5 lg-pro:text-50 leading-[1.1] font-medium mb-[30px] lg-pro:mb-14\" data-aos=\"fade-up\">Concepto y Viabilidad<\/h3>\n      <div class=\"wysywig w-[calc(100vw-42px)] sm:w-4\/5 text-18 lg-pro:text-22 leading-[1.25]\" data-aos=\"fade-up\" data-aos-delay=\"300\">\n        <p><strong>Todo producto empieza con una idea. Trabajamos con usted para desarrollar conjuntamente dispositivos de administraci\u00f3n de f\u00e1rmacos f\u00e1ciles de usar y sostenibles a partir de ideas y conceptos.<\/strong><\/p>\n<p>Nuestros equipos optimizan su dise\u00f1o garantizando la funcionalidad y fabricabilidad del dispositivo con el apoyo de exhaustivos estudios de ingenier\u00eda. Entre ellos se incluyen simulaciones de din\u00e1mica de fluidos computacional (CFD) o an\u00e1lisis de tensiones mec\u00e1nicas mediante el m\u00e9todo de los elementos finitos (FEM).<\/p>\n<p>Adem\u00e1s, cada componente de moldeo por inyecci\u00f3n se analiza mediante simulaciones de flujo de moldeo para eliminar acumulaciones de material y determinar la mejor disposici\u00f3n de las herramientas. Tambi\u00e9n ayudamos en la selecci\u00f3n de materiales evaluando los requisitos del producto y su procesabilidad.<\/p>\n      <\/div>\n                <\/div>\n    <div class=\"image-container col-start-1 w-full h-full lg-pro:row-start-1 \">\n      <img decoding=\"async\" class=\"w-full h-full object-cover max-h-[315px] sm:max-h-[400px] lg:max-h-[unset]\" src=\"https:\/\/presspart.com\/wp-content\/uploads\/2022\/11\/NPDC-17-2.png \" alt=\"\">\n    <\/div>\n  <\/div>\n<\/section>\n\n\n\n\n<section id=\"\" class=\"two-column-text-image\" style=\"background-color: \">\n  <div class=\"site-container grid lg-pro:grid-cols-2 !w-full mx-auto\">\n    <div class=\"text flex flex-col justify-center items-center mx-auto row-start-2 lg-pro:row-start-[unset] lg-pro:col-start-2 !col-start-1 pb-20 pt-10 lg-pro:py-10\">\n      <h3 class=\"text-35 w-[calc(100vw-42px)] sm:w-4\/5 lg-pro:text-50 leading-[1.1] font-medium mb-[30px] lg-pro:mb-14\" data-aos=\"fade-up\">Prototipos y Pruebas <\/h3>\n      <div class=\"wysywig w-[calc(100vw-42px)] sm:w-4\/5 text-18 lg-pro:text-22 leading-[1.25]\" data-aos=\"fade-up\" data-aos-delay=\"300\">\n        <p>Apoyamos el desarrollo de su producto creando muestras a lo largo de todas las fases del proyecto. Las muestras de la fase inicial generadas mediante tecnolog\u00edas de prototipado r\u00e1pido aportan informaci\u00f3n valiosa para la evaluaci\u00f3n del concepto.<\/p>\n<p>A medida que avanza el desarrollo, las muestras reproducen con mayor precisi\u00f3n las propiedades del dispositivo. Se fabrican con materiales originales mediante procesos de producci\u00f3n representativos y pueden probarse evaluando las distintas funciones del producto para caracterizarlo por completo, lo que permite congelar el dise\u00f1o en funci\u00f3n de los datos.<\/p>\n<p>Tambi\u00e9n podemos ayudarle en las pruebas de verificaci\u00f3n del dise\u00f1o una vez que se disponga de las muestras de los primeros lotes de producci\u00f3n, verificando el cumplimiento de los requisitos de entrada del dise\u00f1o y las normas reglamentarias aplicables.<\/p>\n      <\/div>\n                <\/div>\n    <div class=\"image-container col-start-1 w-full h-full lg-pro:row-start-1 lg-pro:col-start-2\">\n      <img decoding=\"async\" class=\"w-full h-full object-cover max-h-[315px] sm:max-h-[400px] lg:max-h-[unset]\" src=\"https:\/\/presspart.com\/wp-content\/uploads\/2022\/11\/NPDC-1-2.png \" alt=\"\">\n    <\/div>\n  <\/div>\n<\/section>\n\n\n\n\n<section id=\"\" class=\"two-column-text-image\" style=\"background-color: \">\n  <div class=\"site-container grid lg-pro:grid-cols-2 !w-full mx-auto\">\n    <div class=\"text flex flex-col justify-center items-center mx-auto row-start-2 lg-pro:row-start-[unset] lg-pro:col-start-2  pb-20 pt-10 lg-pro:py-10\">\n      <h3 class=\"text-35 w-[calc(100vw-42px)] sm:w-4\/5 lg-pro:text-50 leading-[1.1] font-medium mb-[30px] lg-pro:mb-14\" data-aos=\"fade-up\">Dise\u00f1o para la Fabricaci\u00f3n  <\/h3>\n      <div class=\"wysywig w-[calc(100vw-42px)] sm:w-4\/5 text-18 lg-pro:text-22 leading-[1.25]\" data-aos=\"fade-up\" data-aos-delay=\"300\">\n        <p>Desarrollamos dispositivos con el objetivo de fabricarlos en grandes vol\u00famenes y esto es lo que nos impulsa a conseguir el dise\u00f1o m\u00e1s robusto y fabricable para evitar costosos bucles de desarrollo m\u00e1s adelante en el proceso de desarrollo.<\/p>\n<p>Con la fabricaci\u00f3n en el centro de nuestro negocio, somos expertos en dise\u00f1o para fabricaci\u00f3n (DFM) y dise\u00f1o para ensamblaje (DFA) y este ser\u00e1 un enfoque particular en todos nuestros programas.<\/p>\n      <\/div>\n                <\/div>\n    <div class=\"image-container col-start-1 w-full h-full lg-pro:row-start-1 \">\n      <img decoding=\"async\" class=\"w-full h-full object-cover max-h-[315px] sm:max-h-[400px] lg:max-h-[unset]\" src=\"https:\/\/presspart.com\/wp-content\/uploads\/2023\/01\/Design-for-manufacruring.png \" alt=\"\">\n    <\/div>\n  <\/div>\n<\/section>\n\n\n\n\n<section id=\"\" class=\"two-column-text-image\" style=\"background-color: \">\n  <div class=\"site-container grid lg-pro:grid-cols-2 !w-full mx-auto\">\n    <div class=\"text flex flex-col justify-center items-center mx-auto row-start-2 lg-pro:row-start-[unset] lg-pro:col-start-2 !col-start-1 pb-20 pt-10 lg-pro:py-10\">\n      <h3 class=\"text-35 w-[calc(100vw-42px)] sm:w-4\/5 lg-pro:text-50 leading-[1.1] font-medium mb-[30px] lg-pro:mb-14\" data-aos=\"fade-up\">Peque\u00f1as Series y Fase Piloto <\/h3>\n      <div class=\"wysywig w-[calc(100vw-42px)] sm:w-4\/5 text-18 lg-pro:text-22 leading-[1.25]\" data-aos=\"fade-up\" data-aos-delay=\"300\">\n        <p>Una vez que el dise\u00f1o del producto ha alcanzado la dise\u00f1o definitivo, pasamos a establecer una c\u00e9lula de producci\u00f3n de peque\u00f1os lotes validada. En colaboraci\u00f3n con los proveedores m\u00e1s adecuados y utilizando las tecnolog\u00edas seleccionadas durante la fase de dise\u00f1o del producto, desarrollamos utillaje de baja cavitaci\u00f3n, conceptos de montaje semiautom\u00e1tico y establecemos planes de metrolog\u00eda.<\/p>\n<p>Esto nos permite poner r\u00e1pidamente su dispositivo en fabricaci\u00f3n a peque\u00f1a escala para suministrar vol\u00famenes reducidos para muestras, ensayos cl\u00ednicos y unidades de producci\u00f3n de bajo volumen seg\u00fan sus necesidades.<\/p>\n      <\/div>\n                <\/div>\n    <div class=\"image-container col-start-1 w-full h-full lg-pro:row-start-1 lg-pro:col-start-2\">\n      <img decoding=\"async\" class=\"w-full h-full object-cover max-h-[315px] sm:max-h-[400px] lg:max-h-[unset]\" src=\"https:\/\/presspart.com\/wp-content\/uploads\/2023\/01\/Services-Multi-component-Assembly.png \" alt=\"\">\n    <\/div>\n  <\/div>\n<\/section>\n\n\n\n\n<section id=\"\" class=\"two-column-text-image\" style=\"background-color: \">\n  <div class=\"site-container grid lg-pro:grid-cols-2 !w-full mx-auto\">\n    <div class=\"text flex flex-col justify-center items-center mx-auto row-start-2 lg-pro:row-start-[unset] lg-pro:col-start-2  pb-20 pt-10 lg-pro:py-10\">\n      <h3 class=\"text-35 w-[calc(100vw-42px)] sm:w-4\/5 lg-pro:text-50 leading-[1.1] font-medium mb-[30px] lg-pro:mb-14\" data-aos=\"fade-up\">Industrializaci\u00f3n<\/h3>\n      <div class=\"wysywig w-[calc(100vw-42px)] sm:w-4\/5 text-18 lg-pro:text-22 leading-[1.25]\" data-aos=\"fade-up\" data-aos-delay=\"300\">\n        <p>Como preparaci\u00f3n para la ampliaci\u00f3n a la producci\u00f3n en serie, desarrollamos conceptos de automatizaci\u00f3n y utillaje para moldes de inyecci\u00f3n de alta cavitaci\u00f3n y realizamos importantes dise\u00f1os de flujo de valor para garantizar los procesos m\u00e1s \u00e1giles y eficientes. Nuestros equipos establecen la cadena de suministro final y desarrollan planes de continuidad de la actividad.<\/p>\n      <\/div>\n                <\/div>\n    <div class=\"image-container col-start-1 w-full h-full lg-pro:row-start-1 \">\n      <img decoding=\"async\" class=\"w-full h-full object-cover max-h-[315px] sm:max-h-[400px] lg:max-h-[unset]\" src=\"https:\/\/presspart.com\/wp-content\/uploads\/2022\/11\/Presspart-Production-Detail-Avamys-Injection-Molding-1-Adele-Marschner-not-processed-v1-2.png \" alt=\"\">\n    <\/div>\n  <\/div>\n<\/section>\n\n\n\n<section id=\"quote-block_9af500370fe470e190b42c50468ed392\" class=\"quote h-[673px] sm:h-[68vh] md:h-screen\" style=\"background-color: #44d5ee\">\n  <div id=\"shape-one\" class=\"shape-overlay one shape-one\" ><\/div>\n  <div id=\"shape-two\" class=\"shape-overlay two shape-two\" ><\/div>\n  <div class=\"site-container flex h-full w-full items-center justify-center mx-auto\">\n    <div class=\"wysywig text-30 md:text-40 lg:text-md-large 2xl:text-[54px] leading-normal font-medium text-center text-white max-w-[1144px] w-[100vw-40px] z-10 py-12\">\n      <p>\u00abEn nuestra larga colaboraci\u00f3n con H&amp;T Presspart valoramos el excelente servicio de atenci\u00f3n al cliente y los tiempos de respuesta, que son clave especialmente en nuestros desarrollos de nuevos productos.\u00bb<\/p>\n<h6><small class=\"\">Director de Asuntos Reglamentarios de I+D, Aldo Union<\/small><\/h6>\n    <\/div>\n  <\/div>\n<\/section>\n\n\n\n\n<section id=\"\" class=\"two-column-text-image\" style=\"background-color: \">\n  <div class=\"site-container grid lg-pro:grid-cols-2 !w-full mx-auto\">\n    <div class=\"text flex flex-col justify-center items-center mx-auto row-start-2 lg-pro:row-start-[unset] lg-pro:col-start-2 !col-start-1 pb-20 pt-10 lg-pro:py-10\">\n      <h3 class=\"text-35 w-[calc(100vw-42px)] sm:w-4\/5 lg-pro:text-50 leading-[1.1] font-medium mb-[30px] lg-pro:mb-14\" data-aos=\"fade-up\">Gesti\u00f3n de Programas<\/h3>\n      <div class=\"wysywig w-[calc(100vw-42px)] sm:w-4\/5 text-18 lg-pro:text-22 leading-[1.25]\" data-aos=\"fade-up\" data-aos-delay=\"300\">\n        <p>Cada cliente y cada proyecto son \u00fanicos. Gestionamos todos los aspectos de nuestros proyectos seg\u00fan el proceso en etapas, desarrollamos planes de gesti\u00f3n de riesgos y realizamos revisiones de dise\u00f1o. Nuestros gestores de proyectos especializados adaptan cada proyecto a las necesidades de nuestros clientes para garantizar que juntos conseguimos el mejor resultado.<\/p>\n      <\/div>\n                <\/div>\n    <div class=\"image-container col-start-1 w-full h-full lg-pro:row-start-1 lg-pro:col-start-2\">\n      <img decoding=\"async\" class=\"w-full h-full object-cover max-h-[315px] sm:max-h-[400px] lg:max-h-[unset]\" src=\"https:\/\/presspart.com\/wp-content\/uploads\/2023\/01\/Services-Program-Management.png \" alt=\"\">\n    <\/div>\n  <\/div>\n<\/section>\n\n\n\n\n<section id=\"\" class=\"two-column-text-image\" style=\"background-color: \">\n  <div class=\"site-container grid lg-pro:grid-cols-2 !w-full mx-auto\">\n    <div class=\"text flex flex-col justify-center items-center mx-auto row-start-2 lg-pro:row-start-[unset] lg-pro:col-start-2  pb-20 pt-10 lg-pro:py-10\">\n      <h3 class=\"text-35 w-[calc(100vw-42px)] sm:w-4\/5 lg-pro:text-50 leading-[1.1] font-medium mb-[30px] lg-pro:mb-14\" data-aos=\"fade-up\">Servicios Anal\u00edticos<\/h3>\n      <div class=\"wysywig w-[calc(100vw-42px)] sm:w-4\/5 text-18 lg-pro:text-22 leading-[1.25]\" data-aos=\"fade-up\" data-aos-delay=\"300\">\n        <p>En combinaci\u00f3n con nuestros servicios de dise\u00f1o y desarrollo de productos, ofrecemos a los clientes servicios anal\u00edticos integrales para optimizar el rendimiento in vitro de los inhaladores de dosis medidas y de polvo seco.<\/p>\n<p>Nuestros equipos tienen muchos a\u00f1os de experiencia en la comercializaci\u00f3n de inhaladores altamente complejos. Conocemos la interacci\u00f3n entre los componentes del dispositivo y las formulaciones, y podemos acelerar los programas de los clientes mediante espacios de dise\u00f1o m\u00e1s reducidos y ciclos de desarrollo minimizados.<\/p>\n      <\/div>\n                <\/div>\n    <div class=\"image-container col-start-1 w-full h-full lg-pro:row-start-1 \">\n      <img decoding=\"async\" class=\"w-full h-full object-cover max-h-[315px] sm:max-h-[400px] lg:max-h-[unset]\" src=\"https:\/\/presspart.com\/wp-content\/uploads\/2023\/01\/Services-Analytical.png \" alt=\"\">\n    <\/div>\n  <\/div>\n<\/section>\n\n\n\n\n<section id=\"\" class=\"two-column-text-image\" style=\"background-color: \">\n  <div class=\"site-container grid lg-pro:grid-cols-2 !w-full mx-auto\">\n    <div class=\"text flex flex-col justify-center items-center mx-auto row-start-2 lg-pro:row-start-[unset] lg-pro:col-start-2 !col-start-1 pb-20 pt-10 lg-pro:py-10\">\n      <h3 class=\"text-35 w-[calc(100vw-42px)] sm:w-4\/5 lg-pro:text-50 leading-[1.1] font-medium mb-[30px] lg-pro:mb-14\" data-aos=\"fade-up\">Soluciones Inteligentes  <\/h3>\n      <div class=\"wysywig w-[calc(100vw-42px)] sm:w-4\/5 text-18 lg-pro:text-22 leading-[1.25]\" data-aos=\"fade-up\" data-aos-delay=\"300\">\n        <p>A medida que se acelera la digitalizaci\u00f3n de la atenci\u00f3n sanitaria y los pacientes desean desempe\u00f1ar un papel m\u00e1s proactivo en la gesti\u00f3n de sus tratamientos, nuestro equipo le ayudar\u00e1 a desarrollar tecnolog\u00edas conectadas integradas para ofrecer a los pacientes soluciones inteligentes que les permitan realizar un seguimiento del cumplimiento terap\u00e9utico y el uso correcto del dispositivo en entornos comerciales o cl\u00ednicos.<\/p>\n<p>P\u00f3ngase en contacto con nosotros e ind\u00edquenos sus necesidades para estudiar el desarrollo de soluciones espec\u00edficas en el \u00e1mbito de la salud conectada.<\/p>\n      <\/div>\n                <\/div>\n    <div class=\"image-container col-start-1 w-full h-full lg-pro:row-start-1 lg-pro:col-start-2\">\n      <img decoding=\"async\" class=\"w-full h-full object-cover max-h-[315px] sm:max-h-[400px] lg:max-h-[unset]\" src=\"https:\/\/presspart.com\/wp-content\/uploads\/2022\/11\/NPDC-8.png \" alt=\"\">\n    <\/div>\n  <\/div>\n<\/section>\n\n\n\n\n<section id=\"\" class=\"two-column-text-image\" style=\"background-color: \">\n  <div class=\"site-container grid lg-pro:grid-cols-2 !w-full mx-auto\">\n    <div class=\"text flex flex-col justify-center items-center mx-auto row-start-2 lg-pro:row-start-[unset] lg-pro:col-start-2  pb-20 pt-10 lg-pro:py-10\">\n      <h3 class=\"text-35 w-[calc(100vw-42px)] sm:w-4\/5 lg-pro:text-50 leading-[1.1] font-medium mb-[30px] lg-pro:mb-14\" data-aos=\"fade-up\">Soporte Regulatorio<\/h3>\n      <div class=\"wysywig w-[calc(100vw-42px)] sm:w-4\/5 text-18 lg-pro:text-22 leading-[1.25]\" data-aos=\"fade-up\" data-aos-delay=\"300\">\n        <p>Le prestamos un servicio reglamentario completo para ayudarle a preparar con \u00e9xito los expedientes de presentaci\u00f3n de su producto con el fin de obtener la aprobaci\u00f3n reglamentaria en los principales mercados mundiales. Como proveedores de componentes y ensamblajes de productos sanitarios y productos combinados, disponemos de una serie de Drug Master Files (DMF) para nuestra cartera de productos est\u00e1ndar.<\/p>\n      <\/div>\n                <\/div>\n    <div class=\"image-container col-start-1 w-full h-full lg-pro:row-start-1 \">\n      <img decoding=\"async\" class=\"w-full h-full object-cover max-h-[315px] sm:max-h-[400px] lg:max-h-[unset]\" src=\"https:\/\/presspart.com\/wp-content\/uploads\/2023\/01\/Services-Regulatory-Support.png \" alt=\"\">\n    <\/div>\n  <\/div>\n<\/section>\n\n\n\n<section id=\"contact-cta-block_91c0b7f0057c0c5fbd003003bf373eb6\" class=\"contact-cta py-36 md:py-0 md:h-[829px]\" style=\"background-color: #44d5ee\">\n  <div class=\"site-container text-center flex flex-col items-center justify-center max-w-[950px] text-white mx-auto h-full\">\n    <h1 class=\"font-medium leading-[1.1] text-l lg:text-70 xl:text-xl mb-10\" data-aos=\"fade-up\">Trabajemos juntos<\/h1>\n    <p class=\"text-22 md:text-25 lg:text-30  w-4\/5 mb-20 md:mb-11\" data-aos=\"fade-up\" data-aos-delay=\"300\">Nos encantar\u00eda conocer su proyecto<\/p>\n    <a href=\"https:\/\/presspart.com\/es\/contacto\/\" target=\"\" class=\"btn-white-bg hover:after:bg-white leading-none text-25 hover:!text-white lg:text-30 text-center\" style=\"color: #44d5ee\">Contacte con nosotros<\/a>\n  <\/div>\n<\/section>\n","protected":false},"excerpt":{"rendered":"","protected":false},"author":1,"featured_media":0,"parent":0,"menu_order":0,"comment_status":"closed","ping_status":"closed","template":"","meta":{"_acf_changed":false,"footnotes":""},"class_list":["post-3705","page","type-page","status-publish","hentry"],"acf":[],"yoast_head":"<!-- This site is optimized with the Yoast SEO plugin v27.0 - https:\/\/yoast.com\/product\/yoast-seo-wordpress\/ -->\n<title>Servicios | H&amp;T Presspart<\/title>\n<meta name=\"robots\" content=\"index, follow, max-snippet:-1, max-image-preview:large, max-video-preview:-1\" \/>\n<link rel=\"canonical\" href=\"https:\/\/presspart.com\/es\/servicios\/\" \/>\n<meta property=\"og:locale\" content=\"es_ES\" \/>\n<meta property=\"og:type\" content=\"article\" \/>\n<meta property=\"og:title\" content=\"Servicios | H&amp;T Presspart\" \/>\n<meta property=\"og:url\" content=\"https:\/\/presspart.com\/es\/servicios\/\" \/>\n<meta property=\"og:site_name\" content=\"H&amp;T Presspart\" \/>\n<meta property=\"article:modified_time\" content=\"2025-06-02T12:04:40+00:00\" \/>\n<meta name=\"twitter:card\" content=\"summary_large_image\" \/>\n<script type=\"application\/ld+json\" class=\"yoast-schema-graph\">{\"@context\":\"https:\/\/schema.org\",\"@graph\":[{\"@type\":\"WebPage\",\"@id\":\"https:\/\/presspart.com\/es\/servicios\/\",\"url\":\"https:\/\/presspart.com\/es\/servicios\/\",\"name\":\"Servicios | H&T Presspart\",\"isPartOf\":{\"@id\":\"https:\/\/presspart.com\/es\/#website\"},\"datePublished\":\"2022-11-20T12:18:25+00:00\",\"dateModified\":\"2025-06-02T12:04:40+00:00\",\"breadcrumb\":{\"@id\":\"https:\/\/presspart.com\/es\/servicios\/#breadcrumb\"},\"inLanguage\":\"es\",\"potentialAction\":[{\"@type\":\"ReadAction\",\"target\":[\"https:\/\/presspart.com\/es\/servicios\/\"]}]},{\"@type\":\"BreadcrumbList\",\"@id\":\"https:\/\/presspart.com\/es\/servicios\/#breadcrumb\",\"itemListElement\":[{\"@type\":\"ListItem\",\"position\":1,\"name\":\"Home\",\"item\":\"https:\/\/presspart.com\/es\/\"},{\"@type\":\"ListItem\",\"position\":2,\"name\":\"Services\"}]},{\"@type\":\"WebSite\",\"@id\":\"https:\/\/presspart.com\/es\/#website\",\"url\":\"https:\/\/presspart.com\/es\/\",\"name\":\"H&amp;T Presspart\",\"description\":\"\",\"potentialAction\":[{\"@type\":\"SearchAction\",\"target\":{\"@type\":\"EntryPoint\",\"urlTemplate\":\"https:\/\/presspart.com\/es\/?s={search_term_string}\"},\"query-input\":{\"@type\":\"PropertyValueSpecification\",\"valueRequired\":true,\"valueName\":\"search_term_string\"}}],\"inLanguage\":\"es\"}]}<\/script>\n<!-- \/ Yoast SEO plugin. -->","yoast_head_json":{"title":"Servicios | H&T Presspart","robots":{"index":"index","follow":"follow","max-snippet":"max-snippet:-1","max-image-preview":"max-image-preview:large","max-video-preview":"max-video-preview:-1"},"canonical":"https:\/\/presspart.com\/es\/servicios\/","og_locale":"es_ES","og_type":"article","og_title":"Servicios | H&T Presspart","og_url":"https:\/\/presspart.com\/es\/servicios\/","og_site_name":"H&amp;T Presspart","article_modified_time":"2025-06-02T12:04:40+00:00","twitter_card":"summary_large_image","schema":{"@context":"https:\/\/schema.org","@graph":[{"@type":"WebPage","@id":"https:\/\/presspart.com\/es\/servicios\/","url":"https:\/\/presspart.com\/es\/servicios\/","name":"Servicios | H&T Presspart","isPartOf":{"@id":"https:\/\/presspart.com\/es\/#website"},"datePublished":"2022-11-20T12:18:25+00:00","dateModified":"2025-06-02T12:04:40+00:00","breadcrumb":{"@id":"https:\/\/presspart.com\/es\/servicios\/#breadcrumb"},"inLanguage":"es","potentialAction":[{"@type":"ReadAction","target":["https:\/\/presspart.com\/es\/servicios\/"]}]},{"@type":"BreadcrumbList","@id":"https:\/\/presspart.com\/es\/servicios\/#breadcrumb","itemListElement":[{"@type":"ListItem","position":1,"name":"Home","item":"https:\/\/presspart.com\/es\/"},{"@type":"ListItem","position":2,"name":"Services"}]},{"@type":"WebSite","@id":"https:\/\/presspart.com\/es\/#website","url":"https:\/\/presspart.com\/es\/","name":"H&amp;T Presspart","description":"","potentialAction":[{"@type":"SearchAction","target":{"@type":"EntryPoint","urlTemplate":"https:\/\/presspart.com\/es\/?s={search_term_string}"},"query-input":{"@type":"PropertyValueSpecification","valueRequired":true,"valueName":"search_term_string"}}],"inLanguage":"es"}]}},"_links":{"self":[{"href":"https:\/\/presspart.com\/es\/wp-json\/wp\/v2\/pages\/3705","targetHints":{"allow":["GET"]}}],"collection":[{"href":"https:\/\/presspart.com\/es\/wp-json\/wp\/v2\/pages"}],"about":[{"href":"https:\/\/presspart.com\/es\/wp-json\/wp\/v2\/types\/page"}],"author":[{"embeddable":true,"href":"https:\/\/presspart.com\/es\/wp-json\/wp\/v2\/users\/1"}],"replies":[{"embeddable":true,"href":"https:\/\/presspart.com\/es\/wp-json\/wp\/v2\/comments?post=3705"}],"version-history":[{"count":5,"href":"https:\/\/presspart.com\/es\/wp-json\/wp\/v2\/pages\/3705\/revisions"}],"predecessor-version":[{"id":7017,"href":"https:\/\/presspart.com\/es\/wp-json\/wp\/v2\/pages\/3705\/revisions\/7017"}],"wp:attachment":[{"href":"https:\/\/presspart.com\/es\/wp-json\/wp\/v2\/media?parent=3705"}],"curies":[{"name":"wp","href":"https:\/\/api.w.org\/{rel}","templated":true}]}}