{"id":3709,"date":"2022-11-20T12:18:49","date_gmt":"2022-11-20T12:18:49","guid":{"rendered":"https:\/\/presspart.com\/technologies\/"},"modified":"2025-10-08T11:10:04","modified_gmt":"2025-10-08T11:10:04","slug":"tecnologias","status":"publish","type":"page","link":"https:\/\/presspart.com\/es\/tecnologias\/","title":{"rendered":"Technologies"},"content":{"rendered":"\n<style>\n  #inner-page-hero-block_d080b0db4705240e07895b071b1f00e1{\n    background-image: url('https:\/\/presspart.com\/wp-content\/uploads\/2023\/01\/Header-Technologies.png'); background-position: center;\n  }\n  \n      @media only screen and (max-width: 768px){\n      #inner-page-hero-block_d080b0db4705240e07895b071b1f00e1{\n        background-image: url('https:\/\/presspart.com\/wp-content\/uploads\/2023\/03\/Hero-Technologies.png');\n      }\n    }\n  <\/style>\n\n<section id=\"inner-page-hero-block_d080b0db4705240e07895b071b1f00e1\" class=\"inner-page-hero overflow-hidden  h-[100vh] xl:h-screen max-h-[1080px]  bg-no-repeat bg-right  \">\n  <!-- <div class=\"bg-purple shape\"><\/div> -->\n  \n  <div class=\"shape-overlay flex absolute items-center left-[-40vw] lg-pro:-left-[30vw] top-[-95vh] lg-pro:top-[-31vh] 2xl:top-[-95vh] z-[20] w-[300vw] sm:w-[250vw] lg:w-[200vw] 2xl:w-[140vw] h-[220vh] 2xl:h-[300vh] pointer-events-none\">\n            <div class=\"blue-column bg-purple h-[300vh] flex-grow first:ml-0 ml-[-1px]\"><\/div>\n            <div class=\"blue-column bg-purple h-[300vh] flex-grow first:ml-0 ml-[-1px]\"><\/div>\n            <div class=\"blue-column bg-purple h-[300vh] flex-grow first:ml-0 ml-[-1px]\"><\/div>\n            <div class=\"blue-column bg-purple h-[300vh] flex-grow first:ml-0 ml-[-1px]\"><\/div>\n            <div class=\"blue-column bg-purple h-[300vh] flex-grow first:ml-0 ml-[-1px]\"><\/div>\n            <div class=\"blue-column bg-purple h-[300vh] flex-grow first:ml-0 ml-[-1px]\"><\/div>\n            <div class=\"blue-column bg-purple h-[300vh] flex-grow first:ml-0 ml-[-1px]\"><\/div>\n            <div class=\"blue-column bg-purple h-[300vh] flex-grow first:ml-0 ml-[-1px]\"><\/div>\n            <div class=\"blue-column bg-purple h-[300vh] flex-grow first:ml-0 ml-[-1px]\"><\/div>\n            <div class=\"blue-column bg-purple h-[300vh] flex-grow first:ml-0 ml-[-1px]\"><\/div>\n            <div class=\"blue-column bg-purple h-[300vh] flex-grow first:ml-0 ml-[-1px]\"><\/div>\n            <div class=\"blue-column bg-purple h-[300vh] flex-grow first:ml-0 ml-[-1px]\"><\/div>\n            <div class=\"blue-column bg-purple h-[300vh] flex-grow first:ml-0 ml-[-1px]\"><\/div>\n            <div class=\"blue-column bg-purple h-[300vh] flex-grow first:ml-0 ml-[-1px]\"><\/div>\n            <div class=\"blue-column bg-purple h-[300vh] flex-grow first:ml-0 ml-[-1px]\"><\/div>\n            <div class=\"blue-column bg-purple h-[300vh] flex-grow first:ml-0 ml-[-1px]\"><\/div>\n            <div class=\"blue-column bg-purple h-[300vh] flex-grow first:ml-0 ml-[-1px]\"><\/div>\n            <div class=\"blue-column bg-purple h-[300vh] flex-grow first:ml-0 ml-[-1px]\"><\/div>\n            <div class=\"blue-column bg-purple h-[300vh] flex-grow first:ml-0 ml-[-1px]\"><\/div>\n            <div class=\"blue-column bg-purple h-[300vh] flex-grow first:ml-0 ml-[-1px]\"><\/div>\n      <\/div>\n\n  <div class=\" flex h-full items-center mx-auto lg:container 2xl:max-w-screen-2xl w-full lg-pro:w-[calc(100%-80px)]\">\n    <h1 class=\"z-10 px-5 sm:px-10 xl:px-0 py-10 lg-pro:h-[unset] lg-pro:bg-[unset] text-35 md:text-l lg:text-70 2xl:text-xl leading-[1.11] w-screen lg-pro:w-[unset] font-medium text-white lg-pro:max-w-[825px]\">Tecnolog\u00edas<\/h1>\n  <\/div>\n<\/section>\n\n\n\n<section id=\"two-col-text-block_2535c54782611eb77f92651a3706830f\" class=\"two-col-text\" style=\"background-color: #121f4a\">\n  <div class=\"site-container grid lg:grid-cols-2 gap-5 md:gap-10 container mx-auto py-24 md:py-40\">\n    <div class=\"left-section\">\n              <h1 class=\"text-purple leading-[1.1] font-medium 2xl:mr-20 text-25 md:text-35 lg:text-50\" data-aos=\"fade-up\">Tecnolog\u00edas para mejorar la administraci\u00f3n de f\u00e1rmacos<\/h1>\n          <\/div>\n    <div class=\"right-section text-white text-18 md:text-md xl-medium:text-26 leading-[1.25]\">\n              <div class=\"wysywig \" data-aos=\"fade-up\" data-aos-delay=\"400\">\n          <p>Los dispositivos de vanguardia requieren tecnolog\u00edas de vanguardia. Nuestras tecnolog\u00edas de fabricaci\u00f3n de vanguardia nos permiten fabricar algunos de los dispositivos de administraci\u00f3n de f\u00e1rmacos m\u00e1s innovadores y fiables del mercado.<\/p>\n<p>Tanto si se trata de fabricar dispositivos conceptuales de bajo volumen o lotes cl\u00ednicos como de industrializar grandes vol\u00famenes, podemos ayudarle con una amplia gama de tecnolog\u00edas de fabricaci\u00f3n innovadoras y flexibles para satisfacer sus necesidades.<\/p>\n        <\/div>\n      \n          <\/div>\n  <\/div>\n<\/section>\n\n\n\n\n<section id=\"\" class=\"two-column-text-image\" style=\"background-color: \">\n  <div class=\"site-container grid lg-pro:grid-cols-2 !w-full mx-auto\">\n    <div class=\"text flex flex-col justify-center items-center mx-auto row-start-2 lg-pro:row-start-[unset] lg-pro:col-start-2  pb-20 pt-10 lg-pro:py-10\">\n      <h3 class=\"text-35 w-[calc(100vw-42px)] sm:w-4\/5 lg-pro:text-50 leading-[1.1] font-medium mb-[30px] lg-pro:mb-14\" data-aos=\"fade-up\">Moldeo por inyecci\u00f3n<\/h3>\n      <div class=\"wysywig w-[calc(100vw-42px)] sm:w-4\/5 text-18 lg-pro:text-22 leading-[1.25]\" data-aos=\"fade-up\" data-aos-delay=\"300\">\n        <p>H&amp;T Presspart ofrece a sus clientes moldeo por inyecci\u00f3n de alta precisi\u00f3n para dispositivos de administraci\u00f3n de f\u00e1rmacos, subconjuntos y componentes. Utilizamos herramientas de alta cavitaci\u00f3n en m\u00e1quinas de moldeo por inyecci\u00f3n hidr\u00e1ulicas y el\u00e9ctricas de \u00faltima generaci\u00f3n para lograr la m\u00e1xima precisi\u00f3n en componentes de bajo peso.<\/p>\n<p>Nuestros equipos prestan apoyo durante el desarrollo y la industrializaci\u00f3n para garantizar unos procesos de fabricaci\u00f3n s\u00f3lidos que garanticen la eficacia, la repetibilidad y la calidad.<\/p>\n      <\/div>\n                <\/div>\n    <div class=\"image-container col-start-1 w-full h-full lg-pro:row-start-1 \">\n      <img decoding=\"async\" class=\"w-full h-full object-cover max-h-[315px] sm:max-h-[400px] lg:max-h-[unset]\" src=\"https:\/\/presspart.com\/wp-content\/uploads\/2023\/01\/Tech-Injection-Moulding.png \" alt=\"\">\n    <\/div>\n  <\/div>\n<\/section>\n\n\n\n\n<section id=\"\" class=\"two-column-text-image\" style=\"background-color: \">\n  <div class=\"site-container grid lg-pro:grid-cols-2 !w-full mx-auto\">\n    <div class=\"text flex flex-col justify-center items-center mx-auto row-start-2 lg-pro:row-start-[unset] lg-pro:col-start-2 !col-start-1 pb-20 pt-10 lg-pro:py-10\">\n      <h3 class=\"text-35 w-[calc(100vw-42px)] sm:w-4\/5 lg-pro:text-50 leading-[1.1] font-medium mb-[30px] lg-pro:mb-14\" data-aos=\"fade-up\">Ensamblaje Multicomponente<\/h3>\n      <div class=\"wysywig w-[calc(100vw-42px)] sm:w-4\/5 text-18 lg-pro:text-22 leading-[1.25]\" data-aos=\"fade-up\" data-aos-delay=\"300\">\n        <p>Haciendo uso de la manipulaci\u00f3n robotizada de piezas y el montaje totalmente automatizado de alta velocidad, fabricamos dispositivos de administraci\u00f3n de f\u00e1rmacos multicomponentes en salas blancas ISO 7 e ISO 8. Nuestros sistemas de montaje automatizado est\u00e1n dise\u00f1ados para cumplir todas las normas de fabricaci\u00f3n y reglamentaci\u00f3n internacionales y garantizar procesos precisos, coherentes y repetibles.<\/p>\n<p>Como parte de los procesos de desarrollo y validaci\u00f3n, nuestros equipos ayudan a los clientes a encontrar las soluciones de ensamblaje m\u00e1s adecuadas para sus productos, desde la fabricaci\u00f3n piloto hasta la fabricaci\u00f3n en serie, y desde soluciones est\u00e1ndar hasta procesos altamente personalizados.<\/p>\n      <\/div>\n                <\/div>\n    <div class=\"image-container col-start-1 w-full h-full lg-pro:row-start-1 lg-pro:col-start-2\">\n      <img decoding=\"async\" class=\"w-full h-full object-cover max-h-[315px] sm:max-h-[400px] lg:max-h-[unset]\" src=\"https:\/\/presspart.com\/wp-content\/uploads\/2022\/11\/Presspart-Production-Detail-Avamys-Assembly-Adele-Marschner-processed-v1.png \" alt=\"\">\n    <\/div>\n  <\/div>\n<\/section>\n\n\n\n\n<section id=\"\" class=\"two-column-text-image\" style=\"background-color: \">\n  <div class=\"site-container grid lg-pro:grid-cols-2 !w-full mx-auto\">\n    <div class=\"text flex flex-col justify-center items-center mx-auto row-start-2 lg-pro:row-start-[unset] lg-pro:col-start-2  pb-20 pt-10 lg-pro:py-10\">\n      <h3 class=\"text-35 w-[calc(100vw-42px)] sm:w-4\/5 lg-pro:text-50 leading-[1.1] font-medium mb-[30px] lg-pro:mb-14\" data-aos=\"fade-up\">Prensas de Embutici\u00f3n Profunda<\/h3>\n      <div class=\"wysywig w-[calc(100vw-42px)] sm:w-4\/5 text-18 lg-pro:text-22 leading-[1.25]\" data-aos=\"fade-up\" data-aos-delay=\"300\">\n        <p>H&amp;T Presspart es especialista en componentes met\u00e1licos de precisi\u00f3n de embutici\u00f3n profunda para la industria farmac\u00e9utica. Tanto si se trata de uno de los 650 millones de latas de MDI que fabricamos cada a\u00f1o, como de un componente personalizado para un dispositivo m\u00e9dico, colaboramos con nuestros clientes para satisfacer sus necesidades.<\/p>\n<p>Con un \u00e9nfasis en la calidad impecable, la fiabilidad, la flexibilidad y la rapidez de entrega, nos hemos convertido en el principal fabricante mundial de componentes farmac\u00e9uticos de embutici\u00f3n profunda.<\/p>\n      <\/div>\n                <\/div>\n    <div class=\"image-container col-start-1 w-full h-full lg-pro:row-start-1 \">\n      <img decoding=\"async\" class=\"w-full h-full object-cover max-h-[315px] sm:max-h-[400px] lg:max-h-[unset]\" src=\"https:\/\/presspart.com\/wp-content\/uploads\/2022\/11\/S012_PPM.png \" alt=\"\">\n    <\/div>\n  <\/div>\n<\/section>\n\n\n\n<section id=\"quote-block_25ae8aeb24ab4ae71d205778b79ca801\" class=\"quote h-[673px] sm:h-[68vh] md:h-screen\" style=\"background-color: #c496e0\">\n  <div id=\"shape-one\" class=\"shape-overlay one shape-one\" ><\/div>\n  <div id=\"shape-two\" class=\"shape-overlay two shape-two\" ><\/div>\n  <div class=\"site-container flex h-full w-full items-center justify-center mx-auto\">\n    <div class=\"wysywig text-30 md:text-40 lg:text-md-large 2xl:text-[54px] leading-normal font-medium text-center text-white max-w-[1144px] w-[100vw-40px] z-10 py-12\">\n      <p>\u00abEstamos muy satisfechos con el servicio proactivo que recibimos de Presspart y mantenemos una excelente relaci\u00f3n laboral con el equipo. Seguid as\u00ed!\u00bb<\/p>\n<h6><small class=\"\">Coordinador API &#8211; Cadena de suministro, Aspen<\/small><\/h6>\n    <\/div>\n  <\/div>\n<\/section>\n\n\n\n\n<section id=\"\" class=\"two-column-text-image\" style=\"background-color: \">\n  <div class=\"site-container grid lg-pro:grid-cols-2 !w-full mx-auto\">\n    <div class=\"text flex flex-col justify-center items-center mx-auto row-start-2 lg-pro:row-start-[unset] lg-pro:col-start-2 !col-start-1 pb-20 pt-10 lg-pro:py-10\">\n      <h3 class=\"text-35 w-[calc(100vw-42px)] sm:w-4\/5 lg-pro:text-50 leading-[1.1] font-medium mb-[30px] lg-pro:mb-14\" data-aos=\"fade-up\">Tratamientos de superficies conforme con PFAS<\/h3>\n      <div class=\"wysywig w-[calc(100vw-42px)] sm:w-4\/5 text-18 lg-pro:text-22 leading-[1.25]\" data-aos=\"fade-up\" data-aos-delay=\"300\">\n        <p>H&amp;T Presspart ofrece una variedad de innovadores tratamientos de superficies para optimizar el rendimiento de los dispositivos de administraci\u00f3n de f\u00e1rmacos. Nuestra tecnolog\u00eda de tratamiento con plasma est\u00e1 totalmente industrializada y ofrece una soluci\u00f3n \u00fanica para evitar la degradaci\u00f3n y la adherencia del f\u00e1rmaco en los envases de aluminio de MDI.<\/p>\n<p>La tecnolog\u00eda de plasma puede utilizarse en otros componentes met\u00e1licos y pl\u00e1sticos para modificar las propiedades adhesivas o hidr\u00f3fobas de una superficie. P\u00f3ngase en contacto con nosotros para hablar de sus necesidades en el tratamiento de superficies.<\/p>\n      <\/div>\n                <\/div>\n    <div class=\"image-container col-start-1 w-full h-full lg-pro:row-start-1 lg-pro:col-start-2\">\n      <img decoding=\"async\" class=\"w-full h-full object-cover max-h-[315px] sm:max-h-[400px] lg:max-h-[unset]\" src=\"https:\/\/presspart.com\/wp-content\/uploads\/2022\/11\/0000217-v2-2.png \" alt=\"\">\n    <\/div>\n  <\/div>\n<\/section>\n\n\n\n\n<section id=\"\" class=\"two-column-text-image\" style=\"background-color: \">\n  <div class=\"site-container grid lg-pro:grid-cols-2 !w-full mx-auto\">\n    <div class=\"text flex flex-col justify-center items-center mx-auto row-start-2 lg-pro:row-start-[unset] lg-pro:col-start-2  pb-20 pt-10 lg-pro:py-10\">\n      <h3 class=\"text-35 w-[calc(100vw-42px)] sm:w-4\/5 lg-pro:text-50 leading-[1.1] font-medium mb-[30px] lg-pro:mb-14\" data-aos=\"fade-up\">Dise\u00f1o de Moldes<\/h3>\n      <div class=\"wysywig w-[calc(100vw-42px)] sm:w-4\/5 text-18 lg-pro:text-22 leading-[1.25]\" data-aos=\"fade-up\" data-aos-delay=\"300\">\n        <p>H&amp;T Presspart se ha dedicado internamente al dise\u00f1o y fabricaci\u00f3n de moldes de precisi\u00f3n para garantizar los m\u00e1s altos niveles de calidad en componentes de embutici\u00f3n profunda. Nuestros experimentados ingenieros y fabricantes de herramientas, as\u00ed como nuestra tecnolog\u00eda y equipos de \u00faltima generaci\u00f3n, nos permiten producir y mantener moldes de precisi\u00f3n rentables y optimizadas para los requisitos de cada componente.<\/p>\n      <\/div>\n                <\/div>\n    <div class=\"image-container col-start-1 w-full h-full lg-pro:row-start-1 \">\n      <img decoding=\"async\" class=\"w-full h-full object-cover max-h-[315px] sm:max-h-[400px] lg:max-h-[unset]\" src=\"https:\/\/presspart.com\/wp-content\/uploads\/2022\/11\/0000316-2.png \" alt=\"\">\n    <\/div>\n  <\/div>\n<\/section>\n\n\n\n\n<section id=\"\" class=\"two-column-text-image\" style=\"background-color: \">\n  <div class=\"site-container grid lg-pro:grid-cols-2 !w-full mx-auto\">\n    <div class=\"text flex flex-col justify-center items-center mx-auto row-start-2 lg-pro:row-start-[unset] lg-pro:col-start-2 !col-start-1 pb-20 pt-10 lg-pro:py-10\">\n      <h3 class=\"text-35 w-[calc(100vw-42px)] sm:w-4\/5 lg-pro:text-50 leading-[1.1] font-medium mb-[30px] lg-pro:mb-14\" data-aos=\"fade-up\">Calidad y Reglamentaci\u00f3n<\/h3>\n      <div class=\"wysywig w-[calc(100vw-42px)] sm:w-4\/5 text-18 lg-pro:text-22 leading-[1.25]\" data-aos=\"fade-up\" data-aos-delay=\"300\">\n        <p>Nuestras plantas de fabricaci\u00f3n cumplen todos los requisitos internacionales de calidad y reglamentaci\u00f3n. Contamos con las certificaciones ISO 9001, ISO 15378, ISO 13485, ISO 14001 y seguimos las Buenas Pr\u00e1cticas de Fabricaci\u00f3n (cGMP) de la UE y la FDA, lo que garantiza los m\u00e1s altos est\u00e1ndares en toda la empresa.<\/p>\n<p>Nuestros laboratorios de metrolog\u00eda internos est\u00e1n equipados con m\u00e1quinas de medici\u00f3n de alto rendimiento para realizar inspecciones detalladas de componentes con procesos repetibles.<\/p>\n<p>Los desarrollos y validaciones de productos y procesos, as\u00ed como los procesos de producci\u00f3n y mantenimiento, se llevan a cabo de acuerdo con las normas de calidad y reglamentarias aplicables. Los programas y m\u00e9todos Lean y de excelencia est\u00e1n integrados en nuestra cultura e impulsan la mejora continua en toda la empresa.<\/p>\n      <\/div>\n                <\/div>\n    <div class=\"image-container col-start-1 w-full h-full lg-pro:row-start-1 lg-pro:col-start-2\">\n      <img decoding=\"async\" class=\"w-full h-full object-cover max-h-[315px] sm:max-h-[400px] lg:max-h-[unset]\" src=\"https:\/\/presspart.com\/wp-content\/uploads\/2022\/11\/Quality-Lab-PPT_PST8414.png \" alt=\"\">\n    <\/div>\n  <\/div>\n<\/section>\n\n\n\n<section id=\"contact-cta-block_e78683efc3c6d4922b74db05859a34db\" class=\"contact-cta py-36 md:py-0 md:h-[829px]\" style=\"background-color: #c496e0\">\n  <div class=\"site-container text-center flex flex-col items-center justify-center max-w-[950px] text-white mx-auto h-full\">\n    <h1 class=\"font-medium leading-[1.1] text-l lg:text-70 xl:text-xl mb-10\" data-aos=\"fade-up\">Trabajemos juntos<\/h1>\n    <p class=\"text-22 md:text-25 lg:text-30  w-4\/5 mb-20 md:mb-11\" data-aos=\"fade-up\" data-aos-delay=\"300\">Nos encantar\u00eda conocer su proyecto<\/p>\n    <a href=\"https:\/\/presspart.com\/es\/contacto\/\" target=\"\" class=\"btn-white-bg hover:after:bg-white leading-none text-25 hover:!text-white lg:text-30 text-center\" style=\"color: #c496e0\">Contacte con nosotros<\/a>\n  <\/div>\n<\/section>\n","protected":false},"excerpt":{"rendered":"","protected":false},"author":1,"featured_media":0,"parent":0,"menu_order":0,"comment_status":"closed","ping_status":"closed","template":"","meta":{"_acf_changed":false,"footnotes":""},"class_list":["post-3709","page","type-page","status-publish","hentry"],"acf":[],"yoast_head":"<!-- This site is optimized with the Yoast SEO plugin v27.0 - https:\/\/yoast.com\/product\/yoast-seo-wordpress\/ -->\n<title>Tecnolog\u00edas | H&amp;T Presspart<\/title>\n<meta name=\"robots\" content=\"index, follow, max-snippet:-1, max-image-preview:large, max-video-preview:-1\" \/>\n<link rel=\"canonical\" href=\"https:\/\/presspart.com\/es\/tecnologias\/\" \/>\n<meta property=\"og:locale\" content=\"es_ES\" \/>\n<meta property=\"og:type\" content=\"article\" \/>\n<meta property=\"og:title\" content=\"Tecnolog\u00edas | H&amp;T Presspart\" \/>\n<meta property=\"og:url\" content=\"https:\/\/presspart.com\/es\/tecnologias\/\" \/>\n<meta property=\"og:site_name\" content=\"H&amp;T Presspart\" \/>\n<meta property=\"article:modified_time\" content=\"2025-10-08T11:10:04+00:00\" \/>\n<meta name=\"twitter:card\" content=\"summary_large_image\" \/>\n<script type=\"application\/ld+json\" class=\"yoast-schema-graph\">{\"@context\":\"https:\/\/schema.org\",\"@graph\":[{\"@type\":\"WebPage\",\"@id\":\"https:\/\/presspart.com\/es\/tecnologias\/\",\"url\":\"https:\/\/presspart.com\/es\/tecnologias\/\",\"name\":\"Tecnolog\u00edas | H&T Presspart\",\"isPartOf\":{\"@id\":\"https:\/\/presspart.com\/es\/#website\"},\"datePublished\":\"2022-11-20T12:18:49+00:00\",\"dateModified\":\"2025-10-08T11:10:04+00:00\",\"breadcrumb\":{\"@id\":\"https:\/\/presspart.com\/es\/tecnologias\/#breadcrumb\"},\"inLanguage\":\"es\",\"potentialAction\":[{\"@type\":\"ReadAction\",\"target\":[\"https:\/\/presspart.com\/es\/tecnologias\/\"]}]},{\"@type\":\"BreadcrumbList\",\"@id\":\"https:\/\/presspart.com\/es\/tecnologias\/#breadcrumb\",\"itemListElement\":[{\"@type\":\"ListItem\",\"position\":1,\"name\":\"Home\",\"item\":\"https:\/\/presspart.com\/es\/\"},{\"@type\":\"ListItem\",\"position\":2,\"name\":\"Technologies\"}]},{\"@type\":\"WebSite\",\"@id\":\"https:\/\/presspart.com\/es\/#website\",\"url\":\"https:\/\/presspart.com\/es\/\",\"name\":\"H&amp;T Presspart\",\"description\":\"\",\"potentialAction\":[{\"@type\":\"SearchAction\",\"target\":{\"@type\":\"EntryPoint\",\"urlTemplate\":\"https:\/\/presspart.com\/es\/?s={search_term_string}\"},\"query-input\":{\"@type\":\"PropertyValueSpecification\",\"valueRequired\":true,\"valueName\":\"search_term_string\"}}],\"inLanguage\":\"es\"}]}<\/script>\n<!-- \/ Yoast SEO plugin. -->","yoast_head_json":{"title":"Tecnolog\u00edas | H&T Presspart","robots":{"index":"index","follow":"follow","max-snippet":"max-snippet:-1","max-image-preview":"max-image-preview:large","max-video-preview":"max-video-preview:-1"},"canonical":"https:\/\/presspart.com\/es\/tecnologias\/","og_locale":"es_ES","og_type":"article","og_title":"Tecnolog\u00edas | H&T Presspart","og_url":"https:\/\/presspart.com\/es\/tecnologias\/","og_site_name":"H&amp;T Presspart","article_modified_time":"2025-10-08T11:10:04+00:00","twitter_card":"summary_large_image","schema":{"@context":"https:\/\/schema.org","@graph":[{"@type":"WebPage","@id":"https:\/\/presspart.com\/es\/tecnologias\/","url":"https:\/\/presspart.com\/es\/tecnologias\/","name":"Tecnolog\u00edas | H&T Presspart","isPartOf":{"@id":"https:\/\/presspart.com\/es\/#website"},"datePublished":"2022-11-20T12:18:49+00:00","dateModified":"2025-10-08T11:10:04+00:00","breadcrumb":{"@id":"https:\/\/presspart.com\/es\/tecnologias\/#breadcrumb"},"inLanguage":"es","potentialAction":[{"@type":"ReadAction","target":["https:\/\/presspart.com\/es\/tecnologias\/"]}]},{"@type":"BreadcrumbList","@id":"https:\/\/presspart.com\/es\/tecnologias\/#breadcrumb","itemListElement":[{"@type":"ListItem","position":1,"name":"Home","item":"https:\/\/presspart.com\/es\/"},{"@type":"ListItem","position":2,"name":"Technologies"}]},{"@type":"WebSite","@id":"https:\/\/presspart.com\/es\/#website","url":"https:\/\/presspart.com\/es\/","name":"H&amp;T Presspart","description":"","potentialAction":[{"@type":"SearchAction","target":{"@type":"EntryPoint","urlTemplate":"https:\/\/presspart.com\/es\/?s={search_term_string}"},"query-input":{"@type":"PropertyValueSpecification","valueRequired":true,"valueName":"search_term_string"}}],"inLanguage":"es"}]}},"_links":{"self":[{"href":"https:\/\/presspart.com\/es\/wp-json\/wp\/v2\/pages\/3709","targetHints":{"allow":["GET"]}}],"collection":[{"href":"https:\/\/presspart.com\/es\/wp-json\/wp\/v2\/pages"}],"about":[{"href":"https:\/\/presspart.com\/es\/wp-json\/wp\/v2\/types\/page"}],"author":[{"embeddable":true,"href":"https:\/\/presspart.com\/es\/wp-json\/wp\/v2\/users\/1"}],"replies":[{"embeddable":true,"href":"https:\/\/presspart.com\/es\/wp-json\/wp\/v2\/comments?post=3709"}],"version-history":[{"count":10,"href":"https:\/\/presspart.com\/es\/wp-json\/wp\/v2\/pages\/3709\/revisions"}],"predecessor-version":[{"id":7282,"href":"https:\/\/presspart.com\/es\/wp-json\/wp\/v2\/pages\/3709\/revisions\/7282"}],"wp:attachment":[{"href":"https:\/\/presspart.com\/es\/wp-json\/wp\/v2\/media?parent=3709"}],"curies":[{"name":"wp","href":"https:\/\/api.w.org\/{rel}","templated":true}]}}