{"id":3723,"date":"2022-11-20T12:20:20","date_gmt":"2022-11-20T12:20:20","guid":{"rendered":"https:\/\/presspart.com\/heitkamp-thumann-group\/"},"modified":"2025-04-11T15:15:12","modified_gmt":"2025-04-11T15:15:12","slug":"heitkamp-thumann-group","status":"publish","type":"page","link":"https:\/\/presspart.com\/es\/heitkamp-thumann-group\/","title":{"rendered":"Heitkamp &#038; Thumann Group"},"content":{"rendered":"\n<style>\n  #inner-page-hero-block_dbaac4f26f6d5968f23a85efe7f3e64c{\n    background-image: url('https:\/\/presspart.com\/wp-content\/uploads\/2023\/02\/Header-HT-Group.png'); background-position: center;\n  }\n  \n      @media only screen and (max-width: 768px){\n      #inner-page-hero-block_dbaac4f26f6d5968f23a85efe7f3e64c{\n        background-image: url('https:\/\/presspart.com\/wp-content\/uploads\/2023\/03\/Hero-HT-Group.png');\n      }\n    }\n  <\/style>\n\n<section id=\"inner-page-hero-block_dbaac4f26f6d5968f23a85efe7f3e64c\" class=\"inner-page-hero overflow-hidden  h-[100vh] sm:h-[80vh] xl:h-screen md:max-h-[640px] smaller  bg-no-repeat bg-right  \">\n  <!-- <div class=\"bg-dark-blue shape\"><\/div> -->\n  \n  <div class=\"shape-overlay flex absolute items-center left-[-40vw] lg-pro:-left-[30vw] top-[-95vh] lg-pro:top-[-31vh] 2xl:top-[-95vh] z-[20] w-[300vw] sm:w-[250vw] lg:w-[200vw] 2xl:w-[140vw] h-[220vh] 2xl:h-[300vh] pointer-events-none\">\n            <div class=\"blue-column bg-dark-blue h-[300vh] flex-grow first:ml-0 ml-[-1px]\"><\/div>\n            <div class=\"blue-column bg-dark-blue h-[300vh] flex-grow first:ml-0 ml-[-1px]\"><\/div>\n            <div class=\"blue-column bg-dark-blue h-[300vh] flex-grow first:ml-0 ml-[-1px]\"><\/div>\n            <div class=\"blue-column bg-dark-blue h-[300vh] flex-grow first:ml-0 ml-[-1px]\"><\/div>\n            <div class=\"blue-column bg-dark-blue h-[300vh] flex-grow first:ml-0 ml-[-1px]\"><\/div>\n            <div class=\"blue-column bg-dark-blue h-[300vh] flex-grow first:ml-0 ml-[-1px]\"><\/div>\n            <div class=\"blue-column bg-dark-blue h-[300vh] flex-grow first:ml-0 ml-[-1px]\"><\/div>\n            <div class=\"blue-column bg-dark-blue h-[300vh] flex-grow first:ml-0 ml-[-1px]\"><\/div>\n            <div class=\"blue-column bg-dark-blue h-[300vh] flex-grow first:ml-0 ml-[-1px]\"><\/div>\n            <div class=\"blue-column bg-dark-blue h-[300vh] flex-grow first:ml-0 ml-[-1px]\"><\/div>\n            <div class=\"blue-column bg-dark-blue h-[300vh] flex-grow first:ml-0 ml-[-1px]\"><\/div>\n            <div class=\"blue-column bg-dark-blue h-[300vh] flex-grow first:ml-0 ml-[-1px]\"><\/div>\n            <div class=\"blue-column bg-dark-blue h-[300vh] flex-grow first:ml-0 ml-[-1px]\"><\/div>\n            <div class=\"blue-column bg-dark-blue h-[300vh] flex-grow first:ml-0 ml-[-1px]\"><\/div>\n            <div class=\"blue-column bg-dark-blue h-[300vh] flex-grow first:ml-0 ml-[-1px]\"><\/div>\n            <div class=\"blue-column bg-dark-blue h-[300vh] flex-grow first:ml-0 ml-[-1px]\"><\/div>\n            <div class=\"blue-column bg-dark-blue h-[300vh] flex-grow first:ml-0 ml-[-1px]\"><\/div>\n            <div class=\"blue-column bg-dark-blue h-[300vh] flex-grow first:ml-0 ml-[-1px]\"><\/div>\n            <div class=\"blue-column bg-dark-blue h-[300vh] flex-grow first:ml-0 ml-[-1px]\"><\/div>\n            <div class=\"blue-column bg-dark-blue h-[300vh] flex-grow first:ml-0 ml-[-1px]\"><\/div>\n      <\/div>\n\n  <div class=\" flex h-full items-center mx-auto lg:container 2xl:max-w-screen-2xl w-full lg-pro:w-[calc(100%-80px)]\">\n    <h1 class=\"z-10 px-5 sm:px-10 xl:px-0 py-10 lg-pro:h-[unset] lg-pro:bg-[unset] text-35 md:text-l lg:text-70 2xl:text-xl leading-[1.11] w-screen lg-pro:w-[unset] font-medium text-white lg-pro:max-w-[825px]\">Heitkamp &#038; Thumann Group<\/h1>\n  <\/div>\n<\/section>\n\n\n\n<section id=\"two-col-text-block_49660172e7e9ac49a5721462bd7c7af4\" class=\"two-col-text\" style=\"background-color: #004c95\">\n  <div class=\"site-container grid lg:grid-cols-2 gap-5 md:gap-10 container mx-auto py-24 md:py-40\">\n    <div class=\"left-section\">\n              <h1 class=\"text-white leading-[1.1] font-medium 2xl:mr-20 text-25 md:text-35 lg:text-50\" data-aos=\"fade-up\">Su Socio Global<\/h1>\n          <\/div>\n    <div class=\"right-section text-white text-18 md:text-md xl-medium:text-26 leading-[1.25]\">\n              <div class=\"wysywig \" data-aos=\"fade-up\" data-aos-delay=\"400\">\n          <p>Heitkamp &amp; Thumann Group es un socio global l\u00edder en el desarrollo y suministro de componentes de precisi\u00f3n de primera clase, tanto de metal como de pl\u00e1stico.<\/p>\n<p>Fundado en 1978, el Grupo cuenta hoy con 15 empresas de tama\u00f1o medio ubicadas en 9 pa\u00edses diferentes y que dan empleo a m\u00e1s de 1800 personas.<\/p>\n<p>La eficiencia, la calidad y la innovaci\u00f3n siempre han estado en el centro de nuestra filosof\u00eda corporativa y de nuestras actividades empresariales. Empleados altamente cualificados y motivados y estructuras \u00e1giles nos hacen triunfar en todo el mundo.<\/p>\n        <\/div>\n      \n          <\/div>\n  <\/div>\n<\/section>\n\n\n\n<section id=\"logo-links-block_c9f1f9417943949bd7efd4244e193e0b\" class=\"logo-links pt-16 md:pt-28 md:pb-36 pb-24\">\n  <div class=\"site-container flex flex-col mx-auto container\">\n\n    <h4 class=\"text-35 md:text-50 xl:text-70 font-medium leading-[1.1] mb-10 lg:mb-16 max-w-[1080px]\">Heitkamp &#038; Thumann Group<\/h4>\n    <div class=\"wysywig text-18 md:text-md 2xl:text-26 leading-[1.25] text-text max-w-[1080px]\">\n      <p><strong>Heitkamp &#038; Thumann Group es un socio l\u00edder mundial en el desarrollo y suministro de componentes de precisi\u00f3n de primera clase, tanto de metal como de pl\u00e1stico.<\/strong><\/p>\n<p>El grupo familiar est\u00e1 formado por 15 peque\u00f1as y medianas empresas que emplean a 1.800 personas. H&#038;T Recharge, H&#038;T Battery Components y H&#038;T Presspart representan las tres Divisiones. H&#038;T Industrial, H&#038;T Tool Design y H&#038;T ProduktionsTechnologie representan las tres Unidades de Negocio independientes.<\/p>\n<p>Presencia global, visi\u00f3n estrat\u00e9gica y una filosof\u00eda empresarial que sit\u00faa la orientaci\u00f3n al cliente, los empleados y la innovaci\u00f3n en el centro de todas las actividades corporativas son los ingredientes del crecimiento estable y el \u00e9xito del Grupo.<\/p>\n    <\/div>\n\n    <h6 class=\"text-[14px] leading-tight my-20 md:mb-32\">Haga clic en los logos para visitar el sitio web:<\/h6>\n\n    <div class=\"divisions grid grid-cols-1 gap-28 lg:gap-36\">\n      \n        <div class=\"division\">\n          \n                      <div class=\"main single grid grid-cols-1 sm:grid-cols-2 lg:grid-cols-3 w-full gap-y-28 lg-pro:max-w-[80%] gap-x-20\" data-aos=\"fade-up\">\n              <a class=\"w-full external external-col\" href=\"https:\/\/www.ht-group.com\/es\" target=\"_blank\">\n                <div class=\"logo w-full\">\n                  <img decoding=\"async\" class=\"w-full\" src=\"https:\/\/presspart.com\/wp-content\/uploads\/2023\/03\/Mobile-HT-Group-Logo-1.svg\" alt=\"\">\n                <\/div>\n              <\/a>\n            <\/div>\n          \n          <div class=\"grid grid-cols-1 sm:grid-cols-2 lg:grid-cols-3 w-full gap-y-28 lg-pro:max-w-[80%] gap-x-20 \">\n                      <\/div>\n        <\/div>\n\n        \n        <div class=\"division\">\n                      <div class=\"hidden md:block heading w-full border-real-black border-solid border-b pb-2 mb-11\">\n              <h2 class=\"text-26 text-real-black leading-tight\">Heitkamp &#038; Thumann Group &#8211; Divisiones<\/h2>\n            <\/div>\n          \n          \n          <div class=\"grid grid-cols-1 sm:grid-cols-2 lg:grid-cols-3 w-full gap-y-28 lg-pro:max-w-[80%] gap-x-20 \">\n                          <a href=\"#\" target=\"\" class=\"single  flex flex-col items-start \" data-aos=\"fade-up\" data-aos-delay=\"100\">\n                <div class=\"logo w-full\">\n                  <img decoding=\"async\" class=\"w-full\" src=\"https:\/\/presspart.com\/wp-content\/uploads\/2023\/03\/HT-Presspart-Logo-1.svg\" alt=\"\">\n                <\/div>\n                <div class=\"wysywig text-15 leading-[1.1] mt-0 mb-auto pt-20 hidden md:block\">\n                  <p>H&#038;T Presspart es una empresa l\u00edder mundial especializada en la fabricaci\u00f3n de componentes para la administraci\u00f3n de f\u00e1rmacos y dispositivos farmac\u00e9uticos embutidos y moldeados por inyecci\u00f3n. Con una amplia gama de productos y servicios, H&#038;T Presspart ha establecido nuevos est\u00e1ndares en el campo de los componentes de dispositivos m\u00e9dicos embutidos y moldeados por inyecci\u00f3n, y es el socio preferido de las principales empresas farmac\u00e9uticas.<\/p>\n<p><strong>Impacting Tomorrow. Together.<\/strong><\/p>\n                <\/div>\n              <\/a>\n                            <a href=\"http:\/\/ht-recharge.com\" target=\"_blank\" class=\"single external external-col  flex flex-col items-start \" data-aos=\"fade-up\" data-aos-delay=\"200\">\n                <div class=\"logo w-full\">\n                  <img decoding=\"async\" class=\"w-full\" src=\"https:\/\/presspart.com\/wp-content\/uploads\/2023\/03\/HT-Recharge-Logo-1.svg\" alt=\"\">\n                <\/div>\n                <div class=\"wysywig text-15 leading-[1.1] mt-0 mb-auto pt-20 hidden md:block\">\n                  <p>H&#038;T Recharge es el socio preferido para soluciones de latas de bater\u00eda en la industria de las bater\u00edas recargables de iones de litio. H&#038;T Recharge entr\u00f3 pronto en este nuevo sector y se ha convertido en el mayor fabricante de latas de embutici\u00f3n profunda del hemisferio occidental. H&#038;T Recharge apoya a los fabricantes que atienden la creciente demanda de bater\u00edas cil\u00edndricas con una gama de soluciones de componentes personalizados.<\/p>\n<p><strong>Energizing Tomorrow. Today.<\/strong><\/p>\n                <\/div>\n              <\/a>\n                            <a href=\"https:\/\/www.ht-bc.com\/\" target=\"_blank\" class=\"single external external-col  flex flex-col items-start \" data-aos=\"fade-up\" data-aos-delay=\"300\">\n                <div class=\"logo w-full\">\n                  <img decoding=\"async\" class=\"w-full\" src=\"https:\/\/presspart.com\/wp-content\/uploads\/2023\/03\/HT-Battery-Logo-1.svg\" alt=\"\">\n                <\/div>\n                <div class=\"wysywig text-15 leading-[1.1] mt-0 mb-auto pt-20 hidden md:block\">\n                  <p>H&#038;T Battery Components Division es el mayor fabricante mundial de componentes met\u00e1licos para pilas alcalinas y ofrece a sus clientes una completa cartera para el mercado de pilas primarias. Todos los productos se fabrican con sofisticadas m\u00e1quinas y herramientas de desarrollo propio para la embutici\u00f3n profunda de alta precisi\u00f3n de latas cil\u00edndricas.<\/p>\n                <\/div>\n              <\/a>\n                        <\/div>\n        <\/div>\n\n        \n        <div class=\"division\">\n                      <div class=\"hidden md:block heading w-full border-real-black border-solid border-b pb-2 mb-11\">\n              <h2 class=\"text-26 text-real-black leading-tight\">Heitkamp &#038; Thumann Group &#8211; Unidades de negocio<\/h2>\n            <\/div>\n          \n          \n          <div class=\"grid grid-cols-1 sm:grid-cols-2 lg:grid-cols-3 w-full gap-y-28 lg-pro:max-w-[80%] gap-x-20 \">\n                          <a href=\"https:\/\/www.ht-pt.com\/en\/\" target=\"_blank\" class=\"single external external-col  flex flex-col items-start \" data-aos=\"fade-up\" data-aos-delay=\"400\">\n                <div class=\"logo w-full\">\n                  <img decoding=\"async\" class=\"w-full\" src=\"https:\/\/presspart.com\/wp-content\/uploads\/2023\/03\/HT-Prod-Tech-Logo-1.svg\" alt=\"\">\n                <\/div>\n                <div class=\"wysywig text-15 leading-[1.1] mt-0 mb-auto pt-20 hidden md:block\">\n                  <p>H&#038;T ProduktionsTechnologie se ha especializado en el desarrollo y la construcci\u00f3n de herramientas, m\u00e1quinas y equipos para conformado de metales durante m\u00e1s de 50 a\u00f1os. La empresa utiliza con \u00e9xito la tecnolog\u00eda de servoaccionamientos para cumplir con los requisitos de los clientes.<\/p>\n                <\/div>\n              <\/a>\n                            <a href=\"https:\/\/www.htindustrial.com\/?lang=es\" target=\"_blank\" class=\"single external external-col  flex flex-col items-start \" data-aos=\"fade-up\" data-aos-delay=\"500\">\n                <div class=\"logo w-full\">\n                  <img decoding=\"async\" class=\"w-full\" src=\"https:\/\/presspart.com\/wp-content\/uploads\/2023\/03\/HT-Industrial-Logo-1.svg\" alt=\"\">\n                <\/div>\n                <div class=\"wysywig text-15 leading-[1.1] mt-0 mb-auto pt-20 hidden md:block\">\n                  <p>H&amp;T Industrial se ha especializado en el desarrollo y la construcci\u00f3n de utillaje, m\u00e1quinas y equipos para conformado de metales durante m\u00e1s de 50 a\u00f1os. La empresa utiliza con \u00e9xito la tecnolog\u00eda de servoaccionamientos para cumplir con los requisitos de los clientes.<\/p>\n                <\/div>\n              <\/a>\n                            <a href=\"https:\/\/www.ht-tooldesign.de\/\" target=\"_blank\" class=\"single external external-col  flex flex-col items-start \" data-aos=\"fade-up\" data-aos-delay=\"600\">\n                <div class=\"logo w-full\">\n                  <img decoding=\"async\" class=\"w-full\" src=\"https:\/\/presspart.com\/wp-content\/uploads\/2023\/03\/HT-Tool-Design-Logo-2.svg\" alt=\"\">\n                <\/div>\n                <div class=\"wysywig text-15 leading-[1.1] mt-0 mb-auto pt-20 hidden md:block\">\n                  <p>H&#038;T Tool Design es un socio altamente especializado en la optimizaci\u00f3n de piezas de herramientas y la ingenier\u00eda de soluciones tecnol\u00f3gicas. La empresa se ocupa de las piezas de herramientas y m\u00e1quinas seg\u00fan las necesidades individuales de los clientes. Aqu\u00ed, en la mayor empresa de formaci\u00f3n del Grupo Heitkamp &#038; Thumann, se forma al personal t\u00e9cnico junior.<\/p>\n                <\/div>\n              <\/a>\n                        <\/div>\n        <\/div>\n\n            <\/div>\n\n    \n  <\/div>\n<\/section>\n","protected":false},"excerpt":{"rendered":"","protected":false},"author":1,"featured_media":0,"parent":0,"menu_order":0,"comment_status":"closed","ping_status":"closed","template":"","meta":{"_acf_changed":false,"footnotes":""},"class_list":["post-3723","page","type-page","status-publish","hentry"],"acf":[],"yoast_head":"<!-- This site is optimized with the Yoast SEO plugin v27.0 - https:\/\/yoast.com\/product\/yoast-seo-wordpress\/ -->\n<title>Heitkamp &amp; Thumann Group - H&amp;T Presspart<\/title>\n<meta name=\"robots\" content=\"index, follow, max-snippet:-1, max-image-preview:large, max-video-preview:-1\" \/>\n<link rel=\"canonical\" href=\"https:\/\/presspart.com\/es\/heitkamp-thumann-group\/\" \/>\n<meta property=\"og:locale\" content=\"es_ES\" \/>\n<meta property=\"og:type\" content=\"article\" \/>\n<meta property=\"og:title\" content=\"Heitkamp &amp; Thumann Group - H&amp;T Presspart\" \/>\n<meta property=\"og:url\" content=\"https:\/\/presspart.com\/es\/heitkamp-thumann-group\/\" \/>\n<meta property=\"og:site_name\" content=\"H&amp;T Presspart\" \/>\n<meta property=\"article:modified_time\" content=\"2025-04-11T15:15:12+00:00\" \/>\n<meta name=\"twitter:card\" content=\"summary_large_image\" \/>\n<script type=\"application\/ld+json\" class=\"yoast-schema-graph\">{\"@context\":\"https:\/\/schema.org\",\"@graph\":[{\"@type\":\"WebPage\",\"@id\":\"https:\/\/presspart.com\/es\/heitkamp-thumann-group\/\",\"url\":\"https:\/\/presspart.com\/es\/heitkamp-thumann-group\/\",\"name\":\"Heitkamp & Thumann Group - H&amp;T Presspart\",\"isPartOf\":{\"@id\":\"https:\/\/presspart.com\/es\/#website\"},\"datePublished\":\"2022-11-20T12:20:20+00:00\",\"dateModified\":\"2025-04-11T15:15:12+00:00\",\"breadcrumb\":{\"@id\":\"https:\/\/presspart.com\/es\/heitkamp-thumann-group\/#breadcrumb\"},\"inLanguage\":\"es\",\"potentialAction\":[{\"@type\":\"ReadAction\",\"target\":[\"https:\/\/presspart.com\/es\/heitkamp-thumann-group\/\"]}]},{\"@type\":\"BreadcrumbList\",\"@id\":\"https:\/\/presspart.com\/es\/heitkamp-thumann-group\/#breadcrumb\",\"itemListElement\":[{\"@type\":\"ListItem\",\"position\":1,\"name\":\"Home\",\"item\":\"https:\/\/presspart.com\/es\/\"},{\"@type\":\"ListItem\",\"position\":2,\"name\":\"Heitkamp &#038; Thumann Group\"}]},{\"@type\":\"WebSite\",\"@id\":\"https:\/\/presspart.com\/es\/#website\",\"url\":\"https:\/\/presspart.com\/es\/\",\"name\":\"H&amp;T Presspart\",\"description\":\"\",\"potentialAction\":[{\"@type\":\"SearchAction\",\"target\":{\"@type\":\"EntryPoint\",\"urlTemplate\":\"https:\/\/presspart.com\/es\/?s={search_term_string}\"},\"query-input\":{\"@type\":\"PropertyValueSpecification\",\"valueRequired\":true,\"valueName\":\"search_term_string\"}}],\"inLanguage\":\"es\"}]}<\/script>\n<!-- \/ Yoast SEO plugin. -->","yoast_head_json":{"title":"Heitkamp & Thumann Group - H&amp;T Presspart","robots":{"index":"index","follow":"follow","max-snippet":"max-snippet:-1","max-image-preview":"max-image-preview:large","max-video-preview":"max-video-preview:-1"},"canonical":"https:\/\/presspart.com\/es\/heitkamp-thumann-group\/","og_locale":"es_ES","og_type":"article","og_title":"Heitkamp & Thumann Group - H&amp;T Presspart","og_url":"https:\/\/presspart.com\/es\/heitkamp-thumann-group\/","og_site_name":"H&amp;T Presspart","article_modified_time":"2025-04-11T15:15:12+00:00","twitter_card":"summary_large_image","schema":{"@context":"https:\/\/schema.org","@graph":[{"@type":"WebPage","@id":"https:\/\/presspart.com\/es\/heitkamp-thumann-group\/","url":"https:\/\/presspart.com\/es\/heitkamp-thumann-group\/","name":"Heitkamp & Thumann Group - H&amp;T Presspart","isPartOf":{"@id":"https:\/\/presspart.com\/es\/#website"},"datePublished":"2022-11-20T12:20:20+00:00","dateModified":"2025-04-11T15:15:12+00:00","breadcrumb":{"@id":"https:\/\/presspart.com\/es\/heitkamp-thumann-group\/#breadcrumb"},"inLanguage":"es","potentialAction":[{"@type":"ReadAction","target":["https:\/\/presspart.com\/es\/heitkamp-thumann-group\/"]}]},{"@type":"BreadcrumbList","@id":"https:\/\/presspart.com\/es\/heitkamp-thumann-group\/#breadcrumb","itemListElement":[{"@type":"ListItem","position":1,"name":"Home","item":"https:\/\/presspart.com\/es\/"},{"@type":"ListItem","position":2,"name":"Heitkamp &#038; Thumann Group"}]},{"@type":"WebSite","@id":"https:\/\/presspart.com\/es\/#website","url":"https:\/\/presspart.com\/es\/","name":"H&amp;T Presspart","description":"","potentialAction":[{"@type":"SearchAction","target":{"@type":"EntryPoint","urlTemplate":"https:\/\/presspart.com\/es\/?s={search_term_string}"},"query-input":{"@type":"PropertyValueSpecification","valueRequired":true,"valueName":"search_term_string"}}],"inLanguage":"es"}]}},"_links":{"self":[{"href":"https:\/\/presspart.com\/es\/wp-json\/wp\/v2\/pages\/3723","targetHints":{"allow":["GET"]}}],"collection":[{"href":"https:\/\/presspart.com\/es\/wp-json\/wp\/v2\/pages"}],"about":[{"href":"https:\/\/presspart.com\/es\/wp-json\/wp\/v2\/types\/page"}],"author":[{"embeddable":true,"href":"https:\/\/presspart.com\/es\/wp-json\/wp\/v2\/users\/1"}],"replies":[{"embeddable":true,"href":"https:\/\/presspart.com\/es\/wp-json\/wp\/v2\/comments?post=3723"}],"version-history":[{"count":7,"href":"https:\/\/presspart.com\/es\/wp-json\/wp\/v2\/pages\/3723\/revisions"}],"predecessor-version":[{"id":6796,"href":"https:\/\/presspart.com\/es\/wp-json\/wp\/v2\/pages\/3723\/revisions\/6796"}],"wp:attachment":[{"href":"https:\/\/presspart.com\/es\/wp-json\/wp\/v2\/media?parent=3723"}],"curies":[{"name":"wp","href":"https:\/\/api.w.org\/{rel}","templated":true}]}}