{"id":6105,"date":"2024-10-29T20:53:39","date_gmt":"2024-10-29T20:53:39","guid":{"rendered":"https:\/\/presspart.com\/therapeutic-areas\/"},"modified":"2025-10-21T09:23:51","modified_gmt":"2025-10-21T09:23:51","slug":"areas-terapeuticas","status":"publish","type":"page","link":"https:\/\/presspart.com\/es\/areas-terapeuticas\/","title":{"rendered":"Therapeutic Areas"},"content":{"rendered":"\n<style>\n  #inner-page-hero-block_9d9f2011fd34278549970c263de19674{\n    background-image: url('https:\/\/presspart.com\/wp-content\/uploads\/2024\/10\/therapeutic-areas.jpg'); background-position: center;\n  }\n  \n  <\/style>\n\n<section id=\"inner-page-hero-block_9d9f2011fd34278549970c263de19674\" class=\"inner-page-hero overflow-hidden  h-[100vh] xl:h-screen max-h-[1080px]  bg-no-repeat bg-right  \">\n  <!-- <div class=\"bg-purple shape\"><\/div> -->\n  \n  <div class=\"shape-overlay flex absolute items-center left-[-40vw] lg-pro:-left-[30vw] top-[-95vh] lg-pro:top-[-31vh] 2xl:top-[-95vh] z-[20] w-[300vw] sm:w-[250vw] lg:w-[200vw] 2xl:w-[140vw] h-[220vh] 2xl:h-[300vh] pointer-events-none\">\n            <div class=\"blue-column bg-purple h-[300vh] flex-grow first:ml-0 ml-[-1px]\"><\/div>\n            <div class=\"blue-column bg-purple h-[300vh] flex-grow first:ml-0 ml-[-1px]\"><\/div>\n            <div class=\"blue-column bg-purple h-[300vh] flex-grow first:ml-0 ml-[-1px]\"><\/div>\n            <div class=\"blue-column bg-purple h-[300vh] flex-grow first:ml-0 ml-[-1px]\"><\/div>\n            <div class=\"blue-column bg-purple h-[300vh] flex-grow first:ml-0 ml-[-1px]\"><\/div>\n            <div class=\"blue-column bg-purple h-[300vh] flex-grow first:ml-0 ml-[-1px]\"><\/div>\n            <div class=\"blue-column bg-purple h-[300vh] flex-grow first:ml-0 ml-[-1px]\"><\/div>\n            <div class=\"blue-column bg-purple h-[300vh] flex-grow first:ml-0 ml-[-1px]\"><\/div>\n            <div class=\"blue-column bg-purple h-[300vh] flex-grow first:ml-0 ml-[-1px]\"><\/div>\n            <div class=\"blue-column bg-purple h-[300vh] flex-grow first:ml-0 ml-[-1px]\"><\/div>\n            <div class=\"blue-column bg-purple h-[300vh] flex-grow first:ml-0 ml-[-1px]\"><\/div>\n            <div class=\"blue-column bg-purple h-[300vh] flex-grow first:ml-0 ml-[-1px]\"><\/div>\n            <div class=\"blue-column bg-purple h-[300vh] flex-grow first:ml-0 ml-[-1px]\"><\/div>\n            <div class=\"blue-column bg-purple h-[300vh] flex-grow first:ml-0 ml-[-1px]\"><\/div>\n            <div class=\"blue-column bg-purple h-[300vh] flex-grow first:ml-0 ml-[-1px]\"><\/div>\n            <div class=\"blue-column bg-purple h-[300vh] flex-grow first:ml-0 ml-[-1px]\"><\/div>\n            <div class=\"blue-column bg-purple h-[300vh] flex-grow first:ml-0 ml-[-1px]\"><\/div>\n            <div class=\"blue-column bg-purple h-[300vh] flex-grow first:ml-0 ml-[-1px]\"><\/div>\n            <div class=\"blue-column bg-purple h-[300vh] flex-grow first:ml-0 ml-[-1px]\"><\/div>\n            <div class=\"blue-column bg-purple h-[300vh] flex-grow first:ml-0 ml-[-1px]\"><\/div>\n      <\/div>\n\n  <div class=\" flex h-full items-center mx-auto lg:container 2xl:max-w-screen-2xl w-full lg-pro:w-[calc(100%-80px)]\">\n    <h1 class=\"z-10 px-5 sm:px-10 xl:px-0 py-10 lg-pro:h-[unset] lg-pro:bg-[unset] text-35 md:text-l lg:text-70 2xl:text-xl leading-[1.11] w-screen lg-pro:w-[unset] font-medium text-white lg-pro:max-w-[825px]\">\u00c1reas Terap\u00e9uticas<\/h1>\n  <\/div>\n<\/section>\n\n\n\n<section id=\"two-col-text-block_1615eded468b1f944ab39b3be000706d\" class=\"two-col-text\" style=\"background-color: #004C93\">\n  <div class=\"site-container grid lg:grid-cols-2 gap-5 md:gap-10 container mx-auto py-24 md:py-40\">\n    <div class=\"left-section\">\n              <h1 class=\"text-yellow leading-[1.1] font-medium 2xl:mr-20 text-25 md:text-35 lg:text-50\" data-aos=\"fade-up\">Soluciones innovadoras de dispositivos de administraci\u00f3n de f\u00e1rmacos para diversos mercados<\/h1>\n          <\/div>\n    <div class=\"right-section text-white text-18 md:text-md xl-medium:text-26 leading-[1.25]\">\n              <div class=\"wysywig \" data-aos=\"fade-up\" data-aos-delay=\"400\">\n          <p>Somos l\u00edderes en el desarrollo de sistemas de administraci\u00f3n de f\u00e1rmacos en diversas \u00e1reas terap\u00e9uticas. Nuestros amplios conocimientos abarcan m\u00faltiples mercados, cada uno de los cuales presenta distintos retos y oportunidades para mejorar la atenci\u00f3n al paciente y los resultados de los tratamientos. Gracias a nuestra especializaci\u00f3n en los mercados de inhalaci\u00f3n, diagn\u00f3stico, ocular y parenteral, colaboramos con empresas farmac\u00e9uticas mundiales para dise\u00f1ar y producir dispositivos de administraci\u00f3n de f\u00e1rmacos de alta calidad en los que los pacientes puedan confiar.<\/p>\n        <\/div>\n      \n          <\/div>\n  <\/div>\n<\/section>\n\n\n\n<section id=\"product-listing-block_dbffbad6f8a17e2b7ddb54329d3e2990\" class=\"product-listing py-24 lg:py-36 bg-text\">\n  <div class=\"site-container flex flex-col site-container container mx-auto\">\n    <div class=\"products grid grid-cols-1 gap-16 md:gap-24 xl:gap-36\">\n      \n        <div id=\"inhalation\" class=\"grid lg:grid-cols-[1.2fr_1fr] gap-6\">\n            <h2 class=\"text-35 md:text-50 xl:text-70 font-medium leading-[1.1] mb-6 sm:mb-16 lg:col-span-2\">Inhalaci\u00f3n<\/h2>\n\n            <div class=\"image-container flex items-center justify-center\">\n                                    <video autoplay muted loop class=\"w-full h-auto object-center object-cover\">\n                        <source src=\"https:\/\/presspart.com\/wp-content\/uploads\/2025\/10\/Sunriser.mp4\" type=\"video\/mp4\" >\n                    <\/video>\n                            <\/div>\n            <div class=\"content flex flex-col max-w-full xl:max-w-[528px]\">\n                <div class=\"wysywig\">\n                    <p>El mercado de la inhalaci\u00f3n se centra en la administraci\u00f3n de medicamentos directamente a los pulmones a trav\u00e9s de formas inhalables, como inhaladores de dosis medidas, inhaladores de polvo seco, inhaladores de vaporizaci\u00f3n suave y nebulizadores. Est\u00e1 impulsado principalmente por la creciente prevalencia de enfermedades respiratorias como el asma, la enfermedad pulmonar obstructiva cr\u00f3nica (EPOC) y otras enfermedades pulmonares y sist\u00e9micas. Cada vez se hace m\u00e1s hincapi\u00e9 en los dispositivos respetuosos con el paciente y sostenibles con el medio ambiente, como los inhaladores digitales y sin propelentes.<\/p>\n<p>H&amp;T Presspart es l\u00edder en el desarrollo y la fabricaci\u00f3n de <a href=\"https:\/\/presspart.com\/drug-delivery-solutions\/\">componentes y dispositivos para inhalaci\u00f3n<\/a>. Nuestras capacidades internas de an\u00e1lisis y desarrollo ofrecen un servicio completo para acelerar el proceso hacia la comercializaci\u00f3n.<\/p>\n                <\/div>\n            <\/div>\n        <\/div>\n\n        <div class=\"keyline-container relative last:hidden\">\n            <div class=\"absolute line h-[1px] bg-[#252525] w-screen left-1\/2 -translate-x-1\/2\"><\/div>\n        <\/div>\n\n        \n        <div id=\"parenteral\" class=\"grid lg:grid-cols-[1.2fr_1fr] gap-6\">\n            <h2 class=\"text-35 md:text-50 xl:text-70 font-medium leading-[1.1] mb-6 sm:mb-16 lg:col-span-2\">Parenteral<\/h2>\n\n            <div class=\"image-container flex items-center justify-center\">\n                                    <video autoplay muted loop class=\"w-full h-auto object-center object-cover\">\n                        <source src=\"https:\/\/presspart.com\/wp-content\/uploads\/2024\/10\/Injectable-Drug-Delivery-1.mp4\" type=\"video\/mp4\" >\n                    <\/video>\n                            <\/div>\n            <div class=\"content flex flex-col max-w-full xl:max-w-[528px]\">\n                <div class=\"wysywig\">\n                    <p>El mercado parenteral incluye medicamentos administrados por v\u00eda intravenosa (IV), intramuscular (IM) y subcut\u00e1nea (SC). Este mercado est\u00e1 impulsado por la creciente necesidad de productos biol\u00f3gicos, vacunas y f\u00e1rmacos complejos que requieren una administraci\u00f3n precisa y r\u00e1pida en el torrente sangu\u00edneo para lograr la m\u00e1xima eficacia. Abarca una amplia gama de productos, como jeringas precargadas, viales, ampollas y sistemas avanzados de administraci\u00f3n, como autoinyectores y dispositivos port\u00e1tiles.<\/p>\n<p>H&amp;T Presspart desarrolla e industrializa <a href=\"https:\/\/presspart.com\/success-stories\/\">dispositivos avanzados de administraci\u00f3n parenteral de medicamentos<\/a>, como los autoinyectores. En 2025 se lanzar\u00e1 al mercado nuestro sistema de cierre de envases (CCS) Snap-fit Vytal, listo para usar (Ready to Use).<\/p>\n                <\/div>\n            <\/div>\n        <\/div>\n\n        <div class=\"keyline-container relative last:hidden\">\n            <div class=\"absolute line h-[1px] bg-[#252525] w-screen left-1\/2 -translate-x-1\/2\"><\/div>\n        <\/div>\n\n        \n        <div id=\"ocular\" class=\"grid lg:grid-cols-[1.2fr_1fr] gap-6\">\n            <h2 class=\"text-35 md:text-50 xl:text-70 font-medium leading-[1.1] mb-6 sm:mb-16 lg:col-span-2\">Ocular<\/h2>\n\n            <div class=\"image-container flex items-center justify-center\">\n                                    <video autoplay muted loop class=\"w-full h-auto object-center object-cover\">\n                        <source src=\"https:\/\/presspart.com\/wp-content\/uploads\/2024\/10\/Ocular-Drug-Delivery-1.mp4\" type=\"video\/mp4\" >\n                    <\/video>\n                            <\/div>\n            <div class=\"content flex flex-col max-w-full xl:max-w-[528px]\">\n                <div class=\"wysywig\">\n                    <p>A medida que envejece la poblaci\u00f3n, aumenta la prevalencia de afecciones oculares como el glaucoma, la sequedad ocular, la degeneraci\u00f3n macular y la retinopat\u00eda diab\u00e9tica, lo que convierte al mercado de la administraci\u00f3n ocular de f\u00e1rmacos en una importante \u00e1rea de crecimiento dentro del sector farmac\u00e9utico. Abarca diversos formatos de administraci\u00f3n, como colirios, implantes oculares y sistemas innovadores de liberaci\u00f3n sostenida dise\u00f1ados para superar las barreras naturales del ojo y mejorar la biodisponibilidad de los f\u00e1rmacos.<\/p>\n<p>H&amp;T Presspart ha colaborado con varias empresas en el dise\u00f1o especializado y la fabricaci\u00f3n de <a href=\"https:\/\/presspart.com\/es\/casos-de-exito\/\">implantadores oculares<\/a>, lo que nos sit\u00faa en una buena posici\u00f3n para ayudar a otras empresas farmac\u00e9uticas que pretendan introducir dispositivos oculares en el mercado.<\/p>\n                <\/div>\n            <\/div>\n        <\/div>\n\n        <div class=\"keyline-container relative last:hidden\">\n            <div class=\"absolute line h-[1px] bg-[#252525] w-screen left-1\/2 -translate-x-1\/2\"><\/div>\n        <\/div>\n\n        \n        <div id=\"diagnostics\" class=\"grid lg:grid-cols-[1.2fr_1fr] gap-6\">\n            <h2 class=\"text-35 md:text-50 xl:text-70 font-medium leading-[1.1] mb-6 sm:mb-16 lg:col-span-2\">Diagn\u00f3stico<\/h2>\n\n            <div class=\"image-container flex items-center justify-center\">\n                                    <video autoplay muted loop class=\"w-full h-auto object-center object-cover\">\n                        <source src=\"https:\/\/presspart.com\/wp-content\/uploads\/2024\/10\/Diagnostics-1.mp4\" type=\"video\/mp4\" >\n                    <\/video>\n                            <\/div>\n            <div class=\"content flex flex-col max-w-full xl:max-w-[528px]\">\n                <div class=\"wysywig\">\n                    <p>El mercado del diagn\u00f3stico m\u00e9dico abarca una amplia gama de dispositivos y tecnolog\u00edas utilizados para identificar enfermedades o afecciones en los pacientes. Este mercado est\u00e1 llamado a crecer de forma significativa, impulsado por los avances tecnol\u00f3gicos, la creciente demanda de detecci\u00f3n precoz de enfermedades y la mayor necesidad mundial de servicios sanitarios.<\/p>\n<p>En H&amp;T Presspart producimos diversos dispositivos para pruebas de diagn\u00f3stico in vitro, como tarjetas de gel para la determinaci\u00f3n del grupo sangu\u00edneo y la investigaci\u00f3n de anticuerpos, as\u00ed como un <a href=\"https:\/\/presspart.com\/success-stories\/\">dispositivo para controlar<\/a> los niveles de calprotectina en los pacientes.<\/p>\n                <\/div>\n            <\/div>\n        <\/div>\n\n        <div class=\"keyline-container relative last:hidden\">\n            <div class=\"absolute line h-[1px] bg-[#252525] w-screen left-1\/2 -translate-x-1\/2\"><\/div>\n        <\/div>\n\n            <\/div>\n  <\/div>\n<\/section>\n\n\n<section id=\"contact-cta-block_267c69b20bc10288d5c85a89e5e72f67\" class=\"contact-cta py-36 md:py-0 md:h-[829px]\" style=\"background-color: #ffbb00\">\n  <div class=\"site-container text-center flex flex-col items-center justify-center max-w-[950px] text-white mx-auto h-full\">\n    <h1 class=\"font-medium leading-[1.1] text-l lg:text-70 xl:text-xl mb-10\" data-aos=\"fade-up\">Explore un Sinf\u00edn de Posibilidades<\/h1>\n    <p class=\"text-22 md:text-25 lg:text-30  w-4\/5 mb-20 md:mb-11\" data-aos=\"fade-up\" data-aos-delay=\"300\">Nos encantar\u00eda conocer su proyecto<\/p>\n    <a href=\"https:\/\/presspart.com\/es\/contacto\/\" target=\"\" class=\"btn-white-bg hover:after:bg-white leading-none text-25 hover:!text-white lg:text-30 text-center\" style=\"color: #ffbb00\">P\u00f3ngase en contacto con nosotros<\/a>\n  <\/div>\n<\/section>\n","protected":false},"excerpt":{"rendered":"","protected":false},"author":1,"featured_media":0,"parent":0,"menu_order":0,"comment_status":"closed","ping_status":"closed","template":"","meta":{"_acf_changed":false,"footnotes":""},"class_list":["post-6105","page","type-page","status-publish","hentry"],"acf":[],"yoast_head":"<!-- This site is optimized with the Yoast SEO plugin v27.0 - https:\/\/yoast.com\/product\/yoast-seo-wordpress\/ -->\n<title>\u00c1reas Terap\u00e9uticas | H&amp;T Presspart<\/title>\n<meta name=\"description\" content=\"Somos l\u00edderes en el desarrollo de sistemas de administraci\u00f3n de f\u00e1rmacos en diversas \u00e1reas terap\u00e9uticas.\" \/>\n<meta name=\"robots\" content=\"index, follow, max-snippet:-1, max-image-preview:large, max-video-preview:-1\" \/>\n<link rel=\"canonical\" href=\"https:\/\/presspart.com\/es\/areas-terapeuticas\/\" \/>\n<meta property=\"og:locale\" content=\"es_ES\" \/>\n<meta property=\"og:type\" content=\"article\" \/>\n<meta property=\"og:title\" content=\"\u00c1reas Terap\u00e9uticas | H&amp;T Presspart\" \/>\n<meta property=\"og:description\" content=\"Somos l\u00edderes en el desarrollo de sistemas de administraci\u00f3n de f\u00e1rmacos en diversas \u00e1reas terap\u00e9uticas.\" \/>\n<meta property=\"og:url\" content=\"https:\/\/presspart.com\/es\/areas-terapeuticas\/\" \/>\n<meta property=\"og:site_name\" content=\"H&amp;T Presspart\" \/>\n<meta property=\"article:modified_time\" content=\"2025-10-21T09:23:51+00:00\" \/>\n<meta name=\"twitter:card\" content=\"summary_large_image\" \/>\n<script type=\"application\/ld+json\" class=\"yoast-schema-graph\">{\"@context\":\"https:\/\/schema.org\",\"@graph\":[{\"@type\":\"WebPage\",\"@id\":\"https:\/\/presspart.com\/es\/areas-terapeuticas\/\",\"url\":\"https:\/\/presspart.com\/es\/areas-terapeuticas\/\",\"name\":\"\u00c1reas Terap\u00e9uticas | H&amp;T Presspart\",\"isPartOf\":{\"@id\":\"https:\/\/presspart.com\/es\/#website\"},\"datePublished\":\"2024-10-29T20:53:39+00:00\",\"dateModified\":\"2025-10-21T09:23:51+00:00\",\"description\":\"Somos l\u00edderes en el desarrollo de sistemas de administraci\u00f3n de f\u00e1rmacos en diversas \u00e1reas terap\u00e9uticas.\",\"breadcrumb\":{\"@id\":\"https:\/\/presspart.com\/es\/areas-terapeuticas\/#breadcrumb\"},\"inLanguage\":\"es\",\"potentialAction\":[{\"@type\":\"ReadAction\",\"target\":[\"https:\/\/presspart.com\/es\/areas-terapeuticas\/\"]}]},{\"@type\":\"BreadcrumbList\",\"@id\":\"https:\/\/presspart.com\/es\/areas-terapeuticas\/#breadcrumb\",\"itemListElement\":[{\"@type\":\"ListItem\",\"position\":1,\"name\":\"Home\",\"item\":\"https:\/\/presspart.com\/es\/\"},{\"@type\":\"ListItem\",\"position\":2,\"name\":\"Therapeutic Areas\"}]},{\"@type\":\"WebSite\",\"@id\":\"https:\/\/presspart.com\/es\/#website\",\"url\":\"https:\/\/presspart.com\/es\/\",\"name\":\"H&amp;T Presspart\",\"description\":\"\",\"potentialAction\":[{\"@type\":\"SearchAction\",\"target\":{\"@type\":\"EntryPoint\",\"urlTemplate\":\"https:\/\/presspart.com\/es\/?s={search_term_string}\"},\"query-input\":{\"@type\":\"PropertyValueSpecification\",\"valueRequired\":true,\"valueName\":\"search_term_string\"}}],\"inLanguage\":\"es\"}]}<\/script>\n<!-- \/ Yoast SEO plugin. -->","yoast_head_json":{"title":"\u00c1reas Terap\u00e9uticas | H&amp;T Presspart","description":"Somos l\u00edderes en el desarrollo de sistemas de administraci\u00f3n de f\u00e1rmacos en diversas \u00e1reas terap\u00e9uticas.","robots":{"index":"index","follow":"follow","max-snippet":"max-snippet:-1","max-image-preview":"max-image-preview:large","max-video-preview":"max-video-preview:-1"},"canonical":"https:\/\/presspart.com\/es\/areas-terapeuticas\/","og_locale":"es_ES","og_type":"article","og_title":"\u00c1reas Terap\u00e9uticas | H&amp;T Presspart","og_description":"Somos l\u00edderes en el desarrollo de sistemas de administraci\u00f3n de f\u00e1rmacos en diversas \u00e1reas terap\u00e9uticas.","og_url":"https:\/\/presspart.com\/es\/areas-terapeuticas\/","og_site_name":"H&amp;T Presspart","article_modified_time":"2025-10-21T09:23:51+00:00","twitter_card":"summary_large_image","schema":{"@context":"https:\/\/schema.org","@graph":[{"@type":"WebPage","@id":"https:\/\/presspart.com\/es\/areas-terapeuticas\/","url":"https:\/\/presspart.com\/es\/areas-terapeuticas\/","name":"\u00c1reas Terap\u00e9uticas | H&amp;T Presspart","isPartOf":{"@id":"https:\/\/presspart.com\/es\/#website"},"datePublished":"2024-10-29T20:53:39+00:00","dateModified":"2025-10-21T09:23:51+00:00","description":"Somos l\u00edderes en el desarrollo de sistemas de administraci\u00f3n de f\u00e1rmacos en diversas \u00e1reas terap\u00e9uticas.","breadcrumb":{"@id":"https:\/\/presspart.com\/es\/areas-terapeuticas\/#breadcrumb"},"inLanguage":"es","potentialAction":[{"@type":"ReadAction","target":["https:\/\/presspart.com\/es\/areas-terapeuticas\/"]}]},{"@type":"BreadcrumbList","@id":"https:\/\/presspart.com\/es\/areas-terapeuticas\/#breadcrumb","itemListElement":[{"@type":"ListItem","position":1,"name":"Home","item":"https:\/\/presspart.com\/es\/"},{"@type":"ListItem","position":2,"name":"Therapeutic Areas"}]},{"@type":"WebSite","@id":"https:\/\/presspart.com\/es\/#website","url":"https:\/\/presspart.com\/es\/","name":"H&amp;T Presspart","description":"","potentialAction":[{"@type":"SearchAction","target":{"@type":"EntryPoint","urlTemplate":"https:\/\/presspart.com\/es\/?s={search_term_string}"},"query-input":{"@type":"PropertyValueSpecification","valueRequired":true,"valueName":"search_term_string"}}],"inLanguage":"es"}]}},"_links":{"self":[{"href":"https:\/\/presspart.com\/es\/wp-json\/wp\/v2\/pages\/6105","targetHints":{"allow":["GET"]}}],"collection":[{"href":"https:\/\/presspart.com\/es\/wp-json\/wp\/v2\/pages"}],"about":[{"href":"https:\/\/presspart.com\/es\/wp-json\/wp\/v2\/types\/page"}],"author":[{"embeddable":true,"href":"https:\/\/presspart.com\/es\/wp-json\/wp\/v2\/users\/1"}],"replies":[{"embeddable":true,"href":"https:\/\/presspart.com\/es\/wp-json\/wp\/v2\/comments?post=6105"}],"version-history":[{"count":11,"href":"https:\/\/presspart.com\/es\/wp-json\/wp\/v2\/pages\/6105\/revisions"}],"predecessor-version":[{"id":7326,"href":"https:\/\/presspart.com\/es\/wp-json\/wp\/v2\/pages\/6105\/revisions\/7326"}],"wp:attachment":[{"href":"https:\/\/presspart.com\/es\/wp-json\/wp\/v2\/media?parent=6105"}],"curies":[{"name":"wp","href":"https:\/\/api.w.org\/{rel}","templated":true}]}}