{"id":6999,"date":"2025-05-21T12:51:53","date_gmt":"2025-05-21T12:51:53","guid":{"rendered":"https:\/\/presspart.com\/low-carbon-mdis\/"},"modified":"2025-06-02T12:11:27","modified_gmt":"2025-06-02T12:11:27","slug":"mdi-de-bajo-impacto-de-carbono","status":"publish","type":"page","link":"https:\/\/presspart.com\/es\/mdi-de-bajo-impacto-de-carbono\/","title":{"rendered":"Low carbon MDIs"},"content":{"rendered":"\n<style>\n  #inner-page-hero-block_54bdf51ab6715ed5148d9a737d32300d{\n    background-image: url('https:\/\/presspart.com\/wp-content\/uploads\/2023\/02\/Haeder-Sevices-003.png'); background-position: center;\n  }\n  \n  <\/style>\n\n<section id=\"inner-page-hero-block_54bdf51ab6715ed5148d9a737d32300d\" class=\"inner-page-hero overflow-hidden  h-[100vh] xl:h-screen max-h-[1080px]  bg-no-repeat bg-right  \">\n  <!-- <div class=\"bg-purple shape\"><\/div> -->\n  \n  <div class=\"shape-overlay flex absolute items-center left-[-40vw] lg-pro:-left-[30vw] top-[-95vh] lg-pro:top-[-31vh] 2xl:top-[-95vh] z-[20] w-[300vw] sm:w-[250vw] lg:w-[200vw] 2xl:w-[140vw] h-[220vh] 2xl:h-[300vh] pointer-events-none\">\n            <div class=\"blue-column bg-purple h-[300vh] flex-grow first:ml-0 ml-[-1px]\"><\/div>\n            <div class=\"blue-column bg-purple h-[300vh] flex-grow first:ml-0 ml-[-1px]\"><\/div>\n            <div class=\"blue-column bg-purple h-[300vh] flex-grow first:ml-0 ml-[-1px]\"><\/div>\n            <div class=\"blue-column bg-purple h-[300vh] flex-grow first:ml-0 ml-[-1px]\"><\/div>\n            <div class=\"blue-column bg-purple h-[300vh] flex-grow first:ml-0 ml-[-1px]\"><\/div>\n            <div class=\"blue-column bg-purple h-[300vh] flex-grow first:ml-0 ml-[-1px]\"><\/div>\n            <div class=\"blue-column bg-purple h-[300vh] flex-grow first:ml-0 ml-[-1px]\"><\/div>\n            <div class=\"blue-column bg-purple h-[300vh] flex-grow first:ml-0 ml-[-1px]\"><\/div>\n            <div class=\"blue-column bg-purple h-[300vh] flex-grow first:ml-0 ml-[-1px]\"><\/div>\n            <div class=\"blue-column bg-purple h-[300vh] flex-grow first:ml-0 ml-[-1px]\"><\/div>\n            <div class=\"blue-column bg-purple h-[300vh] flex-grow first:ml-0 ml-[-1px]\"><\/div>\n            <div class=\"blue-column bg-purple h-[300vh] flex-grow first:ml-0 ml-[-1px]\"><\/div>\n            <div class=\"blue-column bg-purple h-[300vh] flex-grow first:ml-0 ml-[-1px]\"><\/div>\n            <div class=\"blue-column bg-purple h-[300vh] flex-grow first:ml-0 ml-[-1px]\"><\/div>\n            <div class=\"blue-column bg-purple h-[300vh] flex-grow first:ml-0 ml-[-1px]\"><\/div>\n            <div class=\"blue-column bg-purple h-[300vh] flex-grow first:ml-0 ml-[-1px]\"><\/div>\n            <div class=\"blue-column bg-purple h-[300vh] flex-grow first:ml-0 ml-[-1px]\"><\/div>\n            <div class=\"blue-column bg-purple h-[300vh] flex-grow first:ml-0 ml-[-1px]\"><\/div>\n            <div class=\"blue-column bg-purple h-[300vh] flex-grow first:ml-0 ml-[-1px]\"><\/div>\n            <div class=\"blue-column bg-purple h-[300vh] flex-grow first:ml-0 ml-[-1px]\"><\/div>\n      <\/div>\n\n  <div class=\" flex h-full items-center mx-auto lg:container 2xl:max-w-screen-2xl w-full lg-pro:w-[calc(100%-80px)]\">\n    <h1 class=\"z-10 px-5 sm:px-10 xl:px-0 py-10 lg-pro:h-[unset] lg-pro:bg-[unset] text-35 md:text-l lg:text-70 2xl:text-xl leading-[1.11] w-screen lg-pro:w-[unset] font-medium text-white lg-pro:max-w-[825px]\">MDI de bajo impacto de carbono<\/h1>\n  <\/div>\n<\/section>\n\n\n\n<section id=\"two-col-text-block_980696686f5f66558c3304de159cd1f8\" class=\"two-col-text\" style=\"background-color: #121f4a\">\n  <div class=\"site-container grid lg:grid-cols-2 gap-5 md:gap-10 container mx-auto py-24 md:py-40\">\n    <div class=\"left-section\">\n              <h1 class=\"text-purple leading-[1.1] font-medium 2xl:mr-20 text-25 md:text-35 lg:text-50\" data-aos=\"fade-up\">Liderando la transici\u00f3n hacia MDI con bajo impacto de carbono<\/h1>\n          <\/div>\n    <div class=\"right-section text-white text-18 md:text-md xl-medium:text-26 leading-[1.25]\">\n              <div class=\"wysywig \" data-aos=\"fade-up\" data-aos-delay=\"400\">\n          <p>H&amp;T Presspart, l\u00edder del mercado en componentes para inhaladores de dosis medida (MDI), est\u00e1 liderando la transici\u00f3n de la industria hacia propelentes con menor potencial de calentamiento global (PCG). Como complemento a nuestra amplia cartera de componentes para MDI, nuestro Centro de Tecnolog\u00eda de Productos para Inhalaci\u00f3n respalda los desarrollos tanto con HFA152a como con HFO1234ze, ofreciendo una amplia gama de servicios, incluyendo el llenado por lotes seg\u00fan est\u00e1ndares GMP para ensayos cl\u00ednicos.<\/p>\n        <\/div>\n      \n          <\/div>\n  <\/div>\n<\/section>\n\n\n\n\n<section id=\"\" class=\"two-column-text-image\" style=\"background-color: \">\n  <div class=\"site-container grid lg-pro:grid-cols-2 !w-full mx-auto\">\n    <div class=\"text flex flex-col justify-center items-center mx-auto row-start-2 lg-pro:row-start-[unset] lg-pro:col-start-2  pb-20 pt-10 lg-pro:py-10\">\n      <h3 class=\"text-35 w-[calc(100vw-42px)] sm:w-4\/5 lg-pro:text-50 leading-[1.1] font-medium mb-[30px] lg-pro:mb-14\" data-aos=\"fade-up\">Selecci\u00f3n de Componentes para MDI<\/h3>\n      <div class=\"wysywig w-[calc(100vw-42px)] sm:w-4\/5 text-18 lg-pro:text-22 leading-[1.25]\" data-aos=\"fade-up\" data-aos-delay=\"300\">\n        <p>Nuestros equipos cuentan con muchos a\u00f1os de experiencia en la comercializaci\u00f3n de inhaladores altamente complejos. Comprendemos la interacci\u00f3n entre los componentes del dispositivo y las formulaciones, y podemos acelerar los programas de nuestros clientes ofreci\u00e9ndoles apoyo en la selecci\u00f3n de la lata para MDI y la geometr\u00eda del actuador m\u00e1s adecuados para satisfacer las necesidades de su producto.<\/p>\n      <\/div>\n                <\/div>\n    <div class=\"image-container col-start-1 w-full h-full lg-pro:row-start-1 \">\n      <img decoding=\"async\" class=\"w-full h-full object-cover max-h-[315px] sm:max-h-[400px] lg:max-h-[unset]\" src=\"https:\/\/presspart.com\/wp-content\/uploads\/2025\/02\/PP_MDI_Components.jpg \" alt=\"\">\n    <\/div>\n  <\/div>\n<\/section>\n\n\n\n\n<section id=\"\" class=\"two-column-text-image\" style=\"background-color: \">\n  <div class=\"site-container grid lg-pro:grid-cols-2 !w-full mx-auto\">\n    <div class=\"text flex flex-col justify-center items-center mx-auto row-start-2 lg-pro:row-start-[unset] lg-pro:col-start-2 !col-start-1 pb-20 pt-10 lg-pro:py-10\">\n      <h3 class=\"text-35 w-[calc(100vw-42px)] sm:w-4\/5 lg-pro:text-50 leading-[1.1] font-medium mb-[30px] lg-pro:mb-14\" data-aos=\"fade-up\">Tratamientos de Superficie<\/h3>\n      <div class=\"wysywig w-[calc(100vw-42px)] sm:w-4\/5 text-18 lg-pro:text-22 leading-[1.25]\" data-aos=\"fade-up\" data-aos-delay=\"300\">\n        <p>A medida que la industria transiciona hacia propelentes de bajo potencial de calentamiento global (GWP), pueden surgir desaf\u00edos relacionados con la estabilidad de las formulaciones dentro del envase de MDI. La tecnolog\u00eda de tratamiento por plasma totalmente industrializada de H&amp;T Presspart ha demostrado reducir la degradaci\u00f3n del f\u00e1rmaco y los dep\u00f3sitos, incluso en las formulaciones m\u00e1s exigentes. Nuestro tratamiento de superficie por plasma mejora la estabilidad de la formulaci\u00f3n y garantiza el rendimiento del MDI.<\/p>\n      <\/div>\n                <\/div>\n    <div class=\"image-container col-start-1 w-full h-full lg-pro:row-start-1 lg-pro:col-start-2\">\n      <img decoding=\"async\" class=\"w-full h-full object-cover max-h-[315px] sm:max-h-[400px] lg:max-h-[unset]\" src=\"https:\/\/presspart.com\/wp-content\/uploads\/2023\/03\/plasma-main.png \" alt=\"\">\n    <\/div>\n  <\/div>\n<\/section>\n\n\n\n\n<section id=\"\" class=\"two-column-text-image\" style=\"background-color: \">\n  <div class=\"site-container grid lg-pro:grid-cols-2 !w-full mx-auto\">\n    <div class=\"text flex flex-col justify-center items-center mx-auto row-start-2 lg-pro:row-start-[unset] lg-pro:col-start-2  pb-20 pt-10 lg-pro:py-10\">\n      <h3 class=\"text-35 w-[calc(100vw-42px)] sm:w-4\/5 lg-pro:text-50 leading-[1.1] font-medium mb-[30px] lg-pro:mb-14\" data-aos=\"fade-up\">Llenado de Lotes seg\u00fan Normas GMP<\/h3>\n      <div class=\"wysywig w-[calc(100vw-42px)] sm:w-4\/5 text-18 lg-pro:text-22 leading-[1.25]\" data-aos=\"fade-up\" data-aos-delay=\"300\">\n        <p>H&amp;T Presspart ofrece el llenado de lotes de MDI conforme a las normas GMP para respaldar programas de desarrollo y ensayos cl\u00ednicos utilizando los propelentes HFA-152a y HFO-1234ze. Nuestras capacidades de llenado se adaptan a todas las v\u00e1lvulas comerciales est\u00e1ndar y son compatibles tanto con formulaciones en soluci\u00f3n como en suspensi\u00f3n.<\/p>\n      <\/div>\n                <\/div>\n    <div class=\"image-container col-start-1 w-full h-full lg-pro:row-start-1 \">\n      <img decoding=\"async\" class=\"w-full h-full object-cover max-h-[315px] sm:max-h-[400px] lg:max-h-[unset]\" src=\"https:\/\/presspart.com\/wp-content\/uploads\/2023\/03\/o2uk-pic.png \" alt=\"\">\n    <\/div>\n  <\/div>\n<\/section>\n\n\n\n\n<section id=\"\" class=\"two-column-text-image\" style=\"background-color: \">\n  <div class=\"site-container grid lg-pro:grid-cols-2 !w-full mx-auto\">\n    <div class=\"text flex flex-col justify-center items-center mx-auto row-start-2 lg-pro:row-start-[unset] lg-pro:col-start-2 !col-start-1 pb-20 pt-10 lg-pro:py-10\">\n      <h3 class=\"text-35 w-[calc(100vw-42px)] sm:w-4\/5 lg-pro:text-50 leading-[1.1] font-medium mb-[30px] lg-pro:mb-14\" data-aos=\"fade-up\">Servicios Anal\u00edticos<\/h3>\n      <div class=\"wysywig w-[calc(100vw-42px)] sm:w-4\/5 text-18 lg-pro:text-22 leading-[1.25]\" data-aos=\"fade-up\" data-aos-delay=\"300\">\n        <p>H&amp;T Presspart ofrece servicios anal\u00edticos integrales y pruebas in vitro para MDI con propelentes de bajo GWP HFA-152a y HFO-1234ze. La gama completa de capacidades de ensayo incluye Uniformidad de Dosis Administrada (DDU), Distribuci\u00f3n del Tama\u00f1o Aerodin\u00e1mico de Part\u00edculas (APSD) y Patr\u00f3n de Pulverizaci\u00f3n y Plume Geometry (SPPG), apoyando tanto el desarrollo de nuevos productos como las transferencias de productos.<\/p>\n      <\/div>\n                <\/div>\n    <div class=\"image-container col-start-1 w-full h-full lg-pro:row-start-1 lg-pro:col-start-2\">\n      <img decoding=\"async\" class=\"w-full h-full object-cover max-h-[315px] sm:max-h-[400px] lg:max-h-[unset]\" src=\"https:\/\/presspart.com\/wp-content\/uploads\/2024\/12\/0000231-scaled.jpg \" alt=\"\">\n    <\/div>\n  <\/div>\n<\/section>\n\n\n\n<section id=\"contact-cta-block_08341528da7ab4405ae769f0da202365\" class=\"contact-cta py-36 md:py-0 md:h-[829px]\" style=\"background-color: #ffbb00\">\n  <div class=\"site-container text-center flex flex-col items-center justify-center max-w-[950px] text-white mx-auto h-full\">\n    <h1 class=\"font-medium leading-[1.1] text-l lg:text-70 xl:text-xl mb-10\" data-aos=\"fade-up\">Explore un Sinf\u00edn de Posibilidades<\/h1>\n    <p class=\"text-22 md:text-25 lg:text-30  w-4\/5 mb-20 md:mb-11\" data-aos=\"fade-up\" data-aos-delay=\"300\">Nos encantar\u00eda conocer su proyecto<\/p>\n    <a href=\"https:\/\/presspart.com\/es\/contacto\/\" target=\"\" class=\"btn-white-bg hover:after:bg-white leading-none text-25 hover:!text-white lg:text-30 text-center\" style=\"color: #ffbb00\">P\u00f3ngase en contacto con nosotros<\/a>\n  <\/div>\n<\/section>\n","protected":false},"excerpt":{"rendered":"","protected":false},"author":1,"featured_media":0,"parent":0,"menu_order":0,"comment_status":"closed","ping_status":"closed","template":"","meta":{"_acf_changed":false,"footnotes":""},"class_list":["post-6999","page","type-page","status-publish","hentry"],"acf":[],"yoast_head":"<!-- This site is optimized with the Yoast SEO plugin v27.0 - https:\/\/yoast.com\/product\/yoast-seo-wordpress\/ -->\n<title>Low carbon MDIs - H&amp;T Presspart<\/title>\n<meta name=\"description\" content=\"H&amp;T Presspart est\u00e1 liderando la transici\u00f3n de la industria hacia propelentes con menor potencial de calentamiento global (PCG).\" \/>\n<meta name=\"robots\" content=\"index, follow, max-snippet:-1, max-image-preview:large, max-video-preview:-1\" \/>\n<link rel=\"canonical\" href=\"https:\/\/presspart.com\/es\/mdi-de-bajo-impacto-de-carbono\/\" \/>\n<meta property=\"og:locale\" content=\"es_ES\" \/>\n<meta property=\"og:type\" content=\"article\" \/>\n<meta property=\"og:title\" content=\"Low carbon MDIs - H&amp;T Presspart\" \/>\n<meta property=\"og:description\" content=\"H&amp;T Presspart est\u00e1 liderando la transici\u00f3n de la industria hacia propelentes con menor potencial de calentamiento global (PCG).\" \/>\n<meta property=\"og:url\" content=\"https:\/\/presspart.com\/es\/mdi-de-bajo-impacto-de-carbono\/\" \/>\n<meta property=\"og:site_name\" content=\"H&amp;T Presspart\" \/>\n<meta property=\"article:modified_time\" content=\"2025-06-02T12:11:27+00:00\" \/>\n<meta name=\"twitter:card\" content=\"summary_large_image\" \/>\n<script type=\"application\/ld+json\" class=\"yoast-schema-graph\">{\"@context\":\"https:\/\/schema.org\",\"@graph\":[{\"@type\":\"WebPage\",\"@id\":\"https:\/\/presspart.com\/es\/mdi-de-bajo-impacto-de-carbono\/\",\"url\":\"https:\/\/presspart.com\/es\/mdi-de-bajo-impacto-de-carbono\/\",\"name\":\"Low carbon MDIs - H&amp;T Presspart\",\"isPartOf\":{\"@id\":\"https:\/\/presspart.com\/es\/#website\"},\"datePublished\":\"2025-05-21T12:51:53+00:00\",\"dateModified\":\"2025-06-02T12:11:27+00:00\",\"description\":\"H&T Presspart est\u00e1 liderando la transici\u00f3n de la industria hacia propelentes con menor potencial de calentamiento global (PCG).\",\"breadcrumb\":{\"@id\":\"https:\/\/presspart.com\/es\/mdi-de-bajo-impacto-de-carbono\/#breadcrumb\"},\"inLanguage\":\"es\",\"potentialAction\":[{\"@type\":\"ReadAction\",\"target\":[\"https:\/\/presspart.com\/es\/mdi-de-bajo-impacto-de-carbono\/\"]}]},{\"@type\":\"BreadcrumbList\",\"@id\":\"https:\/\/presspart.com\/es\/mdi-de-bajo-impacto-de-carbono\/#breadcrumb\",\"itemListElement\":[{\"@type\":\"ListItem\",\"position\":1,\"name\":\"Home\",\"item\":\"https:\/\/presspart.com\/es\/\"},{\"@type\":\"ListItem\",\"position\":2,\"name\":\"Low carbon MDIs\"}]},{\"@type\":\"WebSite\",\"@id\":\"https:\/\/presspart.com\/es\/#website\",\"url\":\"https:\/\/presspart.com\/es\/\",\"name\":\"H&amp;T Presspart\",\"description\":\"\",\"potentialAction\":[{\"@type\":\"SearchAction\",\"target\":{\"@type\":\"EntryPoint\",\"urlTemplate\":\"https:\/\/presspart.com\/es\/?s={search_term_string}\"},\"query-input\":{\"@type\":\"PropertyValueSpecification\",\"valueRequired\":true,\"valueName\":\"search_term_string\"}}],\"inLanguage\":\"es\"}]}<\/script>\n<!-- \/ Yoast SEO plugin. -->","yoast_head_json":{"title":"Low carbon MDIs - H&amp;T Presspart","description":"H&T Presspart est\u00e1 liderando la transici\u00f3n de la industria hacia propelentes con menor potencial de calentamiento global (PCG).","robots":{"index":"index","follow":"follow","max-snippet":"max-snippet:-1","max-image-preview":"max-image-preview:large","max-video-preview":"max-video-preview:-1"},"canonical":"https:\/\/presspart.com\/es\/mdi-de-bajo-impacto-de-carbono\/","og_locale":"es_ES","og_type":"article","og_title":"Low carbon MDIs - H&amp;T Presspart","og_description":"H&T Presspart est\u00e1 liderando la transici\u00f3n de la industria hacia propelentes con menor potencial de calentamiento global (PCG).","og_url":"https:\/\/presspart.com\/es\/mdi-de-bajo-impacto-de-carbono\/","og_site_name":"H&amp;T Presspart","article_modified_time":"2025-06-02T12:11:27+00:00","twitter_card":"summary_large_image","schema":{"@context":"https:\/\/schema.org","@graph":[{"@type":"WebPage","@id":"https:\/\/presspart.com\/es\/mdi-de-bajo-impacto-de-carbono\/","url":"https:\/\/presspart.com\/es\/mdi-de-bajo-impacto-de-carbono\/","name":"Low carbon MDIs - H&amp;T Presspart","isPartOf":{"@id":"https:\/\/presspart.com\/es\/#website"},"datePublished":"2025-05-21T12:51:53+00:00","dateModified":"2025-06-02T12:11:27+00:00","description":"H&T Presspart est\u00e1 liderando la transici\u00f3n de la industria hacia propelentes con menor potencial de calentamiento global (PCG).","breadcrumb":{"@id":"https:\/\/presspart.com\/es\/mdi-de-bajo-impacto-de-carbono\/#breadcrumb"},"inLanguage":"es","potentialAction":[{"@type":"ReadAction","target":["https:\/\/presspart.com\/es\/mdi-de-bajo-impacto-de-carbono\/"]}]},{"@type":"BreadcrumbList","@id":"https:\/\/presspart.com\/es\/mdi-de-bajo-impacto-de-carbono\/#breadcrumb","itemListElement":[{"@type":"ListItem","position":1,"name":"Home","item":"https:\/\/presspart.com\/es\/"},{"@type":"ListItem","position":2,"name":"Low carbon MDIs"}]},{"@type":"WebSite","@id":"https:\/\/presspart.com\/es\/#website","url":"https:\/\/presspart.com\/es\/","name":"H&amp;T Presspart","description":"","potentialAction":[{"@type":"SearchAction","target":{"@type":"EntryPoint","urlTemplate":"https:\/\/presspart.com\/es\/?s={search_term_string}"},"query-input":{"@type":"PropertyValueSpecification","valueRequired":true,"valueName":"search_term_string"}}],"inLanguage":"es"}]}},"_links":{"self":[{"href":"https:\/\/presspart.com\/es\/wp-json\/wp\/v2\/pages\/6999","targetHints":{"allow":["GET"]}}],"collection":[{"href":"https:\/\/presspart.com\/es\/wp-json\/wp\/v2\/pages"}],"about":[{"href":"https:\/\/presspart.com\/es\/wp-json\/wp\/v2\/types\/page"}],"author":[{"embeddable":true,"href":"https:\/\/presspart.com\/es\/wp-json\/wp\/v2\/users\/1"}],"replies":[{"embeddable":true,"href":"https:\/\/presspart.com\/es\/wp-json\/wp\/v2\/comments?post=6999"}],"version-history":[{"count":5,"href":"https:\/\/presspart.com\/es\/wp-json\/wp\/v2\/pages\/6999\/revisions"}],"predecessor-version":[{"id":7031,"href":"https:\/\/presspart.com\/es\/wp-json\/wp\/v2\/pages\/6999\/revisions\/7031"}],"wp:attachment":[{"href":"https:\/\/presspart.com\/es\/wp-json\/wp\/v2\/media?parent=6999"}],"curies":[{"name":"wp","href":"https:\/\/api.w.org\/{rel}","templated":true}]}}